{"id":8,"date":"2024-01-06T21:10:02","date_gmt":"2024-01-06T21:10:02","guid":{"rendered":"https:\/\/jetxcrashgame.com\/?page_id=8"},"modified":"2024-03-02T13:55:40","modified_gmt":"2024-03-02T13:55:40","slug":"how-to-win-jetx3","status":"publish","type":"page","link":"https:\/\/jetxcrashgame.com\/pt\/how-to-win-jetx3\/","title":{"rendered":"Como ganhar no jogo de crash JetX3?"},"content":{"rendered":"<p>No jogo JetX3, existem estat\u00edsticas dos \u00faltimos rounds. Informa\u00e7\u00f5es sobre apostas, multiplicadores e ganhos tanto para o jogador quanto para outros participantes no jogo s\u00e3o exibidas nas tabelas de informa\u00e7\u00f5es. Esses dados podem ser usados para escolher a estrat\u00e9gia de apostas ideal, que ajudar\u00e1 a garantir a vit\u00f3ria na slot e reivindicar pr\u00eamios em dinheiro real no cassino online.<\/p>\n<h2>Como vencer no JetX3:<\/h2>\n<p>Infelizmente, voc\u00ea n\u00e3o encontrar\u00e1 uma resposta universal que garanta 100% de sucesso a cada round. No entanto, h\u00e1 algumas dicas simples que podem aumentar suas chances de ganhar:<\/p>\n<ul>\n<li>Teste a slot na vers\u00e3o de demonstra\u00e7\u00e3o antes de jogar com dinheiro real, pois isso lhe dar\u00e1 uma melhor compreens\u00e3o da mec\u00e2nica e regras do jogo.<\/li>\n<li>Experimente apostar diferentes quantias em diferentes naves espaciais, pois isso aumenta a variabilidade da tarefa, e voc\u00ea entender\u00e1 melhor como acompanhar simultaneamente 3 espa\u00e7onaves.<\/li>\n<li>Escolha o tamanho de aposta e tempo de jogo ideais, pois voc\u00ea entender\u00e1 sua prontid\u00e3o para o risco, j\u00e1 que uma espera prolongada para o lan\u00e7amento indica disposi\u00e7\u00e3o para esperar um alto coeficiente.<\/li>\n<li>Aloque uma banca espec\u00edfica para a sess\u00e3o de jogo e, se perder, \u00e9 importante parar e sair do jogo.<\/li>\n<li>Use estrat\u00e9gias de apostas comprovadas no JetX3. Se funcionou antes, provavelmente continuar\u00e1 funcionando. Como dizem, n\u00e3o conserte o que n\u00e3o est\u00e1 quebrado.<\/li>\n<li>Estabele\u00e7a um limite para a quantidade de perda (stop-loss), como mencionado anteriormente.<\/li>\n<li>Use as fun\u00e7\u00f5es de aposta autom\u00e1tica e saque autom\u00e1tico, pois isso aumenta significativamente as oportunidades de gerenciar o jogo corretamente.<\/li>\n<li>N\u00e3o tente compensar as perdas em caso de derrota. Ningu\u00e9m garante que voc\u00ea ter\u00e1 sucesso, e em caso de fracasso, voc\u00ea acabar\u00e1 com uma d\u00edvida ainda maior.<\/li>\n<li>Retire seus ganhos da conta do cassino para evitar gastar o pr\u00eamio.<\/li>\n<\/ul>\n<p>Jogadores experientes que buscam maximizar suas chances de ganhar no jogo de crash JetX3 geralmente recorrem a abordagens estrat\u00e9gicas testadas e verdadeiras. Entre as estrat\u00e9gias mais populares e eficazes est\u00e1 a t\u00e1tica de Martingale. A ess\u00eancia dessa t\u00e1tica \u00e9 dobrar a aposta ap\u00f3s cada derrota, teoricamente permitindo recuperar todas as perdas anteriores com a pr\u00f3xima vit\u00f3ria. No entanto, \u00e9 importante considerar que essa estrat\u00e9gia requer uma banca significativa e pode ser arriscada durante sequ\u00eancias prolongadas de derrotas.<\/p>\n<p>Outra abordagem popular envolve jogar com coeficientes baixos, m\u00e9dios ou altos no JetX3. Por exemplo, alguns jogadores preferem apostar em coeficientes baixos, como 1.2-1.5, para obter ganhos mais frequentes, mas menores. Ao mesmo tempo, outros podem optar por correr riscos com coeficientes mais altos, como 5-10, contando com ganhos significativos. Isso requer uma an\u00e1lise cuidadosa e avalia\u00e7\u00e3o de riscos, j\u00e1 que coeficientes altos correspondem a uma menor probabilidade de sucesso.<\/p>\n<p>O uso do saque autom\u00e1tico (auto-cashout) \u00e9 outro elemento importante da estrat\u00e9gia no JetX3. Ao definir valores espec\u00edficos de multiplicadores para o saque autom\u00e1tico, os jogadores podem encerrar automaticamente o round quando esses coeficientes s\u00e3o alcan\u00e7ados. Isso ajuda a evitar uma situa\u00e7\u00e3o em que um jogador, envolvido na empolga\u00e7\u00e3o, n\u00e3o consegue sacar dinheiro a tempo, levando a perdas financeiras. Essa abordagem garante um jogo mais disciplinado e ajuda no gerenciamento da banca.<\/p>\n<p>\u00c9 fundamental lembrar que o resultado de cada round no JetX3 \u00e9 determinado por um gerador de n\u00fameros aleat\u00f3rios, tornando imposs\u00edvel prever com precis\u00e3o o momento em que as espa\u00e7onaves v\u00e3o explodir. Por isso, as decis\u00f5es do jogador sobre quando parar de jogar s\u00e3o cruciais. Embora n\u00e3o existam m\u00e9todos garantidos para garantir uma vit\u00f3ria em cada round, o uso correto de estrat\u00e9gias de apostas e gerenciamento de riscos pode melhorar as chances gerais de sucesso. Em \u00faltima an\u00e1lise, o sucesso no JetX3 depende da capacidade do jogador de avaliar corretamente a situa\u00e7\u00e3o e tomar decis\u00f5es oportunas, com base nas observa\u00e7\u00f5es do comportamento das espa\u00e7onaves, nos coeficientes e em sua pr\u00f3pria intui\u00e7\u00e3o. Isso torna o jogo n\u00e3o apenas emocionante, mas tamb\u00e9m exige que o jogador seja atento e cauteloso, especialmente quando as espa\u00e7onaves podem explodir na tela a qualquer momento, e \u00e9 preciso sacar antes de um poss\u00edvel crash.<\/p>\n","protected":false},"excerpt":{"rendered":"<p>No jogo JetX3, existem estat\u00edsticas dos \u00faltimos rounds. Informa\u00e7\u00f5es sobre apostas, multiplicadores e ganhos tanto para o jogador quanto para outros participantes no jogo s\u00e3o exibidas nas tabelas de informa\u00e7\u00f5es. Esses dados podem ser usados para escolher a estrat\u00e9gia de apostas ideal, que ajudar\u00e1 a garantir a vit\u00f3ria na slot e reivindicar pr\u00eamios em dinheiro&#8230;<\/p>\n","protected":false},"author":1,"featured_media":0,"parent":0,"menu_order":0,"comment_status":"closed","ping_status":"closed","template":"","meta":{"footnotes":""},"class_list":["post-8","page","type-page","status-publish","hentry"],"yoast_head":"<!-- This site is optimized with the Yoast SEO plugin v27.2 - https:\/\/yoast.com\/product\/yoast-seo-wordpress\/ -->\n<title>\u041a\u0430\u043a \u0438\u0433\u0440\u0430\u0442\u044c \u0438 \u0432\u044b\u0438\u0433\u0440\u044b\u0432\u0430\u0442\u044c \u0432 \u043e\u043d\u043b\u0430\u0439\u043d \u0438\u0433\u0440\u0443 JetX3<\/title>\n<meta name=\"description\" content=\"As melhores estrat\u00e9gias e t\u00e1ticas para jogar JetX3. Vamos discutir como jogar e ganhar dinheiro real no jogo de crash JetX3.\" \/>\n<meta name=\"robots\" content=\"index, follow, max-snippet:-1, max-image-preview:large, max-video-preview:-1\" \/>\n<link rel=\"canonical\" href=\"https:\/\/jetxcrashgame.com\/pt\/how-to-win-jetx3\/\" \/>\n<meta property=\"og:locale\" content=\"pt_PT\" \/>\n<meta property=\"og:locale:alternate\" content=\"ru_RU\" \/>\n<meta property=\"og:locale:alternate\" content=\"en_US\" \/>\n<meta property=\"og:locale:alternate\" content=\"es_ES\" \/>\n<meta property=\"og:locale:alternate\" content=\"sr_RS\" \/>\n<meta property=\"og:locale:alternate\" content=\"bg_BG\" \/>\n<meta property=\"og:locale:alternate\" content=\"pl_PL\" \/>\n<meta property=\"og:locale:alternate\" content=\"it_IT\" \/>\n<meta property=\"og:locale:alternate\" content=\"fr_FR\" \/>\n<meta property=\"og:type\" content=\"article\" \/>\n<meta property=\"og:title\" content=\"\u041a\u0430\u043a \u0438\u0433\u0440\u0430\u0442\u044c \u0438 \u0432\u044b\u0438\u0433\u0440\u044b\u0432\u0430\u0442\u044c \u0432 \u043e\u043d\u043b\u0430\u0439\u043d \u0438\u0433\u0440\u0443 JetX3\" \/>\n<meta property=\"og:description\" content=\"\u041b\u0443\u0447\u0448\u0438\u0435 \u0441\u0442\u0440\u0430\u0442\u0435\u0433\u0438\u0438 \u0438 \u0442\u0430\u043a\u0442\u0438\u043a\u0438 \u0438\u0433\u0440\u044b JetX3. \u041f\u043e\u0433\u043e\u0432\u043e\u0440\u0438\u043c \u043a\u0430\u043a \u0438\u0433\u0440\u0430\u0442\u044c \u0438 \u0432\u044b\u0438\u0433\u0440\u044b\u0432\u0430\u0442\u044c \u0440\u0435\u0430\u043b\u044c\u043d\u044b\u0435 \u0434\u0435\u043d\u044c\u0433\u0438 \u0432 \u043a\u0440\u0430\u0448 \u0438\u0433\u0440\u0435 JetX3\" \/>\n<meta property=\"og:url\" content=\"https:\/\/jetxcrashgame.com\/pt\/how-to-win-jetx3\/\" \/>\n<meta property=\"og:site_name\" content=\"JetX\" \/>\n<meta property=\"article:modified_time\" content=\"2024-03-02T13:55:40+00:00\" \/>\n<meta name=\"twitter:card\" content=\"summary_large_image\" \/>\n<meta name=\"twitter:label1\" content=\"Tempo estimado de leitura\" \/>\n\t<meta name=\"twitter:data1\" content=\"22 minutos\" \/>\n<script type=\"application\/ld+json\" class=\"yoast-schema-graph\">{\"@context\":\"https:\/\/schema.org\",\"@graph\":[{\"@type\":\"WebPage\",\"@id\":\"https:\/\/jetxcrashgame.com\/how-to-win-jetx3\/\",\"url\":\"https:\/\/jetxcrashgame.com\/how-to-win-jetx3\/\",\"name\":\"\u041a\u0430\u043a \u0438\u0433\u0440\u0430\u0442\u044c \u0438 \u0432\u044b\u0438\u0433\u0440\u044b\u0432\u0430\u0442\u044c \u0432 \u043e\u043d\u043b\u0430\u0439\u043d \u0438\u0433\u0440\u0443 JetX3\",\"isPartOf\":{\"@id\":\"https:\/\/jetxcrashgame.com\/#website\"},\"datePublished\":\"2024-01-06T21:10:02+00:00\",\"dateModified\":\"2024-03-02T13:55:40+00:00\",\"description\":\"\u041b\u0443\u0447\u0448\u0438\u0435 \u0441\u0442\u0440\u0430\u0442\u0435\u0433\u0438\u0438 \u0438 \u0442\u0430\u043a\u0442\u0438\u043a\u0438 \u0438\u0433\u0440\u044b JetX3. \u041f\u043e\u0433\u043e\u0432\u043e\u0440\u0438\u043c \u043a\u0430\u043a \u0438\u0433\u0440\u0430\u0442\u044c \u0438 \u0432\u044b\u0438\u0433\u0440\u044b\u0432\u0430\u0442\u044c \u0440\u0435\u0430\u043b\u044c\u043d\u044b\u0435 \u0434\u0435\u043d\u044c\u0433\u0438 \u0432 \u043a\u0440\u0430\u0448 \u0438\u0433\u0440\u0435 JetX3\",\"breadcrumb\":{\"@id\":\"https:\/\/jetxcrashgame.com\/how-to-win-jetx3\/#breadcrumb\"},\"inLanguage\":\"pt-PT\",\"potentialAction\":[{\"@type\":\"ReadAction\",\"target\":[\"https:\/\/jetxcrashgame.com\/how-to-win-jetx3\/\"]}]},{\"@type\":\"BreadcrumbList\",\"@id\":\"https:\/\/jetxcrashgame.com\/how-to-win-jetx3\/#breadcrumb\",\"itemListElement\":[{\"@type\":\"ListItem\",\"position\":1,\"name\":\"Home\",\"item\":\"https:\/\/jetxcrashgame.com\/\"},{\"@type\":\"ListItem\",\"position\":2,\"name\":\"\u041a\u0430\u043a \u0432\u044b\u0438\u0433\u0440\u044b\u0432\u0430\u0442\u044c \u0432 \u043a\u0440\u0430\u0448-\u0438\u0433\u0440\u0443 JetX3\"}]},{\"@type\":\"WebSite\",\"@id\":\"https:\/\/jetxcrashgame.com\/#website\",\"url\":\"https:\/\/jetxcrashgame.com\/\",\"name\":\"JetX\",\"description\":\"Just another WordPress site\",\"publisher\":{\"@id\":\"https:\/\/jetxcrashgame.com\/#organization\"},\"potentialAction\":[{\"@type\":\"SearchAction\",\"target\":{\"@type\":\"EntryPoint\",\"urlTemplate\":\"https:\/\/jetxcrashgame.com\/?s={search_term_string}\"},\"query-input\":{\"@type\":\"PropertyValueSpecification\",\"valueRequired\":true,\"valueName\":\"search_term_string\"}}],\"inLanguage\":\"pt-PT\"},{\"@type\":\"Organization\",\"@id\":\"https:\/\/jetxcrashgame.com\/#organization\",\"name\":\"JetX\",\"url\":\"https:\/\/jetxcrashgame.com\/\",\"logo\":{\"@type\":\"ImageObject\",\"inLanguage\":\"pt-PT\",\"@id\":\"https:\/\/jetxcrashgame.com\/#\/schema\/logo\/image\/\",\"url\":\"https:\/\/jetxcrashgame.com\/wp-content\/uploads\/JetX.png\",\"contentUrl\":\"https:\/\/jetxcrashgame.com\/wp-content\/uploads\/JetX.png\",\"width\":498,\"height\":191,\"caption\":\"JetX\"},\"image\":{\"@id\":\"https:\/\/jetxcrashgame.com\/#\/schema\/logo\/image\/\"}}]}<\/script>\n<!-- \/ Yoast SEO plugin. -->","yoast_head_json":{"title":"\u041a\u0430\u043a \u0438\u0433\u0440\u0430\u0442\u044c \u0438 \u0432\u044b\u0438\u0433\u0440\u044b\u0432\u0430\u0442\u044c \u0432 \u043e\u043d\u043b\u0430\u0439\u043d \u0438\u0433\u0440\u0443 JetX3","description":"As melhores estrat\u00e9gias e t\u00e1ticas para jogar JetX3. Vamos discutir como jogar e ganhar dinheiro real no jogo de crash JetX3.","robots":{"index":"index","follow":"follow","max-snippet":"max-snippet:-1","max-image-preview":"max-image-preview:large","max-video-preview":"max-video-preview:-1"},"canonical":"https:\/\/jetxcrashgame.com\/pt\/how-to-win-jetx3\/","og_locale":"pt_PT","og_type":"article","og_title":"\u041a\u0430\u043a \u0438\u0433\u0440\u0430\u0442\u044c \u0438 \u0432\u044b\u0438\u0433\u0440\u044b\u0432\u0430\u0442\u044c \u0432 \u043e\u043d\u043b\u0430\u0439\u043d \u0438\u0433\u0440\u0443 JetX3","og_description":"\u041b\u0443\u0447\u0448\u0438\u0435 \u0441\u0442\u0440\u0430\u0442\u0435\u0433\u0438\u0438 \u0438 \u0442\u0430\u043a\u0442\u0438\u043a\u0438 \u0438\u0433\u0440\u044b JetX3. \u041f\u043e\u0433\u043e\u0432\u043e\u0440\u0438\u043c \u043a\u0430\u043a \u0438\u0433\u0440\u0430\u0442\u044c \u0438 \u0432\u044b\u0438\u0433\u0440\u044b\u0432\u0430\u0442\u044c \u0440\u0435\u0430\u043b\u044c\u043d\u044b\u0435 \u0434\u0435\u043d\u044c\u0433\u0438 \u0432 \u043a\u0440\u0430\u0448 \u0438\u0433\u0440\u0435 JetX3","og_url":"https:\/\/jetxcrashgame.com\/pt\/how-to-win-jetx3\/","og_site_name":"JetX","article_modified_time":"2024-03-02T13:55:40+00:00","twitter_card":"summary_large_image","twitter_misc":{"Tempo estimado de leitura":"22 minutos"},"schema":{"@context":"https:\/\/schema.org","@graph":[{"@type":"WebPage","@id":"https:\/\/jetxcrashgame.com\/how-to-win-jetx3\/","url":"https:\/\/jetxcrashgame.com\/how-to-win-jetx3\/","name":"\u041a\u0430\u043a \u0438\u0433\u0440\u0430\u0442\u044c \u0438 \u0432\u044b\u0438\u0433\u0440\u044b\u0432\u0430\u0442\u044c \u0432 \u043e\u043d\u043b\u0430\u0439\u043d \u0438\u0433\u0440\u0443 JetX3","isPartOf":{"@id":"https:\/\/jetxcrashgame.com\/#website"},"datePublished":"2024-01-06T21:10:02+00:00","dateModified":"2024-03-02T13:55:40+00:00","description":"\u041b\u0443\u0447\u0448\u0438\u0435 \u0441\u0442\u0440\u0430\u0442\u0435\u0433\u0438\u0438 \u0438 \u0442\u0430\u043a\u0442\u0438\u043a\u0438 \u0438\u0433\u0440\u044b JetX3. \u041f\u043e\u0433\u043e\u0432\u043e\u0440\u0438\u043c \u043a\u0430\u043a \u0438\u0433\u0440\u0430\u0442\u044c \u0438 \u0432\u044b\u0438\u0433\u0440\u044b\u0432\u0430\u0442\u044c \u0440\u0435\u0430\u043b\u044c\u043d\u044b\u0435 \u0434\u0435\u043d\u044c\u0433\u0438 \u0432 \u043a\u0440\u0430\u0448 \u0438\u0433\u0440\u0435 JetX3","breadcrumb":{"@id":"https:\/\/jetxcrashgame.com\/how-to-win-jetx3\/#breadcrumb"},"inLanguage":"pt-PT","potentialAction":[{"@type":"ReadAction","target":["https:\/\/jetxcrashgame.com\/how-to-win-jetx3\/"]}]},{"@type":"BreadcrumbList","@id":"https:\/\/jetxcrashgame.com\/how-to-win-jetx3\/#breadcrumb","itemListElement":[{"@type":"ListItem","position":1,"name":"Home","item":"https:\/\/jetxcrashgame.com\/"},{"@type":"ListItem","position":2,"name":"\u041a\u0430\u043a \u0432\u044b\u0438\u0433\u0440\u044b\u0432\u0430\u0442\u044c \u0432 \u043a\u0440\u0430\u0448-\u0438\u0433\u0440\u0443 JetX3"}]},{"@type":"WebSite","@id":"https:\/\/jetxcrashgame.com\/#website","url":"https:\/\/jetxcrashgame.com\/","name":"JetX","description":"Just another WordPress site","publisher":{"@id":"https:\/\/jetxcrashgame.com\/#organization"},"potentialAction":[{"@type":"SearchAction","target":{"@type":"EntryPoint","urlTemplate":"https:\/\/jetxcrashgame.com\/?s={search_term_string}"},"query-input":{"@type":"PropertyValueSpecification","valueRequired":true,"valueName":"search_term_string"}}],"inLanguage":"pt-PT"},{"@type":"Organization","@id":"https:\/\/jetxcrashgame.com\/#organization","name":"JetX","url":"https:\/\/jetxcrashgame.com\/","logo":{"@type":"ImageObject","inLanguage":"pt-PT","@id":"https:\/\/jetxcrashgame.com\/#\/schema\/logo\/image\/","url":"https:\/\/jetxcrashgame.com\/wp-content\/uploads\/JetX.png","contentUrl":"https:\/\/jetxcrashgame.com\/wp-content\/uploads\/JetX.png","width":498,"height":191,"caption":"JetX"},"image":{"@id":"https:\/\/jetxcrashgame.com\/#\/schema\/logo\/image\/"}}]}},"_links":{"self":[{"href":"https:\/\/jetxcrashgame.com\/pt\/wp-json\/wp\/v2\/pages\/8","targetHints":{"allow":["GET"]}}],"collection":[{"href":"https:\/\/jetxcrashgame.com\/pt\/wp-json\/wp\/v2\/pages"}],"about":[{"href":"https:\/\/jetxcrashgame.com\/pt\/wp-json\/wp\/v2\/types\/page"}],"author":[{"embeddable":true,"href":"https:\/\/jetxcrashgame.com\/pt\/wp-json\/wp\/v2\/users\/1"}],"replies":[{"embeddable":true,"href":"https:\/\/jetxcrashgame.com\/pt\/wp-json\/wp\/v2\/comments?post=8"}],"version-history":[{"count":18,"href":"https:\/\/jetxcrashgame.com\/pt\/wp-json\/wp\/v2\/pages\/8\/revisions"}],"predecessor-version":[{"id":110,"href":"https:\/\/jetxcrashgame.com\/pt\/wp-json\/wp\/v2\/pages\/8\/revisions\/110"}],"wp:attachment":[{"href":"https:\/\/jetxcrashgame.com\/pt\/wp-json\/wp\/v2\/media?parent=8"}],"curies":[{"name":"wp","href":"https:\/\/api.w.org\/{rel}","templated":true}]}}