{"id":6,"date":"2024-01-06T21:08:32","date_gmt":"2024-01-06T21:08:32","guid":{"rendered":"https:\/\/jetxcrashgame.com\/?page_id=6"},"modified":"2024-03-02T13:56:50","modified_gmt":"2024-03-02T13:56:50","slug":"jetx3","status":"publish","type":"page","link":"https:\/\/jetxcrashgame.com\/pt\/","title":{"rendered":"Como jogar o simulador de crash JetX3 em um cassino online?"},"content":{"rendered":"<p>O novo jogo de crash JetX3 tornou-se uma continua\u00e7\u00e3o espetacular do popular jogo de crash Aviator da Smartsoft Gaming. Este jogo online n\u00e3o convencional foi lan\u00e7ado em 2021 e rapidamente ganhou popularidade entre o p\u00fablico de jogadores. \u00c9 como uma slot, mas sem cilindros girat\u00f3rios e linhas de pagamento, sem s\u00edmbolos e b\u00f4nus, e alcan\u00e7ou um imenso sucesso devido \u00e0 sua implementa\u00e7\u00e3o n\u00e3o tradicional da jogabilidade e \u00e0 mec\u00e2nica explosiva \u00fanica. Os pagamentos no jogo JetX3 s\u00e3o garantidos pelo uso de um gerador de n\u00fameros aleat\u00f3rios e tecnologia criptogr\u00e1fica para garantir a equidade.<\/p>\n<h2>Como jogar o jogo online JetX3:<\/h2>\n<p>Ao iniciar o jogo, o jogador \u00e9 recebido com uma tela lindamente projetada que se assemelha ao c\u00e9u com mir\u00edades de estrelas. Tr\u00eas naves voadoras est\u00e3o se preparando para lan\u00e7ar ao espa\u00e7o. O jogador precisa enviar as tr\u00eas naves ao voo. \u00c0 medida que a altura \u00e9 ganha na tela, multiplicadores de aposta crescentes aparecem. \u00c9 necess\u00e1rio escolher o momento ideal para encerrar a rodada e sacar o pr\u00eamio em dinheiro. O jogo requer que o jogador use sua pr\u00f3pria observa\u00e7\u00e3o e intui\u00e7\u00e3o, o que sem d\u00favida ajudar\u00e1 a vencer no JetX3.<\/p>\n<h3>Recursos da jogabilidade no JetX3:<\/h3>\n<ul>\n<li>O jogador escolhe um cassino com o jogo JetX3 no cat\u00e1logo de jogos.<\/li>\n<li>O jogador se registra e deposita fundos.<\/li>\n<li>Encontra o jogo JetX3 no cat\u00e1logo.<\/li>\n<li>Aguarda a conclus\u00e3o da rodada de jogo atual.<\/li>\n<li>Faz apostas no voo de uma, duas ou tr\u00eas naves.<\/li>\n<li>Acompanha de perto o crescimento dos multiplicadores.<\/li>\n<li>Escolhe o momento e clica no bot\u00e3o de saque.<\/li>\n<\/ul>\n<p>Os jogadores podem controlar as espa\u00e7onaves no modo manual ou autom\u00e1tico. O jogo oferece op\u00e7\u00f5es para configurar apostas autom\u00e1ticas com quantias espec\u00edficas e saques autom\u00e1ticos com valores de multiplicadores definidos. O coeficiente m\u00e1ximo no simulador de crash JetX3 \u00e9 x1000 das apostas. Os jogadores podem fazer apostas variando de $0,10 a $300 em qualquer n\u00famero das tr\u00eas naves simultaneamente. A capacidade de fazer tr\u00eas apostas de uma vez \u00e9 uma das vantagens importantes da m\u00e1quina ca\u00e7a-n\u00edqueis.<\/p>\n<h2>Regras do jogo JetX3:<\/h2>\n<p>Antes de come\u00e7ar o jogo, \u00e9 essencial entender as regras. O conhecimento das regras ajudar\u00e1 a definir o objetivo correto e aumentar as chances de ganhar.<\/p>\n<ul>\n<li><strong>Objetivo do jogo JetX3:<\/strong> Os jogadores fazem apostas no voo de uma, duas ou tr\u00eas espa\u00e7onaves. O objetivo \u00e9 sacar a aposta antes que a espa\u00e7onave exploda, levando em considera\u00e7\u00e3o o aumento do multiplicador a cada segundo e a amea\u00e7a de seu colapso.<\/li>\n<li><strong>In\u00edcio da rodada:<\/strong> Cada rodada come\u00e7a com o lan\u00e7amento das espa\u00e7onaves. Os jogadores fazem apostas antes ou no in\u00edcio do voo.<\/li>\n<li><strong>Crescimento do multiplicador:<\/strong> \u00c0 medida que as espa\u00e7onaves ganham altura, os multiplicadores de aposta aumentam. Esses coeficientes refletem os ganhos potenciais. Em outras palavras, um coeficiente de x2 significa que sua aposta dobrar\u00e1 em caso de vit\u00f3ria.<\/li>\n<li><strong>Tempo de saque:<\/strong> Os jogadores devem decidir quando retirar seus ganhos, pressionando o bot\u00e3o de saque. Se o jogador fizer isso antes que a espa\u00e7onave exploda, a aposta \u00e9 multiplicada pelo coeficiente atual. Se voc\u00ea estiver atrasado e a espa\u00e7onave explodir, significa que voc\u00ea perdeu, e sua aposta \u00e9 perdida.<\/li>\n<li><strong>Explos\u00e3o da espa\u00e7onave:<\/strong> A qualquer momento, a espa\u00e7onave pode explodir. Se isso acontecer antes do saque da aposta, o jogador perde a aposta.<\/li>\n<li><strong>Op\u00e7\u00f5es de apostas:<\/strong> Os jogadores podem fazer apostas em uma, duas ou todas as tr\u00eas espa\u00e7onaves simultaneamente. O tamanho da aposta e a escolha da espa\u00e7onave s\u00e3o determinados pelo jogador.<\/li>\n<li><strong>Modo autom\u00e1tico:<\/strong> O jogo oferece a op\u00e7\u00e3o de modo autom\u00e1tico, onde os jogadores podem pr\u00e9-configurar par\u00e2metros para apostas autom\u00e1ticas e saques autom\u00e1ticos quando um determinado coeficiente \u00e9 alcan\u00e7ado.<\/li>\n<li><strong>Coeficiente m\u00e1ximo e apostas:<\/strong> O coeficiente m\u00e1ximo no jogo pode atingir x1000 do valor da aposta. A faixa de apostas \u00e9 determinada pelas regras do cassino espec\u00edfico.<\/li>\n<\/ul>\n<p>Essas regras garantem a simplicidade e clareza da jogabilidade, tornando o JetX3 atrativo para uma ampla variedade de jogadores.<\/p>\n","protected":false},"excerpt":{"rendered":"<p>O novo jogo de crash JetX3 tornou-se uma continua\u00e7\u00e3o espetacular do popular jogo de crash Aviator da Smartsoft Gaming. Este jogo online n\u00e3o convencional foi lan\u00e7ado em 2021 e rapidamente ganhou popularidade entre o p\u00fablico de jogadores. \u00c9 como uma slot, mas sem cilindros girat\u00f3rios e linhas de pagamento, sem s\u00edmbolos e b\u00f4nus, e alcan\u00e7ou&#8230;<\/p>\n","protected":false},"author":1,"featured_media":0,"parent":0,"menu_order":0,"comment_status":"closed","ping_status":"closed","template":"","meta":{"footnotes":""},"class_list":["post-6","page","type-page","status-publish","hentry"],"yoast_head":"<!-- This site is optimized with the Yoast SEO plugin v27.2 - https:\/\/yoast.com\/product\/yoast-seo-wordpress\/ -->\n<title>\u0418\u0433\u0440\u0430\u0442\u044c \u0432 JetX3 \u0432 \u043e\u043d\u043b\u0430\u0439\u043d \u043a\u0430\u0437\u0438\u043d\u043e<\/title>\n<meta name=\"description\" content=\"Jogue o jogo online JetX3 por dinheiro real em um cassino online. Jogo de colis\u00e3o JetX3, jogue online, fa\u00e7a o download para iPhone e Android, ganhe dinheiro real, avalia\u00e7\u00f5es dos jogadores.\" \/>\n<meta name=\"robots\" content=\"index, follow, max-snippet:-1, max-image-preview:large, max-video-preview:-1\" \/>\n<link rel=\"canonical\" href=\"https:\/\/jetxcrashgame.com\/pt\/\" \/>\n<meta property=\"og:locale\" content=\"pt_PT\" \/>\n<meta property=\"og:locale:alternate\" content=\"ru_RU\" \/>\n<meta property=\"og:locale:alternate\" content=\"en_US\" \/>\n<meta property=\"og:locale:alternate\" content=\"es_ES\" \/>\n<meta property=\"og:locale:alternate\" content=\"sr_RS\" \/>\n<meta property=\"og:locale:alternate\" content=\"bg_BG\" \/>\n<meta property=\"og:locale:alternate\" content=\"pl_PL\" \/>\n<meta property=\"og:locale:alternate\" content=\"it_IT\" \/>\n<meta property=\"og:locale:alternate\" content=\"fr_FR\" \/>\n<meta property=\"og:type\" content=\"article\" \/>\n<meta property=\"og:title\" content=\"\u0418\u0433\u0440\u0430\u0442\u044c \u0432 JetX3 \u0432 \u043e\u043d\u043b\u0430\u0439\u043d \u043a\u0430\u0437\u0438\u043d\u043e\" \/>\n<meta property=\"og:description\" content=\"\u0418\u0433\u0440\u0430\u0442\u044c \u0432 \u043e\u043d\u043b\u0430\u0439\u043d \u0438\u0433\u0440\u0443 JetX3 \u043d\u0430 \u0440\u0435\u0430\u043b\u044c\u043d\u044b\u0435 \u0434\u0435\u043d\u044c\u0433\u0438 \u0432 \u043e\u043d\u043b\u0430\u0439\u043d \u043a\u0430\u0437\u0438\u043d\u043e. \u041a\u0440\u0430\u0448 \u0438\u0433\u0440\u0430 JetX3, \u0438\u0433\u0440\u0430\u0442\u044c \u043e\u043d\u043b\u0430\u0439\u043d, \u0441\u043a\u0430\u0447\u0430\u0442\u044c \u0430\u0439\u0444\u043e\u043d \u0438 \u0410\u043d\u0434\u0440\u043e\u0438\u0434, \u0432\u044b\u0438\u0433\u0440\u0430\u0442\u044c \u0440\u0435\u0430\u043b\u044c\u043d\u044b\u0435 \u0434\u0435\u043d\u044c\u0433\u0438, \u043e\u0442\u0437\u044b\u0432\u044b \u0438\u0433\u0440\u043e\u043a\u043e\u0432\" \/>\n<meta property=\"og:url\" content=\"https:\/\/jetxcrashgame.com\/pt\/\" \/>\n<meta property=\"og:site_name\" content=\"JetX\" \/>\n<meta property=\"article:modified_time\" content=\"2024-03-02T13:56:50+00:00\" \/>\n<meta name=\"twitter:card\" content=\"summary_large_image\" \/>\n<meta name=\"twitter:label1\" content=\"Tempo estimado de leitura\" \/>\n\t<meta name=\"twitter:data1\" content=\"21 minutos\" \/>\n<script type=\"application\/ld+json\" class=\"yoast-schema-graph\">{\"@context\":\"https:\/\/schema.org\",\"@graph\":[{\"@type\":\"WebPage\",\"@id\":\"https:\/\/jetxcrashgame.com\/\",\"url\":\"https:\/\/jetxcrashgame.com\/\",\"name\":\"\u0418\u0433\u0440\u0430\u0442\u044c \u0432 JetX3 \u0432 \u043e\u043d\u043b\u0430\u0439\u043d \u043a\u0430\u0437\u0438\u043d\u043e\",\"isPartOf\":{\"@id\":\"https:\/\/jetxcrashgame.com\/#website\"},\"datePublished\":\"2024-01-06T21:08:32+00:00\",\"dateModified\":\"2024-03-02T13:56:50+00:00\",\"description\":\"\u0418\u0433\u0440\u0430\u0442\u044c \u0432 \u043e\u043d\u043b\u0430\u0439\u043d \u0438\u0433\u0440\u0443 JetX3 \u043d\u0430 \u0440\u0435\u0430\u043b\u044c\u043d\u044b\u0435 \u0434\u0435\u043d\u044c\u0433\u0438 \u0432 \u043e\u043d\u043b\u0430\u0439\u043d \u043a\u0430\u0437\u0438\u043d\u043e. \u041a\u0440\u0430\u0448 \u0438\u0433\u0440\u0430 JetX3, \u0438\u0433\u0440\u0430\u0442\u044c \u043e\u043d\u043b\u0430\u0439\u043d, \u0441\u043a\u0430\u0447\u0430\u0442\u044c \u0430\u0439\u0444\u043e\u043d \u0438 \u0410\u043d\u0434\u0440\u043e\u0438\u0434, \u0432\u044b\u0438\u0433\u0440\u0430\u0442\u044c \u0440\u0435\u0430\u043b\u044c\u043d\u044b\u0435 \u0434\u0435\u043d\u044c\u0433\u0438, \u043e\u0442\u0437\u044b\u0432\u044b \u0438\u0433\u0440\u043e\u043a\u043e\u0432\",\"breadcrumb\":{\"@id\":\"https:\/\/jetxcrashgame.com\/#breadcrumb\"},\"inLanguage\":\"pt-PT\",\"potentialAction\":[{\"@type\":\"ReadAction\",\"target\":[\"https:\/\/jetxcrashgame.com\/\"]}]},{\"@type\":\"BreadcrumbList\",\"@id\":\"https:\/\/jetxcrashgame.com\/#breadcrumb\",\"itemListElement\":[{\"@type\":\"ListItem\",\"position\":1,\"name\":\"Home\",\"item\":\"https:\/\/jetxcrashgame.com\/\"},{\"@type\":\"ListItem\",\"position\":2,\"name\":\"\u041a\u0430\u043a \u0438\u0433\u0440\u0430\u0442\u044c \u0432 \u043a\u0440\u0430\u0448-\u0441\u0438\u043c\u0443\u043b\u044f\u0442\u043e\u0440 JetX3 \u0432 \u043e\u043d\u043b\u0430\u0439\u043d-\u043a\u0430\u0437\u0438\u043d\u043e\"}]},{\"@type\":\"WebSite\",\"@id\":\"https:\/\/jetxcrashgame.com\/#website\",\"url\":\"https:\/\/jetxcrashgame.com\/\",\"name\":\"JetX\",\"description\":\"Just another WordPress site\",\"publisher\":{\"@id\":\"https:\/\/jetxcrashgame.com\/#organization\"},\"potentialAction\":[{\"@type\":\"SearchAction\",\"target\":{\"@type\":\"EntryPoint\",\"urlTemplate\":\"https:\/\/jetxcrashgame.com\/?s={search_term_string}\"},\"query-input\":{\"@type\":\"PropertyValueSpecification\",\"valueRequired\":true,\"valueName\":\"search_term_string\"}}],\"inLanguage\":\"pt-PT\"},{\"@type\":\"Organization\",\"@id\":\"https:\/\/jetxcrashgame.com\/#organization\",\"name\":\"JetX\",\"url\":\"https:\/\/jetxcrashgame.com\/\",\"logo\":{\"@type\":\"ImageObject\",\"inLanguage\":\"pt-PT\",\"@id\":\"https:\/\/jetxcrashgame.com\/#\/schema\/logo\/image\/\",\"url\":\"https:\/\/jetxcrashgame.com\/wp-content\/uploads\/JetX.png\",\"contentUrl\":\"https:\/\/jetxcrashgame.com\/wp-content\/uploads\/JetX.png\",\"width\":498,\"height\":191,\"caption\":\"JetX\"},\"image\":{\"@id\":\"https:\/\/jetxcrashgame.com\/#\/schema\/logo\/image\/\"}}]}<\/script>\n<!-- \/ Yoast SEO plugin. -->","yoast_head_json":{"title":"\u0418\u0433\u0440\u0430\u0442\u044c \u0432 JetX3 \u0432 \u043e\u043d\u043b\u0430\u0439\u043d \u043a\u0430\u0437\u0438\u043d\u043e","description":"Jogue o jogo online JetX3 por dinheiro real em um cassino online. Jogo de colis\u00e3o JetX3, jogue online, fa\u00e7a o download para iPhone e Android, ganhe dinheiro real, avalia\u00e7\u00f5es dos jogadores.","robots":{"index":"index","follow":"follow","max-snippet":"max-snippet:-1","max-image-preview":"max-image-preview:large","max-video-preview":"max-video-preview:-1"},"canonical":"https:\/\/jetxcrashgame.com\/pt\/","og_locale":"pt_PT","og_type":"article","og_title":"\u0418\u0433\u0440\u0430\u0442\u044c \u0432 JetX3 \u0432 \u043e\u043d\u043b\u0430\u0439\u043d \u043a\u0430\u0437\u0438\u043d\u043e","og_description":"\u0418\u0433\u0440\u0430\u0442\u044c \u0432 \u043e\u043d\u043b\u0430\u0439\u043d \u0438\u0433\u0440\u0443 JetX3 \u043d\u0430 \u0440\u0435\u0430\u043b\u044c\u043d\u044b\u0435 \u0434\u0435\u043d\u044c\u0433\u0438 \u0432 \u043e\u043d\u043b\u0430\u0439\u043d \u043a\u0430\u0437\u0438\u043d\u043e. \u041a\u0440\u0430\u0448 \u0438\u0433\u0440\u0430 JetX3, \u0438\u0433\u0440\u0430\u0442\u044c \u043e\u043d\u043b\u0430\u0439\u043d, \u0441\u043a\u0430\u0447\u0430\u0442\u044c \u0430\u0439\u0444\u043e\u043d \u0438 \u0410\u043d\u0434\u0440\u043e\u0438\u0434, \u0432\u044b\u0438\u0433\u0440\u0430\u0442\u044c \u0440\u0435\u0430\u043b\u044c\u043d\u044b\u0435 \u0434\u0435\u043d\u044c\u0433\u0438, \u043e\u0442\u0437\u044b\u0432\u044b \u0438\u0433\u0440\u043e\u043a\u043e\u0432","og_url":"https:\/\/jetxcrashgame.com\/pt\/","og_site_name":"JetX","article_modified_time":"2024-03-02T13:56:50+00:00","twitter_card":"summary_large_image","twitter_misc":{"Tempo estimado de leitura":"21 minutos"},"schema":{"@context":"https:\/\/schema.org","@graph":[{"@type":"WebPage","@id":"https:\/\/jetxcrashgame.com\/","url":"https:\/\/jetxcrashgame.com\/","name":"\u0418\u0433\u0440\u0430\u0442\u044c \u0432 JetX3 \u0432 \u043e\u043d\u043b\u0430\u0439\u043d \u043a\u0430\u0437\u0438\u043d\u043e","isPartOf":{"@id":"https:\/\/jetxcrashgame.com\/#website"},"datePublished":"2024-01-06T21:08:32+00:00","dateModified":"2024-03-02T13:56:50+00:00","description":"\u0418\u0433\u0440\u0430\u0442\u044c \u0432 \u043e\u043d\u043b\u0430\u0439\u043d \u0438\u0433\u0440\u0443 JetX3 \u043d\u0430 \u0440\u0435\u0430\u043b\u044c\u043d\u044b\u0435 \u0434\u0435\u043d\u044c\u0433\u0438 \u0432 \u043e\u043d\u043b\u0430\u0439\u043d \u043a\u0430\u0437\u0438\u043d\u043e. \u041a\u0440\u0430\u0448 \u0438\u0433\u0440\u0430 JetX3, \u0438\u0433\u0440\u0430\u0442\u044c \u043e\u043d\u043b\u0430\u0439\u043d, \u0441\u043a\u0430\u0447\u0430\u0442\u044c \u0430\u0439\u0444\u043e\u043d \u0438 \u0410\u043d\u0434\u0440\u043e\u0438\u0434, \u0432\u044b\u0438\u0433\u0440\u0430\u0442\u044c \u0440\u0435\u0430\u043b\u044c\u043d\u044b\u0435 \u0434\u0435\u043d\u044c\u0433\u0438, \u043e\u0442\u0437\u044b\u0432\u044b \u0438\u0433\u0440\u043e\u043a\u043e\u0432","breadcrumb":{"@id":"https:\/\/jetxcrashgame.com\/#breadcrumb"},"inLanguage":"pt-PT","potentialAction":[{"@type":"ReadAction","target":["https:\/\/jetxcrashgame.com\/"]}]},{"@type":"BreadcrumbList","@id":"https:\/\/jetxcrashgame.com\/#breadcrumb","itemListElement":[{"@type":"ListItem","position":1,"name":"Home","item":"https:\/\/jetxcrashgame.com\/"},{"@type":"ListItem","position":2,"name":"\u041a\u0430\u043a \u0438\u0433\u0440\u0430\u0442\u044c \u0432 \u043a\u0440\u0430\u0448-\u0441\u0438\u043c\u0443\u043b\u044f\u0442\u043e\u0440 JetX3 \u0432 \u043e\u043d\u043b\u0430\u0439\u043d-\u043a\u0430\u0437\u0438\u043d\u043e"}]},{"@type":"WebSite","@id":"https:\/\/jetxcrashgame.com\/#website","url":"https:\/\/jetxcrashgame.com\/","name":"JetX","description":"Just another WordPress site","publisher":{"@id":"https:\/\/jetxcrashgame.com\/#organization"},"potentialAction":[{"@type":"SearchAction","target":{"@type":"EntryPoint","urlTemplate":"https:\/\/jetxcrashgame.com\/?s={search_term_string}"},"query-input":{"@type":"PropertyValueSpecification","valueRequired":true,"valueName":"search_term_string"}}],"inLanguage":"pt-PT"},{"@type":"Organization","@id":"https:\/\/jetxcrashgame.com\/#organization","name":"JetX","url":"https:\/\/jetxcrashgame.com\/","logo":{"@type":"ImageObject","inLanguage":"pt-PT","@id":"https:\/\/jetxcrashgame.com\/#\/schema\/logo\/image\/","url":"https:\/\/jetxcrashgame.com\/wp-content\/uploads\/JetX.png","contentUrl":"https:\/\/jetxcrashgame.com\/wp-content\/uploads\/JetX.png","width":498,"height":191,"caption":"JetX"},"image":{"@id":"https:\/\/jetxcrashgame.com\/#\/schema\/logo\/image\/"}}]}},"_links":{"self":[{"href":"https:\/\/jetxcrashgame.com\/pt\/wp-json\/wp\/v2\/pages\/6","targetHints":{"allow":["GET"]}}],"collection":[{"href":"https:\/\/jetxcrashgame.com\/pt\/wp-json\/wp\/v2\/pages"}],"about":[{"href":"https:\/\/jetxcrashgame.com\/pt\/wp-json\/wp\/v2\/types\/page"}],"author":[{"embeddable":true,"href":"https:\/\/jetxcrashgame.com\/pt\/wp-json\/wp\/v2\/users\/1"}],"replies":[{"embeddable":true,"href":"https:\/\/jetxcrashgame.com\/pt\/wp-json\/wp\/v2\/comments?post=6"}],"version-history":[{"count":24,"href":"https:\/\/jetxcrashgame.com\/pt\/wp-json\/wp\/v2\/pages\/6\/revisions"}],"predecessor-version":[{"id":111,"href":"https:\/\/jetxcrashgame.com\/pt\/wp-json\/wp\/v2\/pages\/6\/revisions\/111"}],"wp:attachment":[{"href":"https:\/\/jetxcrashgame.com\/pt\/wp-json\/wp\/v2\/media?parent=6"}],"curies":[{"name":"wp","href":"https:\/\/api.w.org\/{rel}","templated":true}]}}