{"id":12,"date":"2024-01-06T21:26:18","date_gmt":"2024-01-06T21:26:18","guid":{"rendered":"https:\/\/jetxcrashgame.com\/?page_id=12"},"modified":"2024-03-02T13:57:48","modified_gmt":"2024-03-02T13:57:48","slug":"jetx3-reviews","status":"publish","type":"page","link":"https:\/\/jetxcrashgame.com\/pt\/jetx3-reviews\/","title":{"rendered":"Avalia\u00e7\u00f5es"},"content":{"rendered":"<p>Quando um jogo novo e menos conhecido surge, os jogadores e visitantes regulares de cassinos online muitas vezes perguntam uns aos outros sobre a experi\u00eancia deles, tentando entender se vale a pena gastar tempo e esfor\u00e7o no jogo. O jogo de colis\u00e3o JetX3 se enquadra nessa categoria. Ganhando rapidamente popularidade, o jogo chamou a aten\u00e7\u00e3o dos jogadores. N\u00f3s reunimos opini\u00f5es, an\u00e1lises e feedback sobre o jogo.<\/p>\n<p>Victor, 28 anos: JetX3 \u00e9 realmente um jogo emocionante! Gosto da imprevisibilidade e da adrenalina que sinto enquanto espero para ver se a nave vai explodir. \u00d3timo entretenimento ap\u00f3s o trabalho! Mesmo se eu perder, n\u00e3o me arrependo. Melhor assim do que beber com os amigos depois do trabalho e reclamar da vida.<\/p>\n<p>Anna, 34 anos: Joguei JetX3 ontem \u00e0 noite e ganhei uma quantia decente! Interface intuitiva e gr\u00e1ficos bonitos. Definitivamente recomendo. \u00c9 um pouco mais desafiador do que o Aviator, mas se voc\u00ea j\u00e1 jogou jogos de colis\u00e3o antes, \u00e9 definitivamente uma excelente continua\u00e7\u00e3o.<\/p>\n<p>Maxim, 25 anos: Comecei com apostas pequenas, e foi divertido. Mas assim que as apostas aumentaram, o jogo se tornou muito estressante. Voc\u00ea precisa saber quando parar. Al\u00e9m disso, controlar tr\u00eas naves \u00e9 muito mais desafiador do que uma. Por outro lado, o coeficiente m\u00e1ximo \u00e9 1000, o que \u00e9 muito mais alto do que na maioria dos outros jogos de colis\u00e3o.<\/p>\n<p>Elena, 31 anos: Excelente jogo para entusiastas do jogo! O saque autom\u00e1tico \u00e9 minha fun\u00e7\u00e3o favorita no JetX3, me ajuda a controlar minhas apostas. No final, n\u00e3o fico no negativo e, geralmente, at\u00e9 obtenho lucro. Meus amigos n\u00e3o acreditam no sucesso, mas o que posso fazer.<\/p>\n<p>Alexey, 45 anos: N\u00e3o \u00e9 a minha praia. O jogo parece muito aleat\u00f3rio, e eu prefiro jogos onde minhas habilidades podem influenciar o resultado. Dizem que os jogos de colis\u00e3o s\u00e3o mais f\u00e1ceis de controlar, mas n\u00e3o tenho certeza.<\/p>\n<p>Daria, 22 anos: Adoro o JetX3 pela din\u00e2mica e pelos gr\u00e1ficos! Cada rodada \u00e9 \u00fanica, e isso torna o jogo emocionante. Muito mais interessante do que as m\u00e1quinas ca\u00e7a-n\u00edqueis regulares, onde voc\u00ea apenas aperta um bot\u00e3o.<\/p>\n<p>Igor, 37 anos: Joguei JetX3 e perdi mais do que o planejado. Voc\u00ea precisa ter muito cuidado com esses jogos. Jogo muito ardiloso.<\/p>\n<p>Olga, 29 anos: O jogo \u00e9 bom para uma emo\u00e7\u00e3o r\u00e1pida, mas n\u00e3o espere uma renda est\u00e1vel. \u00c9 mais sobre sorte do que estrat\u00e9gia. Esteja preparado para perder.<\/p>\n<p>Pavel, 33 anos: Conceito empolgante e execu\u00e7\u00e3o excelente. JetX3 \u00e9 uma vis\u00e3o fresca dos cassinos online. Eu gosto desse jogo, e pretendo continuar jogando.<\/p>\n<p>Marina, 26 anos: JetX3 \u00e9 o jogo perfeito para mim. Adoro observar o crescimento dos multiplicadores e tentar adivinhar o momento certo para sacar. \u00c9 uma emo\u00e7\u00e3o, e eu adoro jogos de azar.<\/p>\n<p>Sergey, 40 anos: Jogo interessante, mas \u00e0s vezes parece que as chances de ganhar s\u00e3o muito baixas. Ainda assim, voltarei para jogar mais! As chances de ganhar aqui s\u00e3o muito altas.<\/p>\n<p>Ksenia, 27 anos: Fiquei viciada no JetX3 \u00e0 primeira vista! \u00c9 uma combina\u00e7\u00e3o \u00fanica de sorte e estrat\u00e9gia. Al\u00e9m disso, o design \u00e9 simplesmente estelar! Eu gosto de jogar, e vou continuar jogando.<\/p>\n<p>Dmitry, 35 anos: Depois de algumas partidas no JetX3, percebi que n\u00e3o \u00e9 apenas sorte. Voc\u00ea precisa ser capaz de avaliar os riscos e tomar decis\u00f5es r\u00e1pidas. O jogo n\u00e3o \u00e9 t\u00e3o simples quanto parece, mas estou satisfeito e recomendo a todos os meus amigos.<\/p>\n<p>Irina, 30 anos: O JetX3 me deixa ansiosa toda vez que a nave decola. As emo\u00e7\u00f5es disparam, especialmente quando a vit\u00f3ria parece t\u00e3o pr\u00f3xima! E \u00e9 muito realista ganhar dinheiro de verdade no jogo.<\/p>\n<p>Nikolay, 42 anos: O jogo JetX3 \u00e9 uma maneira decente de se divertir, mas n\u00e3o o considere como uma fonte de renda. \u00c9 importante jogar de forma respons\u00e1vel e parar assim que voc\u00ea perdeu a quantia destinada ao jogo de hoje.<\/p>\n","protected":false},"excerpt":{"rendered":"<p>Quando um jogo novo e menos conhecido surge, os jogadores e visitantes regulares de cassinos online muitas vezes perguntam uns aos outros sobre a experi\u00eancia deles, tentando entender se vale a pena gastar tempo e esfor\u00e7o no jogo. O jogo de colis\u00e3o JetX3 se enquadra nessa categoria. Ganhando rapidamente popularidade, o jogo chamou a aten\u00e7\u00e3o&#8230;<\/p>\n","protected":false},"author":1,"featured_media":0,"parent":0,"menu_order":0,"comment_status":"closed","ping_status":"closed","template":"","meta":{"footnotes":""},"class_list":["post-12","page","type-page","status-publish","hentry"],"yoast_head":"<!-- This site is optimized with the Yoast SEO plugin v27.2 - https:\/\/yoast.com\/product\/yoast-seo-wordpress\/ -->\n<title>\u041e\u0442\u0437\u044b\u0432\u044b \u0438\u0433\u0440\u043e\u043a\u043e\u0432 \u043e\u0431 \u0438\u0433\u0440\u0435 JetX3<\/title>\n<meta name=\"description\" content=\"Opini\u00f5es, an\u00e1lises e feedback honesto de jogadores reais sobre o jogo online JetX3. As melhores avalia\u00e7\u00f5es para o popular jogo de crash JetX3.\" \/>\n<meta name=\"robots\" content=\"index, follow, max-snippet:-1, max-image-preview:large, max-video-preview:-1\" \/>\n<link rel=\"canonical\" href=\"https:\/\/jetxcrashgame.com\/pt\/jetx3-reviews\/\" \/>\n<meta property=\"og:locale\" content=\"pt_PT\" \/>\n<meta property=\"og:locale:alternate\" content=\"ru_RU\" \/>\n<meta property=\"og:locale:alternate\" content=\"en_US\" \/>\n<meta property=\"og:locale:alternate\" content=\"es_ES\" \/>\n<meta property=\"og:locale:alternate\" content=\"sr_RS\" \/>\n<meta property=\"og:locale:alternate\" content=\"bg_BG\" \/>\n<meta property=\"og:locale:alternate\" content=\"pl_PL\" \/>\n<meta property=\"og:locale:alternate\" content=\"it_IT\" \/>\n<meta property=\"og:locale:alternate\" content=\"fr_FR\" \/>\n<meta property=\"og:type\" content=\"article\" \/>\n<meta property=\"og:title\" content=\"\u041e\u0442\u0437\u044b\u0432\u044b \u0438\u0433\u0440\u043e\u043a\u043e\u0432 \u043e\u0431 \u0438\u0433\u0440\u0435 JetX3\" \/>\n<meta property=\"og:description\" content=\"\u041c\u043d\u0435\u043d\u0438\u044f, \u043e\u0431\u0437\u043e\u0440 \u0438 \u0447\u0435\u0441\u0442\u043d\u044b\u0435 \u043e\u0442\u0437\u044b\u0432\u044b \u043d\u0430\u0441\u0442\u043e\u044f\u0449\u0438\u0445 \u0438\u0433\u0440\u043e\u043a\u043e\u0432 \u043e\u0431 \u043e\u043d\u043b\u0430\u0439\u043d \u0438\u0433\u0440\u0435 JetX3. \u041b\u0443\u0447\u0448\u0438\u0435 \u043e\u0431\u0437\u043e\u0440\u044b \u043d\u0430 \u043f\u043e\u043f\u0443\u043b\u044f\u0440\u043d\u0443\u044e \u043a\u0440\u0430\u0448 \u0438\u0433\u0440\u0443 JetX3\" \/>\n<meta property=\"og:url\" content=\"https:\/\/jetxcrashgame.com\/pt\/jetx3-reviews\/\" \/>\n<meta property=\"og:site_name\" content=\"JetX\" \/>\n<meta property=\"article:modified_time\" content=\"2024-03-02T13:57:48+00:00\" \/>\n<meta name=\"twitter:card\" content=\"summary_large_image\" \/>\n<meta name=\"twitter:label1\" content=\"Tempo estimado de leitura\" \/>\n\t<meta name=\"twitter:data1\" content=\"20 minutos\" \/>\n<script type=\"application\/ld+json\" class=\"yoast-schema-graph\">{\"@context\":\"https:\/\/schema.org\",\"@graph\":[{\"@type\":\"WebPage\",\"@id\":\"https:\/\/jetxcrashgame.com\/jetx3-reviews\/\",\"url\":\"https:\/\/jetxcrashgame.com\/jetx3-reviews\/\",\"name\":\"\u041e\u0442\u0437\u044b\u0432\u044b \u0438\u0433\u0440\u043e\u043a\u043e\u0432 \u043e\u0431 \u0438\u0433\u0440\u0435 JetX3\",\"isPartOf\":{\"@id\":\"https:\/\/jetxcrashgame.com\/#website\"},\"datePublished\":\"2024-01-06T21:26:18+00:00\",\"dateModified\":\"2024-03-02T13:57:48+00:00\",\"description\":\"\u041c\u043d\u0435\u043d\u0438\u044f, \u043e\u0431\u0437\u043e\u0440 \u0438 \u0447\u0435\u0441\u0442\u043d\u044b\u0435 \u043e\u0442\u0437\u044b\u0432\u044b \u043d\u0430\u0441\u0442\u043e\u044f\u0449\u0438\u0445 \u0438\u0433\u0440\u043e\u043a\u043e\u0432 \u043e\u0431 \u043e\u043d\u043b\u0430\u0439\u043d \u0438\u0433\u0440\u0435 JetX3. \u041b\u0443\u0447\u0448\u0438\u0435 \u043e\u0431\u0437\u043e\u0440\u044b \u043d\u0430 \u043f\u043e\u043f\u0443\u043b\u044f\u0440\u043d\u0443\u044e \u043a\u0440\u0430\u0448 \u0438\u0433\u0440\u0443 JetX3\",\"breadcrumb\":{\"@id\":\"https:\/\/jetxcrashgame.com\/jetx3-reviews\/#breadcrumb\"},\"inLanguage\":\"pt-PT\",\"potentialAction\":[{\"@type\":\"ReadAction\",\"target\":[\"https:\/\/jetxcrashgame.com\/jetx3-reviews\/\"]}]},{\"@type\":\"BreadcrumbList\",\"@id\":\"https:\/\/jetxcrashgame.com\/jetx3-reviews\/#breadcrumb\",\"itemListElement\":[{\"@type\":\"ListItem\",\"position\":1,\"name\":\"Home\",\"item\":\"https:\/\/jetxcrashgame.com\/\"},{\"@type\":\"ListItem\",\"position\":2,\"name\":\"\u041e\u0442\u0437\u044b\u0432\u044b\"}]},{\"@type\":\"WebSite\",\"@id\":\"https:\/\/jetxcrashgame.com\/#website\",\"url\":\"https:\/\/jetxcrashgame.com\/\",\"name\":\"JetX\",\"description\":\"Just another WordPress site\",\"publisher\":{\"@id\":\"https:\/\/jetxcrashgame.com\/#organization\"},\"potentialAction\":[{\"@type\":\"SearchAction\",\"target\":{\"@type\":\"EntryPoint\",\"urlTemplate\":\"https:\/\/jetxcrashgame.com\/?s={search_term_string}\"},\"query-input\":{\"@type\":\"PropertyValueSpecification\",\"valueRequired\":true,\"valueName\":\"search_term_string\"}}],\"inLanguage\":\"pt-PT\"},{\"@type\":\"Organization\",\"@id\":\"https:\/\/jetxcrashgame.com\/#organization\",\"name\":\"JetX\",\"url\":\"https:\/\/jetxcrashgame.com\/\",\"logo\":{\"@type\":\"ImageObject\",\"inLanguage\":\"pt-PT\",\"@id\":\"https:\/\/jetxcrashgame.com\/#\/schema\/logo\/image\/\",\"url\":\"https:\/\/jetxcrashgame.com\/wp-content\/uploads\/JetX.png\",\"contentUrl\":\"https:\/\/jetxcrashgame.com\/wp-content\/uploads\/JetX.png\",\"width\":498,\"height\":191,\"caption\":\"JetX\"},\"image\":{\"@id\":\"https:\/\/jetxcrashgame.com\/#\/schema\/logo\/image\/\"}}]}<\/script>\n<!-- \/ Yoast SEO plugin. -->","yoast_head_json":{"title":"\u041e\u0442\u0437\u044b\u0432\u044b \u0438\u0433\u0440\u043e\u043a\u043e\u0432 \u043e\u0431 \u0438\u0433\u0440\u0435 JetX3","description":"Opini\u00f5es, an\u00e1lises e feedback honesto de jogadores reais sobre o jogo online JetX3. As melhores avalia\u00e7\u00f5es para o popular jogo de crash JetX3.","robots":{"index":"index","follow":"follow","max-snippet":"max-snippet:-1","max-image-preview":"max-image-preview:large","max-video-preview":"max-video-preview:-1"},"canonical":"https:\/\/jetxcrashgame.com\/pt\/jetx3-reviews\/","og_locale":"pt_PT","og_type":"article","og_title":"\u041e\u0442\u0437\u044b\u0432\u044b \u0438\u0433\u0440\u043e\u043a\u043e\u0432 \u043e\u0431 \u0438\u0433\u0440\u0435 JetX3","og_description":"\u041c\u043d\u0435\u043d\u0438\u044f, \u043e\u0431\u0437\u043e\u0440 \u0438 \u0447\u0435\u0441\u0442\u043d\u044b\u0435 \u043e\u0442\u0437\u044b\u0432\u044b \u043d\u0430\u0441\u0442\u043e\u044f\u0449\u0438\u0445 \u0438\u0433\u0440\u043e\u043a\u043e\u0432 \u043e\u0431 \u043e\u043d\u043b\u0430\u0439\u043d \u0438\u0433\u0440\u0435 JetX3. \u041b\u0443\u0447\u0448\u0438\u0435 \u043e\u0431\u0437\u043e\u0440\u044b \u043d\u0430 \u043f\u043e\u043f\u0443\u043b\u044f\u0440\u043d\u0443\u044e \u043a\u0440\u0430\u0448 \u0438\u0433\u0440\u0443 JetX3","og_url":"https:\/\/jetxcrashgame.com\/pt\/jetx3-reviews\/","og_site_name":"JetX","article_modified_time":"2024-03-02T13:57:48+00:00","twitter_card":"summary_large_image","twitter_misc":{"Tempo estimado de leitura":"20 minutos"},"schema":{"@context":"https:\/\/schema.org","@graph":[{"@type":"WebPage","@id":"https:\/\/jetxcrashgame.com\/jetx3-reviews\/","url":"https:\/\/jetxcrashgame.com\/jetx3-reviews\/","name":"\u041e\u0442\u0437\u044b\u0432\u044b \u0438\u0433\u0440\u043e\u043a\u043e\u0432 \u043e\u0431 \u0438\u0433\u0440\u0435 JetX3","isPartOf":{"@id":"https:\/\/jetxcrashgame.com\/#website"},"datePublished":"2024-01-06T21:26:18+00:00","dateModified":"2024-03-02T13:57:48+00:00","description":"\u041c\u043d\u0435\u043d\u0438\u044f, \u043e\u0431\u0437\u043e\u0440 \u0438 \u0447\u0435\u0441\u0442\u043d\u044b\u0435 \u043e\u0442\u0437\u044b\u0432\u044b \u043d\u0430\u0441\u0442\u043e\u044f\u0449\u0438\u0445 \u0438\u0433\u0440\u043e\u043a\u043e\u0432 \u043e\u0431 \u043e\u043d\u043b\u0430\u0439\u043d \u0438\u0433\u0440\u0435 JetX3. \u041b\u0443\u0447\u0448\u0438\u0435 \u043e\u0431\u0437\u043e\u0440\u044b \u043d\u0430 \u043f\u043e\u043f\u0443\u043b\u044f\u0440\u043d\u0443\u044e \u043a\u0440\u0430\u0448 \u0438\u0433\u0440\u0443 JetX3","breadcrumb":{"@id":"https:\/\/jetxcrashgame.com\/jetx3-reviews\/#breadcrumb"},"inLanguage":"pt-PT","potentialAction":[{"@type":"ReadAction","target":["https:\/\/jetxcrashgame.com\/jetx3-reviews\/"]}]},{"@type":"BreadcrumbList","@id":"https:\/\/jetxcrashgame.com\/jetx3-reviews\/#breadcrumb","itemListElement":[{"@type":"ListItem","position":1,"name":"Home","item":"https:\/\/jetxcrashgame.com\/"},{"@type":"ListItem","position":2,"name":"\u041e\u0442\u0437\u044b\u0432\u044b"}]},{"@type":"WebSite","@id":"https:\/\/jetxcrashgame.com\/#website","url":"https:\/\/jetxcrashgame.com\/","name":"JetX","description":"Just another WordPress site","publisher":{"@id":"https:\/\/jetxcrashgame.com\/#organization"},"potentialAction":[{"@type":"SearchAction","target":{"@type":"EntryPoint","urlTemplate":"https:\/\/jetxcrashgame.com\/?s={search_term_string}"},"query-input":{"@type":"PropertyValueSpecification","valueRequired":true,"valueName":"search_term_string"}}],"inLanguage":"pt-PT"},{"@type":"Organization","@id":"https:\/\/jetxcrashgame.com\/#organization","name":"JetX","url":"https:\/\/jetxcrashgame.com\/","logo":{"@type":"ImageObject","inLanguage":"pt-PT","@id":"https:\/\/jetxcrashgame.com\/#\/schema\/logo\/image\/","url":"https:\/\/jetxcrashgame.com\/wp-content\/uploads\/JetX.png","contentUrl":"https:\/\/jetxcrashgame.com\/wp-content\/uploads\/JetX.png","width":498,"height":191,"caption":"JetX"},"image":{"@id":"https:\/\/jetxcrashgame.com\/#\/schema\/logo\/image\/"}}]}},"_links":{"self":[{"href":"https:\/\/jetxcrashgame.com\/pt\/wp-json\/wp\/v2\/pages\/12","targetHints":{"allow":["GET"]}}],"collection":[{"href":"https:\/\/jetxcrashgame.com\/pt\/wp-json\/wp\/v2\/pages"}],"about":[{"href":"https:\/\/jetxcrashgame.com\/pt\/wp-json\/wp\/v2\/types\/page"}],"author":[{"embeddable":true,"href":"https:\/\/jetxcrashgame.com\/pt\/wp-json\/wp\/v2\/users\/1"}],"replies":[{"embeddable":true,"href":"https:\/\/jetxcrashgame.com\/pt\/wp-json\/wp\/v2\/comments?post=12"}],"version-history":[{"count":21,"href":"https:\/\/jetxcrashgame.com\/pt\/wp-json\/wp\/v2\/pages\/12\/revisions"}],"predecessor-version":[{"id":112,"href":"https:\/\/jetxcrashgame.com\/pt\/wp-json\/wp\/v2\/pages\/12\/revisions\/112"}],"wp:attachment":[{"href":"https:\/\/jetxcrashgame.com\/pt\/wp-json\/wp\/v2\/media?parent=12"}],"curies":[{"name":"wp","href":"https:\/\/api.w.org\/{rel}","templated":true}]}}