{"id":8,"date":"2024-01-06T21:10:02","date_gmt":"2024-01-06T21:10:02","guid":{"rendered":"https:\/\/jetxcrashgame.com\/?page_id=8"},"modified":"2024-03-02T13:55:40","modified_gmt":"2024-03-02T13:55:40","slug":"how-to-win-jetx3","status":"publish","type":"page","link":"https:\/\/jetxcrashgame.com\/pl\/how-to-win-jetx3\/","title":{"rendered":"Jak wygra\u0107 w grze crash JetX3?"},"content":{"rendered":"<p>W grze JetX3 dost\u0119pne s\u0105 statystyki ostatnich rund. Informacje dotycz\u0105ce zak\u0142ad\u00f3w, mno\u017cnik\u00f3w i wygranych zar\u00f3wno samego gracza, jak i innych uczestnik\u00f3w rozgrywki s\u0105 wy\u015bwietlane w tabelach informacyjnych. Te dane mo\u017cna wykorzysta\u0107 do wyboru optymalnej strategii zak\u0142ad\u00f3w, co pomo\u017ce zdoby\u0107 zwyci\u0119stwo na automacie i zgarn\u0105\u0107 prawdziwe nagrody pieni\u0119\u017cne w kasynie online.<\/p>\n<h2>Jak wygrywa\u0107 w JetX3:<\/h2>\n<p>Niestety nie znajdziesz uniwersalnej odpowiedzi, kt\u00f3ra zagwarantuje 100% wynik w ka\u017cdej rundzie. Niemniej jednak istnieje kilka prostych wskaz\u00f3wek, kt\u00f3re mog\u0105 zwi\u0119kszy\u0107 twoje szanse na wygran\u0105:<\/p>\n<ul>\n<li>Przetestuj automat w trybie demo przed gr\u0105 na prawdziwe pieni\u0105dze, poniewa\u017c pozwoli ci to lepiej zrozumie\u0107 mechanik\u0119 gry i zasady.<\/li>\n<li>Spr\u00f3buj stawia\u0107 r\u00f3\u017cne kwoty na r\u00f3\u017cn\u0105 liczb\u0119 statk\u00f3w kosmicznych, poniewa\u017c zwi\u0119ksza to zr\u00f3\u017cnicowanie zadania, a ty lepiej zrozumiesz, jak jednocze\u015bnie \u015bledzi\u0107 3 statki kosmiczne.<\/li>\n<li>Wybierz optymaln\u0105 wielko\u015b\u0107 zak\u0142adu i czas gry, poniewa\u017c zrozumiesz swoj\u0105 gotowo\u015b\u0107 do ryzyka, d\u0142ugie oczekiwanie na start oznacza gotowo\u015b\u0107 do oczekiwania na wysoki wsp\u00f3\u0142czynnik.<\/li>\n<li>Przydziel konkretny kapita\u0142 pocz\u0105tkowy na sesj\u0119 gry, a je\u015bli przegrasz, wa\u017cne jest, aby si\u0119 zatrzyma\u0107 i zako\u0144czy\u0107 gr\u0119.<\/li>\n<li>Korzystaj z sprawdzonych strategii zak\u0142ad\u00f3w w JetX3. Je\u015bli wcze\u015bniej dzia\u0142a\u0142o, prawdopodobnie b\u0119dzie dzia\u0142a\u0107 nadal. Jak m\u00f3wi\u0105, nie naprawiaj tego, co nie jest zepsute.<\/li>\n<li>Ustaw limit na kwot\u0119 straty (stop-loss), jak wspomniano wcze\u015bniej.<\/li>\n<li>Korzystaj z funkcji automatycznego zak\u0142adu i automatycznego wyp\u0142acania, poniewa\u017c znacznie zwi\u0119ksza to mo\u017cliwo\u015bci w\u0142a\u015bciwego zarz\u0105dzania gr\u0105.<\/li>\n<li>Nie pr\u00f3buj nadrobi\u0107 strat w przypadku pora\u017cki. Nikt nie gwarantuje sukcesu, a w przypadku pora\u017cki mo\u017cesz sko\u0144czy\u0107 z jeszcze wi\u0119kszym d\u0142ugiem.<\/li>\n<li>Wyp\u0142acaj swoje wygrane z konta w kasynie, aby unikn\u0105\u0107 wydawania nagrody.<\/li>\n<\/ul>\n<p>Do\u015bwiadczeni hazardzi\u015bci, kt\u00f3rzy chc\u0105 maksymalizowa\u0107 swoje szanse na wygran\u0105 w grze JetX3, zazwyczaj si\u0119gaj\u0105 po sprawdzone i skuteczne podej\u015bcia strategiczne. W\u015br\u00f3d najpopularniejszych i skutecznych strategii wyr\u00f3\u017cnia si\u0119 taktyka Martingale&#8217;a. Istota tej taktyki polega na podwojeniu zak\u0142adu po ka\u017cdej przegranej, co teoretycznie pozwala odzyska\u0107 wszystkie poprzednie straty przy nast\u0119pnym zwyci\u0119stwie. Jednak wa\u017cne jest, aby wzi\u0105\u0107 pod uwag\u0119, \u017ce taka strategia wymaga znacznego kapita\u0142u pocz\u0105tkowego i mo\u017ce by\u0107 ryzykowna podczas d\u0142ugich serii pora\u017cek.<\/p>\n<p>Inne popularne podej\u015bcie polega na grze z niskimi, \u015brednimi lub wysokimi wsp\u00f3\u0142czynnikami w JetX3. Na przyk\u0142ad niekt\u00f3rzy gracze wol\u0105 obstawia\u0107 niskie wsp\u00f3\u0142czynniki, takie jak 1.2-1.5, aby uzyska\u0107 bardziej cz\u0119ste, ale mniejsze wygrane. Jednocze\u015bnie inni mog\u0105 zdecydowa\u0107 si\u0119 na ryzyko z wy\u017cszymi wsp\u00f3\u0142czynnikami, na przyk\u0142ad 5-10, licz\u0105c na znaczne wygrane. Wymaga to dok\u0142adnej analizy i oceny ryzyka, poniewa\u017c wysokie wsp\u00f3\u0142czynniki odpowiadaj\u0105 mniejszej szansie na sukces.<\/p>\n<p>Wykorzystanie automatycznego wyp\u0142acania (auto-cashout) to kolejny wa\u017cny element strategii w JetX3. Ustawiaj\u0105c konkretne warto\u015bci mno\u017cnik\u00f3w dla auto-cashout, gracze mog\u0105 automatycznie zako\u0144czy\u0107 rund\u0119, gdy te wsp\u00f3\u0142czynniki zostan\u0105 osi\u0105gni\u0119te. Pomaga to unikn\u0105\u0107 sytuacji, w kt\u00f3rej gracz, poch\u0142oni\u0119ty ekscytacj\u0105, nie zd\u0105\u017cy wyp\u0142aci\u0107 pieni\u0119dzy na czas, co mo\u017ce prowadzi\u0107 do strat finansowych. Takie podej\u015bcie zapewnia bardziej zdyscyplinowan\u0105 gr\u0119 i pomaga w zarz\u0105dzaniu kapita\u0142em.<\/p>\n<p>Wa\u017cne jest, aby pami\u0119ta\u0107, \u017ce wynik ka\u017cdej rundy w JetX3 jest determinowany przez generator liczb losowych, co sprawia, \u017ce niemo\u017cliwe jest dok\u0142adne przewidzenie momentu eksplozji statk\u00f3w kosmicznych. Dlatego decyzje gracza dotycz\u0105ce momentu zako\u0144czenia gry s\u0105 kluczowe. Chocia\u017c nie ma gwarantowanych metod zapewnienia wygranej w ka\u017cdej rundzie, poprawne stosowanie strategii zak\u0142ad\u00f3w i zarz\u0105dzanie ryzykiem mog\u0105 poprawi\u0107 og\u00f3lne szanse na sukces. Ostatecznie sukces w JetX3 zale\u017cy od zdolno\u015bci gracza do w\u0142a\u015bciwej oceny sytuacji i podejmowania w\u0142a\u015bciwych decyzji, opartych na obserwacjach zachowania statk\u00f3w kosmicznych, wsp\u00f3\u0142czynnikach i w\u0142asnej intuicji. To sprawia, \u017ce gra jest nie tylko ekscytuj\u0105ca, ale r\u00f3wnie\u017c wymaga od gracza uwagi i ostro\u017cno\u015bci, zw\u0142aszcza gdy statki kosmiczne mog\u0105 eksplodowa\u0107 na ekranie w dowolnym momencie, a nale\u017cy wyp\u0142aci\u0107 pieni\u0105dze przed potencjalnym krachem.<\/p>\n","protected":false},"excerpt":{"rendered":"<p>W grze JetX3 dost\u0119pne s\u0105 statystyki ostatnich rund. Informacje dotycz\u0105ce zak\u0142ad\u00f3w, mno\u017cnik\u00f3w i wygranych zar\u00f3wno samego gracza, jak i innych uczestnik\u00f3w rozgrywki s\u0105 wy\u015bwietlane w tabelach informacyjnych. Te dane mo\u017cna wykorzysta\u0107 do wyboru optymalnej strategii zak\u0142ad\u00f3w, co pomo\u017ce zdoby\u0107 zwyci\u0119stwo na automacie i zgarn\u0105\u0107 prawdziwe nagrody pieni\u0119\u017cne w kasynie online. Jak wygrywa\u0107 w JetX3: Niestety&#8230;<\/p>\n","protected":false},"author":1,"featured_media":0,"parent":0,"menu_order":0,"comment_status":"closed","ping_status":"closed","template":"","meta":{"footnotes":""},"class_list":["post-8","page","type-page","status-publish","hentry"],"yoast_head":"<!-- This site is optimized with the Yoast SEO plugin v27.2 - https:\/\/yoast.com\/product\/yoast-seo-wordpress\/ -->\n<title>\u041a\u0430\u043a \u0438\u0433\u0440\u0430\u0442\u044c \u0438 \u0432\u044b\u0438\u0433\u0440\u044b\u0432\u0430\u0442\u044c \u0432 \u043e\u043d\u043b\u0430\u0439\u043d \u0438\u0433\u0440\u0443 JetX3<\/title>\n<meta name=\"description\" content=\"Najlepsze strategie i taktyki gry w JetX3. Om\u00f3wmy, jak gra\u0107 i wygrywa\u0107 prawdziwe pieni\u0105dze w grze zderzeniowej JetX3.\" \/>\n<meta name=\"robots\" content=\"index, follow, max-snippet:-1, max-image-preview:large, max-video-preview:-1\" \/>\n<link rel=\"canonical\" href=\"https:\/\/jetxcrashgame.com\/pl\/how-to-win-jetx3\/\" \/>\n<meta property=\"og:locale\" content=\"pl_PL\" \/>\n<meta property=\"og:locale:alternate\" content=\"ru_RU\" \/>\n<meta property=\"og:locale:alternate\" content=\"en_US\" \/>\n<meta property=\"og:locale:alternate\" content=\"pt_PT\" \/>\n<meta property=\"og:locale:alternate\" content=\"es_ES\" \/>\n<meta property=\"og:locale:alternate\" content=\"sr_RS\" \/>\n<meta property=\"og:locale:alternate\" content=\"bg_BG\" \/>\n<meta property=\"og:locale:alternate\" content=\"it_IT\" \/>\n<meta property=\"og:locale:alternate\" content=\"fr_FR\" \/>\n<meta property=\"og:type\" content=\"article\" \/>\n<meta property=\"og:title\" content=\"\u041a\u0430\u043a \u0438\u0433\u0440\u0430\u0442\u044c \u0438 \u0432\u044b\u0438\u0433\u0440\u044b\u0432\u0430\u0442\u044c \u0432 \u043e\u043d\u043b\u0430\u0439\u043d \u0438\u0433\u0440\u0443 JetX3\" \/>\n<meta property=\"og:description\" content=\"\u041b\u0443\u0447\u0448\u0438\u0435 \u0441\u0442\u0440\u0430\u0442\u0435\u0433\u0438\u0438 \u0438 \u0442\u0430\u043a\u0442\u0438\u043a\u0438 \u0438\u0433\u0440\u044b JetX3. \u041f\u043e\u0433\u043e\u0432\u043e\u0440\u0438\u043c \u043a\u0430\u043a \u0438\u0433\u0440\u0430\u0442\u044c \u0438 \u0432\u044b\u0438\u0433\u0440\u044b\u0432\u0430\u0442\u044c \u0440\u0435\u0430\u043b\u044c\u043d\u044b\u0435 \u0434\u0435\u043d\u044c\u0433\u0438 \u0432 \u043a\u0440\u0430\u0448 \u0438\u0433\u0440\u0435 JetX3\" \/>\n<meta property=\"og:url\" content=\"https:\/\/jetxcrashgame.com\/pl\/how-to-win-jetx3\/\" \/>\n<meta property=\"og:site_name\" content=\"JetX\" \/>\n<meta property=\"article:modified_time\" content=\"2024-03-02T13:55:40+00:00\" \/>\n<meta name=\"twitter:card\" content=\"summary_large_image\" \/>\n<meta name=\"twitter:label1\" content=\"Szacowany czas czytania\" \/>\n\t<meta name=\"twitter:data1\" content=\"22 minuty\" \/>\n<script type=\"application\/ld+json\" class=\"yoast-schema-graph\">{\"@context\":\"https:\/\/schema.org\",\"@graph\":[{\"@type\":\"WebPage\",\"@id\":\"https:\/\/jetxcrashgame.com\/how-to-win-jetx3\/\",\"url\":\"https:\/\/jetxcrashgame.com\/how-to-win-jetx3\/\",\"name\":\"\u041a\u0430\u043a \u0438\u0433\u0440\u0430\u0442\u044c \u0438 \u0432\u044b\u0438\u0433\u0440\u044b\u0432\u0430\u0442\u044c \u0432 \u043e\u043d\u043b\u0430\u0439\u043d \u0438\u0433\u0440\u0443 JetX3\",\"isPartOf\":{\"@id\":\"https:\/\/jetxcrashgame.com\/#website\"},\"datePublished\":\"2024-01-06T21:10:02+00:00\",\"dateModified\":\"2024-03-02T13:55:40+00:00\",\"description\":\"\u041b\u0443\u0447\u0448\u0438\u0435 \u0441\u0442\u0440\u0430\u0442\u0435\u0433\u0438\u0438 \u0438 \u0442\u0430\u043a\u0442\u0438\u043a\u0438 \u0438\u0433\u0440\u044b JetX3. \u041f\u043e\u0433\u043e\u0432\u043e\u0440\u0438\u043c \u043a\u0430\u043a \u0438\u0433\u0440\u0430\u0442\u044c \u0438 \u0432\u044b\u0438\u0433\u0440\u044b\u0432\u0430\u0442\u044c \u0440\u0435\u0430\u043b\u044c\u043d\u044b\u0435 \u0434\u0435\u043d\u044c\u0433\u0438 \u0432 \u043a\u0440\u0430\u0448 \u0438\u0433\u0440\u0435 JetX3\",\"breadcrumb\":{\"@id\":\"https:\/\/jetxcrashgame.com\/how-to-win-jetx3\/#breadcrumb\"},\"inLanguage\":\"pl-PL\",\"potentialAction\":[{\"@type\":\"ReadAction\",\"target\":[\"https:\/\/jetxcrashgame.com\/how-to-win-jetx3\/\"]}]},{\"@type\":\"BreadcrumbList\",\"@id\":\"https:\/\/jetxcrashgame.com\/how-to-win-jetx3\/#breadcrumb\",\"itemListElement\":[{\"@type\":\"ListItem\",\"position\":1,\"name\":\"Home\",\"item\":\"https:\/\/jetxcrashgame.com\/\"},{\"@type\":\"ListItem\",\"position\":2,\"name\":\"\u041a\u0430\u043a \u0432\u044b\u0438\u0433\u0440\u044b\u0432\u0430\u0442\u044c \u0432 \u043a\u0440\u0430\u0448-\u0438\u0433\u0440\u0443 JetX3\"}]},{\"@type\":\"WebSite\",\"@id\":\"https:\/\/jetxcrashgame.com\/#website\",\"url\":\"https:\/\/jetxcrashgame.com\/\",\"name\":\"JetX\",\"description\":\"Just another WordPress site\",\"publisher\":{\"@id\":\"https:\/\/jetxcrashgame.com\/#organization\"},\"potentialAction\":[{\"@type\":\"SearchAction\",\"target\":{\"@type\":\"EntryPoint\",\"urlTemplate\":\"https:\/\/jetxcrashgame.com\/?s={search_term_string}\"},\"query-input\":{\"@type\":\"PropertyValueSpecification\",\"valueRequired\":true,\"valueName\":\"search_term_string\"}}],\"inLanguage\":\"pl-PL\"},{\"@type\":\"Organization\",\"@id\":\"https:\/\/jetxcrashgame.com\/#organization\",\"name\":\"JetX\",\"url\":\"https:\/\/jetxcrashgame.com\/\",\"logo\":{\"@type\":\"ImageObject\",\"inLanguage\":\"pl-PL\",\"@id\":\"https:\/\/jetxcrashgame.com\/#\/schema\/logo\/image\/\",\"url\":\"https:\/\/jetxcrashgame.com\/wp-content\/uploads\/JetX.png\",\"contentUrl\":\"https:\/\/jetxcrashgame.com\/wp-content\/uploads\/JetX.png\",\"width\":498,\"height\":191,\"caption\":\"JetX\"},\"image\":{\"@id\":\"https:\/\/jetxcrashgame.com\/#\/schema\/logo\/image\/\"}}]}<\/script>\n<!-- \/ Yoast SEO plugin. -->","yoast_head_json":{"title":"\u041a\u0430\u043a \u0438\u0433\u0440\u0430\u0442\u044c \u0438 \u0432\u044b\u0438\u0433\u0440\u044b\u0432\u0430\u0442\u044c \u0432 \u043e\u043d\u043b\u0430\u0439\u043d \u0438\u0433\u0440\u0443 JetX3","description":"Najlepsze strategie i taktyki gry w JetX3. Om\u00f3wmy, jak gra\u0107 i wygrywa\u0107 prawdziwe pieni\u0105dze w grze zderzeniowej JetX3.","robots":{"index":"index","follow":"follow","max-snippet":"max-snippet:-1","max-image-preview":"max-image-preview:large","max-video-preview":"max-video-preview:-1"},"canonical":"https:\/\/jetxcrashgame.com\/pl\/how-to-win-jetx3\/","og_locale":"pl_PL","og_type":"article","og_title":"\u041a\u0430\u043a \u0438\u0433\u0440\u0430\u0442\u044c \u0438 \u0432\u044b\u0438\u0433\u0440\u044b\u0432\u0430\u0442\u044c \u0432 \u043e\u043d\u043b\u0430\u0439\u043d \u0438\u0433\u0440\u0443 JetX3","og_description":"\u041b\u0443\u0447\u0448\u0438\u0435 \u0441\u0442\u0440\u0430\u0442\u0435\u0433\u0438\u0438 \u0438 \u0442\u0430\u043a\u0442\u0438\u043a\u0438 \u0438\u0433\u0440\u044b JetX3. \u041f\u043e\u0433\u043e\u0432\u043e\u0440\u0438\u043c \u043a\u0430\u043a \u0438\u0433\u0440\u0430\u0442\u044c \u0438 \u0432\u044b\u0438\u0433\u0440\u044b\u0432\u0430\u0442\u044c \u0440\u0435\u0430\u043b\u044c\u043d\u044b\u0435 \u0434\u0435\u043d\u044c\u0433\u0438 \u0432 \u043a\u0440\u0430\u0448 \u0438\u0433\u0440\u0435 JetX3","og_url":"https:\/\/jetxcrashgame.com\/pl\/how-to-win-jetx3\/","og_site_name":"JetX","article_modified_time":"2024-03-02T13:55:40+00:00","twitter_card":"summary_large_image","twitter_misc":{"Szacowany czas czytania":"22 minuty"},"schema":{"@context":"https:\/\/schema.org","@graph":[{"@type":"WebPage","@id":"https:\/\/jetxcrashgame.com\/how-to-win-jetx3\/","url":"https:\/\/jetxcrashgame.com\/how-to-win-jetx3\/","name":"\u041a\u0430\u043a \u0438\u0433\u0440\u0430\u0442\u044c \u0438 \u0432\u044b\u0438\u0433\u0440\u044b\u0432\u0430\u0442\u044c \u0432 \u043e\u043d\u043b\u0430\u0439\u043d \u0438\u0433\u0440\u0443 JetX3","isPartOf":{"@id":"https:\/\/jetxcrashgame.com\/#website"},"datePublished":"2024-01-06T21:10:02+00:00","dateModified":"2024-03-02T13:55:40+00:00","description":"\u041b\u0443\u0447\u0448\u0438\u0435 \u0441\u0442\u0440\u0430\u0442\u0435\u0433\u0438\u0438 \u0438 \u0442\u0430\u043a\u0442\u0438\u043a\u0438 \u0438\u0433\u0440\u044b JetX3. \u041f\u043e\u0433\u043e\u0432\u043e\u0440\u0438\u043c \u043a\u0430\u043a \u0438\u0433\u0440\u0430\u0442\u044c \u0438 \u0432\u044b\u0438\u0433\u0440\u044b\u0432\u0430\u0442\u044c \u0440\u0435\u0430\u043b\u044c\u043d\u044b\u0435 \u0434\u0435\u043d\u044c\u0433\u0438 \u0432 \u043a\u0440\u0430\u0448 \u0438\u0433\u0440\u0435 JetX3","breadcrumb":{"@id":"https:\/\/jetxcrashgame.com\/how-to-win-jetx3\/#breadcrumb"},"inLanguage":"pl-PL","potentialAction":[{"@type":"ReadAction","target":["https:\/\/jetxcrashgame.com\/how-to-win-jetx3\/"]}]},{"@type":"BreadcrumbList","@id":"https:\/\/jetxcrashgame.com\/how-to-win-jetx3\/#breadcrumb","itemListElement":[{"@type":"ListItem","position":1,"name":"Home","item":"https:\/\/jetxcrashgame.com\/"},{"@type":"ListItem","position":2,"name":"\u041a\u0430\u043a \u0432\u044b\u0438\u0433\u0440\u044b\u0432\u0430\u0442\u044c \u0432 \u043a\u0440\u0430\u0448-\u0438\u0433\u0440\u0443 JetX3"}]},{"@type":"WebSite","@id":"https:\/\/jetxcrashgame.com\/#website","url":"https:\/\/jetxcrashgame.com\/","name":"JetX","description":"Just another WordPress site","publisher":{"@id":"https:\/\/jetxcrashgame.com\/#organization"},"potentialAction":[{"@type":"SearchAction","target":{"@type":"EntryPoint","urlTemplate":"https:\/\/jetxcrashgame.com\/?s={search_term_string}"},"query-input":{"@type":"PropertyValueSpecification","valueRequired":true,"valueName":"search_term_string"}}],"inLanguage":"pl-PL"},{"@type":"Organization","@id":"https:\/\/jetxcrashgame.com\/#organization","name":"JetX","url":"https:\/\/jetxcrashgame.com\/","logo":{"@type":"ImageObject","inLanguage":"pl-PL","@id":"https:\/\/jetxcrashgame.com\/#\/schema\/logo\/image\/","url":"https:\/\/jetxcrashgame.com\/wp-content\/uploads\/JetX.png","contentUrl":"https:\/\/jetxcrashgame.com\/wp-content\/uploads\/JetX.png","width":498,"height":191,"caption":"JetX"},"image":{"@id":"https:\/\/jetxcrashgame.com\/#\/schema\/logo\/image\/"}}]}},"_links":{"self":[{"href":"https:\/\/jetxcrashgame.com\/pl\/wp-json\/wp\/v2\/pages\/8","targetHints":{"allow":["GET"]}}],"collection":[{"href":"https:\/\/jetxcrashgame.com\/pl\/wp-json\/wp\/v2\/pages"}],"about":[{"href":"https:\/\/jetxcrashgame.com\/pl\/wp-json\/wp\/v2\/types\/page"}],"author":[{"embeddable":true,"href":"https:\/\/jetxcrashgame.com\/pl\/wp-json\/wp\/v2\/users\/1"}],"replies":[{"embeddable":true,"href":"https:\/\/jetxcrashgame.com\/pl\/wp-json\/wp\/v2\/comments?post=8"}],"version-history":[{"count":18,"href":"https:\/\/jetxcrashgame.com\/pl\/wp-json\/wp\/v2\/pages\/8\/revisions"}],"predecessor-version":[{"id":110,"href":"https:\/\/jetxcrashgame.com\/pl\/wp-json\/wp\/v2\/pages\/8\/revisions\/110"}],"wp:attachment":[{"href":"https:\/\/jetxcrashgame.com\/pl\/wp-json\/wp\/v2\/media?parent=8"}],"curies":[{"name":"wp","href":"https:\/\/api.w.org\/{rel}","templated":true}]}}