{"id":6,"date":"2024-01-06T21:08:32","date_gmt":"2024-01-06T21:08:32","guid":{"rendered":"https:\/\/jetxcrashgame.com\/?page_id=6"},"modified":"2024-03-02T13:56:50","modified_gmt":"2024-03-02T13:56:50","slug":"jetx3","status":"publish","type":"page","link":"https:\/\/jetxcrashgame.com\/pl\/","title":{"rendered":"Jak gra\u0107 w symulatorze crash JetX3 w kasynie online?"},"content":{"rendered":"<p>Nowa gra kraszowa JetX3 sta\u0142a si\u0119 spektakularnym kontynuowaniem popularnej gry kraszowej Aviator od Smartsoft Gaming. Ta nietypowa gra online zosta\u0142a wydana w 2021 roku i szybko zdoby\u0142a popularno\u015b\u0107 w\u015br\u00f3d publiczno\u015bci hazardowej. To jak automat, ale bez kr\u0119c\u0105cych si\u0119 b\u0119bn\u00f3w i linii wyp\u0142at, bez symboli i bonus\u00f3w, i osi\u0105gn\u0119\u0142a ogromny sukces dzi\u0119ki nietradycyjnemu podej\u015bciu do rozgrywki i unikalnej mechanice eksplozji. Wyp\u0142aty w grze JetX3 s\u0105 zapewnione przez u\u017cycie generatora liczb losowych i kryptograficznej technologii zapewniaj\u0105cej uczciwo\u015b\u0107.<\/p>\n<h2>Jak gra\u0107 w gr\u0119 online JetX3:<\/h2>\n<p>Po uruchomieniu gry, gracz witany jest pi\u0119knie zaprojektowanym ekranem przypominaj\u0105cym niebo pe\u0142ne gwiazd. Trzy lataj\u0105ce statki przygotowuj\u0105 si\u0119 do startu w kosmos. Gracz musi wys\u0142a\u0107 wszystkie trzy statki w lot. W miar\u0119 zdobywania wysoko\u015bci na ekranie, pojawiaj\u0105 si\u0119 rosn\u0105ce mno\u017cniki zak\u0142ad\u00f3w. Nale\u017cy wybra\u0107 optymalny moment zako\u0144czenia rundy i wyp\u0142acenia nagrody pieni\u0119\u017cnej. Gra wymaga od gracza u\u017cycia w\u0142asnej obserwacji i intuicji, co niew\u0105tpliwie pomo\u017ce mu wygra\u0107 w JetX3.<\/p>\n<h2>Cechy rozgrywki w JetX3:<\/h2>\n<ul>\n<li>Gracz wybiera kasyno z gr\u0105 JetX3 w katalogu gier.<\/li>\n<li>Gracz rejestruje si\u0119 i dokonuje wp\u0142aty.<\/li>\n<li>Znajduje gr\u0119 JetX3 w katalogu.<\/li>\n<li>Czeka na zako\u0144czenie obecnej rundy gry.<\/li>\n<li>Stawia zak\u0142ady na lot jednego, dw\u00f3ch lub trzech odrzutowc\u00f3w.<\/li>\n<li>Uwa\u017cnie obserwuje wzrost mno\u017cnik\u00f3w.<\/li>\n<li>Wybiera moment i klika przycisk wyp\u0142aty.<\/li>\n<\/ul>\n<p>Gracze mog\u0105 sterowa\u0107 statkami kosmicznymi w trybie r\u0119cznym lub automatycznym. Gra oferuje opcje konfiguracji automatycznych zak\u0142ad\u00f3w z okre\u015blonymi kwotami i automatycznego wyp\u0142acania z ustawionymi warto\u015bciami mno\u017cnik\u00f3w. Maksymalny wsp\u00f3\u0142czynnik w symulatorze krasza JetX3 to x1000 od zak\u0142ad\u00f3w. Gracze mog\u0105 stawia\u0107 zak\u0142ady w przedziale od 0,10 do 300 dolar\u00f3w na dowoln\u0105 liczb\u0119 trzech odrzutowc\u00f3w jednocze\u015bnie. Mo\u017cliwo\u015b\u0107 postawienia trzech zak\u0142ad\u00f3w jednocze\u015bnie to jedna z wa\u017cnych zalet tego automatu.<\/p>\n<h2>Zasady gry JetX3:<\/h2>\n<p>Przed rozpocz\u0119ciem gry wa\u017cne jest zrozumienie zasad. Znajomo\u015b\u0107 zasad pomo\u017ce ustawi\u0107 w\u0142a\u015bciwy cel i zwi\u0119kszy\u0107 szanse na wygran\u0105.<\/p>\n<ul>\n<li><strong>Cel gry JetX3:<\/strong> Gracze stawiaj\u0105 zak\u0142ady na lot jednego, dw\u00f3ch lub trzech statk\u00f3w kosmicznych. Celem jest wyp\u0142acenie zak\u0142adu przed wybuchem statku kosmicznego, uwzgl\u0119dniaj\u0105c wzrastaj\u0105cy mno\u017cnik co sekund\u0119 i zagro\u017cenie jego upadkiem.<\/li>\n<li><strong>Rozpocz\u0119cie rundy:<\/strong> Ka\u017cda runda zaczyna si\u0119 wraz z wypuszczeniem statk\u00f3w kosmicznych. Gracze stawiaj\u0105 zak\u0142ady przed lub na pocz\u0105tku lotu.<\/li>\n<li><strong>Wzrost mno\u017cnik\u00f3w:<\/strong> W miar\u0119 jak statki zdobywaj\u0105 wysoko\u015b\u0107, mno\u017cniki zak\u0142ad\u00f3w rosn\u0105. Te wsp\u00f3\u0142czynniki odzwierciedlaj\u0105 potencjalne wygrane. Innymi s\u0142owy, wsp\u00f3\u0142czynnik x2 oznacza, \u017ce tw\u00f3j zak\u0142ad podwoi si\u0119 w przypadku wygranej.<\/li>\n<li><strong>Czas wyp\u0142aty:<\/strong> Gracze musz\u0105 zdecydowa\u0107, kiedy zabra\u0107 swoje wygrane, naciskaj\u0105c przycisk wyp\u0142aty. Je\u015bli gracz zrobi to przed wybuchem statku kosmicznego, zak\u0142ad zostanie pomno\u017cony przez aktualny wsp\u00f3\u0142czynnik. Je\u015bli si\u0119 sp\u00f3\u017anisz, a statek kosmiczny eksploduje, oznacza to przegran\u0105, a zak\u0142ad sp\u0142onie.<\/li>\n<li><strong>Eksplozja statku kosmicznego:<\/strong> W ka\u017cdej chwili statek kosmiczny mo\u017ce eksplodowa\u0107. Je\u015bli to nast\u0105pi przed wyp\u0142aceniem zak\u0142adu, gracz traci swoj\u0105 stawk\u0119.<\/li>\n<li><strong>Opcje zak\u0142ad\u00f3w:<\/strong> Gracze mog\u0105 stawia\u0107 zak\u0142ady na jednego, dw\u00f3ch lub wszystkich trzech statk\u00f3w kosmicznych jednocze\u015bnie. Wielko\u015b\u0107 zak\u0142adu i wyb\u00f3r statk\u00f3w s\u0105 okre\u015blane przez gracza.<\/li>\n<li><strong>Tryb automatyczny:<\/strong> Gra oferuje opcj\u0119 trybu automatycznego, w kt\u00f3rym gracze mog\u0105 wcze\u015bniej ustawi\u0107 parametry automatycznych zak\u0142ad\u00f3w i automatycznego wyp\u0142acania przy osi\u0105gni\u0119ciu okre\u015blonego wsp\u00f3\u0142czynnika.<\/li>\n<li><strong>Maksymalny wsp\u00f3\u0142czynnik i zak\u0142ady:<\/strong> Maksymalny wsp\u00f3\u0142czynnik w grze mo\u017ce si\u0119gn\u0105\u0107 x1000 od kwoty zak\u0142adu. Zakres zak\u0142ad\u00f3w okre\u015blany jest przez zasady konkretnego kasyna.<\/li>\n<\/ul>\n<p>Te zasady zapewniaj\u0105 prostot\u0119 i klarowno\u015b\u0107 rozgrywki, co czyni JetX3 atrakcyjnym dla szerokiego grona graczy.<\/p>\n","protected":false},"excerpt":{"rendered":"<p>Nowa gra kraszowa JetX3 sta\u0142a si\u0119 spektakularnym kontynuowaniem popularnej gry kraszowej Aviator od Smartsoft Gaming. Ta nietypowa gra online zosta\u0142a wydana w 2021 roku i szybko zdoby\u0142a popularno\u015b\u0107 w\u015br\u00f3d publiczno\u015bci hazardowej. To jak automat, ale bez kr\u0119c\u0105cych si\u0119 b\u0119bn\u00f3w i linii wyp\u0142at, bez symboli i bonus\u00f3w, i osi\u0105gn\u0119\u0142a ogromny sukces dzi\u0119ki nietradycyjnemu podej\u015bciu do rozgrywki&#8230;<\/p>\n","protected":false},"author":1,"featured_media":0,"parent":0,"menu_order":0,"comment_status":"closed","ping_status":"closed","template":"","meta":{"footnotes":""},"class_list":["post-6","page","type-page","status-publish","hentry"],"yoast_head":"<!-- This site is optimized with the Yoast SEO plugin v27.2 - https:\/\/yoast.com\/product\/yoast-seo-wordpress\/ -->\n<title>\u0418\u0433\u0440\u0430\u0442\u044c \u0432 JetX3 \u0432 \u043e\u043d\u043b\u0430\u0439\u043d \u043a\u0430\u0437\u0438\u043d\u043e<\/title>\n<meta name=\"description\" content=\"Zagraj w gr\u0119 online JetX3 na prawdziwe pieni\u0105dze w kasynie online. Gra zderzeniowa JetX3, graj online, pobierz na iPhone&#039;a i Androida, wygrywaj prawdziwe pieni\u0105dze, opinie graczy.\" \/>\n<meta name=\"robots\" content=\"index, follow, max-snippet:-1, max-image-preview:large, max-video-preview:-1\" \/>\n<link rel=\"canonical\" href=\"https:\/\/jetxcrashgame.com\/pl\/\" \/>\n<meta property=\"og:locale\" content=\"pl_PL\" \/>\n<meta property=\"og:locale:alternate\" content=\"ru_RU\" \/>\n<meta property=\"og:locale:alternate\" content=\"en_US\" \/>\n<meta property=\"og:locale:alternate\" content=\"pt_PT\" \/>\n<meta property=\"og:locale:alternate\" content=\"es_ES\" \/>\n<meta property=\"og:locale:alternate\" content=\"sr_RS\" \/>\n<meta property=\"og:locale:alternate\" content=\"bg_BG\" \/>\n<meta property=\"og:locale:alternate\" content=\"it_IT\" \/>\n<meta property=\"og:locale:alternate\" content=\"fr_FR\" \/>\n<meta property=\"og:type\" content=\"article\" \/>\n<meta property=\"og:title\" content=\"\u0418\u0433\u0440\u0430\u0442\u044c \u0432 JetX3 \u0432 \u043e\u043d\u043b\u0430\u0439\u043d \u043a\u0430\u0437\u0438\u043d\u043e\" \/>\n<meta property=\"og:description\" content=\"\u0418\u0433\u0440\u0430\u0442\u044c \u0432 \u043e\u043d\u043b\u0430\u0439\u043d \u0438\u0433\u0440\u0443 JetX3 \u043d\u0430 \u0440\u0435\u0430\u043b\u044c\u043d\u044b\u0435 \u0434\u0435\u043d\u044c\u0433\u0438 \u0432 \u043e\u043d\u043b\u0430\u0439\u043d \u043a\u0430\u0437\u0438\u043d\u043e. \u041a\u0440\u0430\u0448 \u0438\u0433\u0440\u0430 JetX3, \u0438\u0433\u0440\u0430\u0442\u044c \u043e\u043d\u043b\u0430\u0439\u043d, \u0441\u043a\u0430\u0447\u0430\u0442\u044c \u0430\u0439\u0444\u043e\u043d \u0438 \u0410\u043d\u0434\u0440\u043e\u0438\u0434, \u0432\u044b\u0438\u0433\u0440\u0430\u0442\u044c \u0440\u0435\u0430\u043b\u044c\u043d\u044b\u0435 \u0434\u0435\u043d\u044c\u0433\u0438, \u043e\u0442\u0437\u044b\u0432\u044b \u0438\u0433\u0440\u043e\u043a\u043e\u0432\" \/>\n<meta property=\"og:url\" content=\"https:\/\/jetxcrashgame.com\/pl\/\" \/>\n<meta property=\"og:site_name\" content=\"JetX\" \/>\n<meta property=\"article:modified_time\" content=\"2024-03-02T13:56:50+00:00\" \/>\n<meta name=\"twitter:card\" content=\"summary_large_image\" \/>\n<meta name=\"twitter:label1\" content=\"Szacowany czas czytania\" \/>\n\t<meta name=\"twitter:data1\" content=\"21 minut\" \/>\n<script type=\"application\/ld+json\" class=\"yoast-schema-graph\">{\"@context\":\"https:\/\/schema.org\",\"@graph\":[{\"@type\":\"WebPage\",\"@id\":\"https:\/\/jetxcrashgame.com\/\",\"url\":\"https:\/\/jetxcrashgame.com\/\",\"name\":\"\u0418\u0433\u0440\u0430\u0442\u044c \u0432 JetX3 \u0432 \u043e\u043d\u043b\u0430\u0439\u043d \u043a\u0430\u0437\u0438\u043d\u043e\",\"isPartOf\":{\"@id\":\"https:\/\/jetxcrashgame.com\/#website\"},\"datePublished\":\"2024-01-06T21:08:32+00:00\",\"dateModified\":\"2024-03-02T13:56:50+00:00\",\"description\":\"\u0418\u0433\u0440\u0430\u0442\u044c \u0432 \u043e\u043d\u043b\u0430\u0439\u043d \u0438\u0433\u0440\u0443 JetX3 \u043d\u0430 \u0440\u0435\u0430\u043b\u044c\u043d\u044b\u0435 \u0434\u0435\u043d\u044c\u0433\u0438 \u0432 \u043e\u043d\u043b\u0430\u0439\u043d \u043a\u0430\u0437\u0438\u043d\u043e. \u041a\u0440\u0430\u0448 \u0438\u0433\u0440\u0430 JetX3, \u0438\u0433\u0440\u0430\u0442\u044c \u043e\u043d\u043b\u0430\u0439\u043d, \u0441\u043a\u0430\u0447\u0430\u0442\u044c \u0430\u0439\u0444\u043e\u043d \u0438 \u0410\u043d\u0434\u0440\u043e\u0438\u0434, \u0432\u044b\u0438\u0433\u0440\u0430\u0442\u044c \u0440\u0435\u0430\u043b\u044c\u043d\u044b\u0435 \u0434\u0435\u043d\u044c\u0433\u0438, \u043e\u0442\u0437\u044b\u0432\u044b \u0438\u0433\u0440\u043e\u043a\u043e\u0432\",\"breadcrumb\":{\"@id\":\"https:\/\/jetxcrashgame.com\/#breadcrumb\"},\"inLanguage\":\"pl-PL\",\"potentialAction\":[{\"@type\":\"ReadAction\",\"target\":[\"https:\/\/jetxcrashgame.com\/\"]}]},{\"@type\":\"BreadcrumbList\",\"@id\":\"https:\/\/jetxcrashgame.com\/#breadcrumb\",\"itemListElement\":[{\"@type\":\"ListItem\",\"position\":1,\"name\":\"Home\",\"item\":\"https:\/\/jetxcrashgame.com\/\"},{\"@type\":\"ListItem\",\"position\":2,\"name\":\"\u041a\u0430\u043a \u0438\u0433\u0440\u0430\u0442\u044c \u0432 \u043a\u0440\u0430\u0448-\u0441\u0438\u043c\u0443\u043b\u044f\u0442\u043e\u0440 JetX3 \u0432 \u043e\u043d\u043b\u0430\u0439\u043d-\u043a\u0430\u0437\u0438\u043d\u043e\"}]},{\"@type\":\"WebSite\",\"@id\":\"https:\/\/jetxcrashgame.com\/#website\",\"url\":\"https:\/\/jetxcrashgame.com\/\",\"name\":\"JetX\",\"description\":\"Just another WordPress site\",\"publisher\":{\"@id\":\"https:\/\/jetxcrashgame.com\/#organization\"},\"potentialAction\":[{\"@type\":\"SearchAction\",\"target\":{\"@type\":\"EntryPoint\",\"urlTemplate\":\"https:\/\/jetxcrashgame.com\/?s={search_term_string}\"},\"query-input\":{\"@type\":\"PropertyValueSpecification\",\"valueRequired\":true,\"valueName\":\"search_term_string\"}}],\"inLanguage\":\"pl-PL\"},{\"@type\":\"Organization\",\"@id\":\"https:\/\/jetxcrashgame.com\/#organization\",\"name\":\"JetX\",\"url\":\"https:\/\/jetxcrashgame.com\/\",\"logo\":{\"@type\":\"ImageObject\",\"inLanguage\":\"pl-PL\",\"@id\":\"https:\/\/jetxcrashgame.com\/#\/schema\/logo\/image\/\",\"url\":\"https:\/\/jetxcrashgame.com\/wp-content\/uploads\/JetX.png\",\"contentUrl\":\"https:\/\/jetxcrashgame.com\/wp-content\/uploads\/JetX.png\",\"width\":498,\"height\":191,\"caption\":\"JetX\"},\"image\":{\"@id\":\"https:\/\/jetxcrashgame.com\/#\/schema\/logo\/image\/\"}}]}<\/script>\n<!-- \/ Yoast SEO plugin. -->","yoast_head_json":{"title":"\u0418\u0433\u0440\u0430\u0442\u044c \u0432 JetX3 \u0432 \u043e\u043d\u043b\u0430\u0439\u043d \u043a\u0430\u0437\u0438\u043d\u043e","description":"Zagraj w gr\u0119 online JetX3 na prawdziwe pieni\u0105dze w kasynie online. Gra zderzeniowa JetX3, graj online, pobierz na iPhone'a i Androida, wygrywaj prawdziwe pieni\u0105dze, opinie graczy.","robots":{"index":"index","follow":"follow","max-snippet":"max-snippet:-1","max-image-preview":"max-image-preview:large","max-video-preview":"max-video-preview:-1"},"canonical":"https:\/\/jetxcrashgame.com\/pl\/","og_locale":"pl_PL","og_type":"article","og_title":"\u0418\u0433\u0440\u0430\u0442\u044c \u0432 JetX3 \u0432 \u043e\u043d\u043b\u0430\u0439\u043d \u043a\u0430\u0437\u0438\u043d\u043e","og_description":"\u0418\u0433\u0440\u0430\u0442\u044c \u0432 \u043e\u043d\u043b\u0430\u0439\u043d \u0438\u0433\u0440\u0443 JetX3 \u043d\u0430 \u0440\u0435\u0430\u043b\u044c\u043d\u044b\u0435 \u0434\u0435\u043d\u044c\u0433\u0438 \u0432 \u043e\u043d\u043b\u0430\u0439\u043d \u043a\u0430\u0437\u0438\u043d\u043e. \u041a\u0440\u0430\u0448 \u0438\u0433\u0440\u0430 JetX3, \u0438\u0433\u0440\u0430\u0442\u044c \u043e\u043d\u043b\u0430\u0439\u043d, \u0441\u043a\u0430\u0447\u0430\u0442\u044c \u0430\u0439\u0444\u043e\u043d \u0438 \u0410\u043d\u0434\u0440\u043e\u0438\u0434, \u0432\u044b\u0438\u0433\u0440\u0430\u0442\u044c \u0440\u0435\u0430\u043b\u044c\u043d\u044b\u0435 \u0434\u0435\u043d\u044c\u0433\u0438, \u043e\u0442\u0437\u044b\u0432\u044b \u0438\u0433\u0440\u043e\u043a\u043e\u0432","og_url":"https:\/\/jetxcrashgame.com\/pl\/","og_site_name":"JetX","article_modified_time":"2024-03-02T13:56:50+00:00","twitter_card":"summary_large_image","twitter_misc":{"Szacowany czas czytania":"21 minut"},"schema":{"@context":"https:\/\/schema.org","@graph":[{"@type":"WebPage","@id":"https:\/\/jetxcrashgame.com\/","url":"https:\/\/jetxcrashgame.com\/","name":"\u0418\u0433\u0440\u0430\u0442\u044c \u0432 JetX3 \u0432 \u043e\u043d\u043b\u0430\u0439\u043d \u043a\u0430\u0437\u0438\u043d\u043e","isPartOf":{"@id":"https:\/\/jetxcrashgame.com\/#website"},"datePublished":"2024-01-06T21:08:32+00:00","dateModified":"2024-03-02T13:56:50+00:00","description":"\u0418\u0433\u0440\u0430\u0442\u044c \u0432 \u043e\u043d\u043b\u0430\u0439\u043d \u0438\u0433\u0440\u0443 JetX3 \u043d\u0430 \u0440\u0435\u0430\u043b\u044c\u043d\u044b\u0435 \u0434\u0435\u043d\u044c\u0433\u0438 \u0432 \u043e\u043d\u043b\u0430\u0439\u043d \u043a\u0430\u0437\u0438\u043d\u043e. \u041a\u0440\u0430\u0448 \u0438\u0433\u0440\u0430 JetX3, \u0438\u0433\u0440\u0430\u0442\u044c \u043e\u043d\u043b\u0430\u0439\u043d, \u0441\u043a\u0430\u0447\u0430\u0442\u044c \u0430\u0439\u0444\u043e\u043d \u0438 \u0410\u043d\u0434\u0440\u043e\u0438\u0434, \u0432\u044b\u0438\u0433\u0440\u0430\u0442\u044c \u0440\u0435\u0430\u043b\u044c\u043d\u044b\u0435 \u0434\u0435\u043d\u044c\u0433\u0438, \u043e\u0442\u0437\u044b\u0432\u044b \u0438\u0433\u0440\u043e\u043a\u043e\u0432","breadcrumb":{"@id":"https:\/\/jetxcrashgame.com\/#breadcrumb"},"inLanguage":"pl-PL","potentialAction":[{"@type":"ReadAction","target":["https:\/\/jetxcrashgame.com\/"]}]},{"@type":"BreadcrumbList","@id":"https:\/\/jetxcrashgame.com\/#breadcrumb","itemListElement":[{"@type":"ListItem","position":1,"name":"Home","item":"https:\/\/jetxcrashgame.com\/"},{"@type":"ListItem","position":2,"name":"\u041a\u0430\u043a \u0438\u0433\u0440\u0430\u0442\u044c \u0432 \u043a\u0440\u0430\u0448-\u0441\u0438\u043c\u0443\u043b\u044f\u0442\u043e\u0440 JetX3 \u0432 \u043e\u043d\u043b\u0430\u0439\u043d-\u043a\u0430\u0437\u0438\u043d\u043e"}]},{"@type":"WebSite","@id":"https:\/\/jetxcrashgame.com\/#website","url":"https:\/\/jetxcrashgame.com\/","name":"JetX","description":"Just another WordPress site","publisher":{"@id":"https:\/\/jetxcrashgame.com\/#organization"},"potentialAction":[{"@type":"SearchAction","target":{"@type":"EntryPoint","urlTemplate":"https:\/\/jetxcrashgame.com\/?s={search_term_string}"},"query-input":{"@type":"PropertyValueSpecification","valueRequired":true,"valueName":"search_term_string"}}],"inLanguage":"pl-PL"},{"@type":"Organization","@id":"https:\/\/jetxcrashgame.com\/#organization","name":"JetX","url":"https:\/\/jetxcrashgame.com\/","logo":{"@type":"ImageObject","inLanguage":"pl-PL","@id":"https:\/\/jetxcrashgame.com\/#\/schema\/logo\/image\/","url":"https:\/\/jetxcrashgame.com\/wp-content\/uploads\/JetX.png","contentUrl":"https:\/\/jetxcrashgame.com\/wp-content\/uploads\/JetX.png","width":498,"height":191,"caption":"JetX"},"image":{"@id":"https:\/\/jetxcrashgame.com\/#\/schema\/logo\/image\/"}}]}},"_links":{"self":[{"href":"https:\/\/jetxcrashgame.com\/pl\/wp-json\/wp\/v2\/pages\/6","targetHints":{"allow":["GET"]}}],"collection":[{"href":"https:\/\/jetxcrashgame.com\/pl\/wp-json\/wp\/v2\/pages"}],"about":[{"href":"https:\/\/jetxcrashgame.com\/pl\/wp-json\/wp\/v2\/types\/page"}],"author":[{"embeddable":true,"href":"https:\/\/jetxcrashgame.com\/pl\/wp-json\/wp\/v2\/users\/1"}],"replies":[{"embeddable":true,"href":"https:\/\/jetxcrashgame.com\/pl\/wp-json\/wp\/v2\/comments?post=6"}],"version-history":[{"count":24,"href":"https:\/\/jetxcrashgame.com\/pl\/wp-json\/wp\/v2\/pages\/6\/revisions"}],"predecessor-version":[{"id":111,"href":"https:\/\/jetxcrashgame.com\/pl\/wp-json\/wp\/v2\/pages\/6\/revisions\/111"}],"wp:attachment":[{"href":"https:\/\/jetxcrashgame.com\/pl\/wp-json\/wp\/v2\/media?parent=6"}],"curies":[{"name":"wp","href":"https:\/\/api.w.org\/{rel}","templated":true}]}}