{"id":12,"date":"2024-01-06T21:26:18","date_gmt":"2024-01-06T21:26:18","guid":{"rendered":"https:\/\/jetxcrashgame.com\/?page_id=12"},"modified":"2024-03-02T13:57:48","modified_gmt":"2024-03-02T13:57:48","slug":"jetx3-reviews","status":"publish","type":"page","link":"https:\/\/jetxcrashgame.com\/pl\/jetx3-reviews\/","title":{"rendered":"Recenzje"},"content":{"rendered":"<p>Kiedy pojawia si\u0119 nowa i mniej znana gra, gracze oraz sta\u0142ych bywalc\u00f3w kasyn internetowych cz\u0119sto pytaj\u0105 si\u0119 nawzajem o swoje do\u015bwiadczenia, staraj\u0105c si\u0119 zrozumie\u0107, czy warto po\u015bwi\u0119ci\u0107 czas i wysi\u0142ek na dan\u0105 gr\u0119. Gra w krasha JetX3 wpisuje si\u0119 w tak\u0105 kategori\u0119. Szybko zyskuj\u0105c popularno\u015b\u0107, gra zwr\u00f3ci\u0142a uwag\u0119 graczy. Zebrali\u015bmy opinie, recenzje i opinie na temat tej gry.<\/p>\n<p>Wiktor, 28 lat: JetX3 to naprawd\u0119 ekscytuj\u0105ca gra! Podoba mi si\u0119 nieprzewidywalno\u015b\u0107 i adrenalina, kt\u00f3r\u0105 odczuwam, czekaj\u0105c, czy statek wybuchnie. \u015awietna rozrywka po pracy! Nawet je\u015bli przegram, wcale tego nie \u017ca\u0142uj\u0119. Lepiej ni\u017c siedzenie z przyjaci\u00f3\u0142mi po pracy i narzekanie na \u017cycie.<\/p>\n<p>Anna, 34 lata: Gra\u0142am w JetX3 wczoraj wieczorem i wygra\u0142am przyzwoit\u0105 sum\u0119! Intuicyjny interfejs i pi\u0119kna grafika. Zdecydowanie polecam. To troch\u0119 trudniejsze ni\u017c Aviator, ale je\u015bli wcze\u015bniej gra\u0142e\u015b w gry crash, to zdecydowanie doskona\u0142e kontynuacja.<\/p>\n<p>Maksym, 25 lat: Zacz\u0105\u0142em od ma\u0142ych zak\u0142ad\u00f3w, i to by\u0142o zabawne. Ale gdy stawki wzros\u0142y, gra sta\u0142a si\u0119 zbyt stresuj\u0105ca. Trzeba wiedzie\u0107, kiedy zatrzyma\u0107 si\u0119. Poza tym kontrolowanie trzech statk\u00f3w jest o wiele trudniejsze ni\u017c jednego. Z drugiej strony maksymalny wsp\u00f3\u0142czynnik wynosi 1000, co jest znacznie wy\u017csze ni\u017c w wi\u0119kszo\u015bci innych gier crash.<\/p>\n<p>Elena, 31 lat: Doskona\u0142a gra dla mi\u0142o\u015bnik\u00f3w hazardu! Auto-cashout to moja ulubiona funkcja w JetX3, pomaga mi kontrolowa\u0107 zak\u0142ady. Ostatecznie nie ko\u0144cz\u0119 na minusie, a zazwyczaj jest nawet zysk. Moi przyjaciele nie wierz\u0105 w sukces, ale c\u00f3\u017c mo\u017cna zrobi\u0107.<\/p>\n<p>Aleksej, 45 lat: Nie moja bajka. Gra wydaje si\u0119 zbyt losowa, a ja wol\u0119 gry, w kt\u00f3rych moje umiej\u0119tno\u015bci mog\u0105 wp\u0142yn\u0105\u0107 na wynik. M\u00f3wi\u0105, \u017ce gry crash s\u0105 \u0142atwiejsze do kontrolowania, ale nie jestem pewien.<\/p>\n<p>Daria, 22 lata: Kocham JetX3 za dynamik\u0119 i grafik\u0119! Ka\u017cda runda jest wyj\u0105tkowa, co sprawia, \u017ce gra jest ekscytuj\u0105ca. Du\u017co bardziej interesuj\u0105ce ni\u017c zwyk\u0142e automaty, gdzie po prostu naciskasz przycisk.<\/p>\n<p>Igor, 37 lat: Gra\u0142em w JetX3 i straci\u0142em wi\u0119cej ni\u017c planowa\u0142em. Trzeba by\u0107 bardzo ostro\u017cnym przy takich grach. Bardzo podchwytliwa gra.<\/p>\n<p>Olga, 29 lat: Gra jest dobra dla szybkiego podekscytowania, ale nie spodziewaj si\u0119 stabilnego dochodu. To bardziej kwestia szcz\u0119\u015bcia ni\u017c strategii. B\u0105d\u017a got\u00f3w na przegran\u0105.<\/p>\n<p>Pawe\u0142, 33 lata: Ekscytuj\u0105ce koncepcja i doskona\u0142e wykonanie. JetX3 to \u015bwie\u017ce spojrzenie na kasyna internetowe. Podoba mi si\u0119 ta gra, i planuj\u0119 dalej w ni\u0105 gra\u0107.<\/p>\n<p>Marina, 26 lat: JetX3 to idealna gra dla mnie. Uwielbiam obserwowa\u0107 wzrost mno\u017cnik\u00f3w i pr\u00f3bowa\u0107 odgadn\u0105\u0107 odpowiedni moment do wyp\u0142aty. To emocje, i uwielbiam gry hazardowe.<\/p>\n<p>Siergiej, 40 lat: Ciekawa gra, ale czasem wydaje si\u0119, \u017ce szanse na wygran\u0105 s\u0105 zbyt niskie. Mimo to wr\u00f3c\u0119, aby zagra\u0107 wi\u0119cej! Szanse na wygran\u0105 tutaj s\u0105 bardzo wysokie.<\/p>\n<p>Ksenia, 27 lat: Zacz\u0119\u0142am si\u0119 uzale\u017cnia\u0107 od JetX3 od pierwszego wejrzenia! To unikalne po\u0142\u0105czenie szcz\u0119\u015bcia i strategii. Poza tym design jest po prostu genialny! Ciesz\u0119 si\u0119, graj\u0105c, i zamierzam kontynuowa\u0107.<\/p>\n<p>Dmitrij, 35 lat: Po kilku grach w JetX3 zda\u0142em sobie spraw\u0119, \u017ce to nie tylko kwestia szcz\u0119\u015bcia. Trzeba umie\u0107 oceni\u0107 ryzyko i podejmowa\u0107 szybkie decyzje. Gra nie jest taka prosta, jak si\u0119 wydaje, ale jestem zadowolony i polecam j\u0105 wszystkim moim znajomym.<\/p>\n<p>Irina, 30 lat: JetX3 sprawia, \u017ce za ka\u017cdym razem, gdy statek startuje, jestem zdenerwowana. Emocje si\u0119gaj\u0105 zenitu, zw\u0142aszcza gdy wydaje si\u0119, \u017ce wygrana jest tak blisko! I w tej grze mo\u017cna naprawd\u0119 wygra\u0107 prawdziwe pieni\u0105dze.<\/p>\n<p>Niko\u0142aj, 42 lata: Gra JetX3 to przyzwoity spos\u00f3b na zabaw\u0119, ale nie traktuj tego jako \u017ar\u00f3d\u0142o dochodu. Wa\u017cne jest, aby gra\u0107 odpowiedzialnie i zatrzyma\u0107 si\u0119, jak tylko straci\u0142e\u015b kwot\u0119 przeznaczon\u0105 na dzisiejsz\u0105 gr\u0119.<\/p>\n","protected":false},"excerpt":{"rendered":"<p>Kiedy pojawia si\u0119 nowa i mniej znana gra, gracze oraz sta\u0142ych bywalc\u00f3w kasyn internetowych cz\u0119sto pytaj\u0105 si\u0119 nawzajem o swoje do\u015bwiadczenia, staraj\u0105c si\u0119 zrozumie\u0107, czy warto po\u015bwi\u0119ci\u0107 czas i wysi\u0142ek na dan\u0105 gr\u0119. Gra w krasha JetX3 wpisuje si\u0119 w tak\u0105 kategori\u0119. Szybko zyskuj\u0105c popularno\u015b\u0107, gra zwr\u00f3ci\u0142a uwag\u0119 graczy. Zebrali\u015bmy opinie, recenzje i opinie na&#8230;<\/p>\n","protected":false},"author":1,"featured_media":0,"parent":0,"menu_order":0,"comment_status":"closed","ping_status":"closed","template":"","meta":{"footnotes":""},"class_list":["post-12","page","type-page","status-publish","hentry"],"yoast_head":"<!-- This site is optimized with the Yoast SEO plugin v27.2 - https:\/\/yoast.com\/product\/yoast-seo-wordpress\/ -->\n<title>\u041e\u0442\u0437\u044b\u0432\u044b \u0438\u0433\u0440\u043e\u043a\u043e\u0432 \u043e\u0431 \u0438\u0433\u0440\u0435 JetX3<\/title>\n<meta name=\"description\" content=\"Opinie, recenzje i uczciwe opinie prawdziwych graczy na temat gry online JetX3. Najlepsze recenzje dla popularnej gry zderzeniowej JetX3.\" \/>\n<meta name=\"robots\" content=\"index, follow, max-snippet:-1, max-image-preview:large, max-video-preview:-1\" \/>\n<link rel=\"canonical\" href=\"https:\/\/jetxcrashgame.com\/pl\/jetx3-reviews\/\" \/>\n<meta property=\"og:locale\" content=\"pl_PL\" \/>\n<meta property=\"og:locale:alternate\" content=\"ru_RU\" \/>\n<meta property=\"og:locale:alternate\" content=\"en_US\" \/>\n<meta property=\"og:locale:alternate\" content=\"pt_PT\" \/>\n<meta property=\"og:locale:alternate\" content=\"es_ES\" \/>\n<meta property=\"og:locale:alternate\" content=\"sr_RS\" \/>\n<meta property=\"og:locale:alternate\" content=\"bg_BG\" \/>\n<meta property=\"og:locale:alternate\" content=\"it_IT\" \/>\n<meta property=\"og:locale:alternate\" content=\"fr_FR\" \/>\n<meta property=\"og:type\" content=\"article\" \/>\n<meta property=\"og:title\" content=\"\u041e\u0442\u0437\u044b\u0432\u044b \u0438\u0433\u0440\u043e\u043a\u043e\u0432 \u043e\u0431 \u0438\u0433\u0440\u0435 JetX3\" \/>\n<meta property=\"og:description\" content=\"\u041c\u043d\u0435\u043d\u0438\u044f, \u043e\u0431\u0437\u043e\u0440 \u0438 \u0447\u0435\u0441\u0442\u043d\u044b\u0435 \u043e\u0442\u0437\u044b\u0432\u044b \u043d\u0430\u0441\u0442\u043e\u044f\u0449\u0438\u0445 \u0438\u0433\u0440\u043e\u043a\u043e\u0432 \u043e\u0431 \u043e\u043d\u043b\u0430\u0439\u043d \u0438\u0433\u0440\u0435 JetX3. \u041b\u0443\u0447\u0448\u0438\u0435 \u043e\u0431\u0437\u043e\u0440\u044b \u043d\u0430 \u043f\u043e\u043f\u0443\u043b\u044f\u0440\u043d\u0443\u044e \u043a\u0440\u0430\u0448 \u0438\u0433\u0440\u0443 JetX3\" \/>\n<meta property=\"og:url\" content=\"https:\/\/jetxcrashgame.com\/pl\/jetx3-reviews\/\" \/>\n<meta property=\"og:site_name\" content=\"JetX\" \/>\n<meta property=\"article:modified_time\" content=\"2024-03-02T13:57:48+00:00\" \/>\n<meta name=\"twitter:card\" content=\"summary_large_image\" \/>\n<meta name=\"twitter:label1\" content=\"Szacowany czas czytania\" \/>\n\t<meta name=\"twitter:data1\" content=\"20 minut\" \/>\n<script type=\"application\/ld+json\" class=\"yoast-schema-graph\">{\"@context\":\"https:\/\/schema.org\",\"@graph\":[{\"@type\":\"WebPage\",\"@id\":\"https:\/\/jetxcrashgame.com\/jetx3-reviews\/\",\"url\":\"https:\/\/jetxcrashgame.com\/jetx3-reviews\/\",\"name\":\"\u041e\u0442\u0437\u044b\u0432\u044b \u0438\u0433\u0440\u043e\u043a\u043e\u0432 \u043e\u0431 \u0438\u0433\u0440\u0435 JetX3\",\"isPartOf\":{\"@id\":\"https:\/\/jetxcrashgame.com\/#website\"},\"datePublished\":\"2024-01-06T21:26:18+00:00\",\"dateModified\":\"2024-03-02T13:57:48+00:00\",\"description\":\"\u041c\u043d\u0435\u043d\u0438\u044f, \u043e\u0431\u0437\u043e\u0440 \u0438 \u0447\u0435\u0441\u0442\u043d\u044b\u0435 \u043e\u0442\u0437\u044b\u0432\u044b \u043d\u0430\u0441\u0442\u043e\u044f\u0449\u0438\u0445 \u0438\u0433\u0440\u043e\u043a\u043e\u0432 \u043e\u0431 \u043e\u043d\u043b\u0430\u0439\u043d \u0438\u0433\u0440\u0435 JetX3. \u041b\u0443\u0447\u0448\u0438\u0435 \u043e\u0431\u0437\u043e\u0440\u044b \u043d\u0430 \u043f\u043e\u043f\u0443\u043b\u044f\u0440\u043d\u0443\u044e \u043a\u0440\u0430\u0448 \u0438\u0433\u0440\u0443 JetX3\",\"breadcrumb\":{\"@id\":\"https:\/\/jetxcrashgame.com\/jetx3-reviews\/#breadcrumb\"},\"inLanguage\":\"pl-PL\",\"potentialAction\":[{\"@type\":\"ReadAction\",\"target\":[\"https:\/\/jetxcrashgame.com\/jetx3-reviews\/\"]}]},{\"@type\":\"BreadcrumbList\",\"@id\":\"https:\/\/jetxcrashgame.com\/jetx3-reviews\/#breadcrumb\",\"itemListElement\":[{\"@type\":\"ListItem\",\"position\":1,\"name\":\"Home\",\"item\":\"https:\/\/jetxcrashgame.com\/\"},{\"@type\":\"ListItem\",\"position\":2,\"name\":\"\u041e\u0442\u0437\u044b\u0432\u044b\"}]},{\"@type\":\"WebSite\",\"@id\":\"https:\/\/jetxcrashgame.com\/#website\",\"url\":\"https:\/\/jetxcrashgame.com\/\",\"name\":\"JetX\",\"description\":\"Just another WordPress site\",\"publisher\":{\"@id\":\"https:\/\/jetxcrashgame.com\/#organization\"},\"potentialAction\":[{\"@type\":\"SearchAction\",\"target\":{\"@type\":\"EntryPoint\",\"urlTemplate\":\"https:\/\/jetxcrashgame.com\/?s={search_term_string}\"},\"query-input\":{\"@type\":\"PropertyValueSpecification\",\"valueRequired\":true,\"valueName\":\"search_term_string\"}}],\"inLanguage\":\"pl-PL\"},{\"@type\":\"Organization\",\"@id\":\"https:\/\/jetxcrashgame.com\/#organization\",\"name\":\"JetX\",\"url\":\"https:\/\/jetxcrashgame.com\/\",\"logo\":{\"@type\":\"ImageObject\",\"inLanguage\":\"pl-PL\",\"@id\":\"https:\/\/jetxcrashgame.com\/#\/schema\/logo\/image\/\",\"url\":\"https:\/\/jetxcrashgame.com\/wp-content\/uploads\/JetX.png\",\"contentUrl\":\"https:\/\/jetxcrashgame.com\/wp-content\/uploads\/JetX.png\",\"width\":498,\"height\":191,\"caption\":\"JetX\"},\"image\":{\"@id\":\"https:\/\/jetxcrashgame.com\/#\/schema\/logo\/image\/\"}}]}<\/script>\n<!-- \/ Yoast SEO plugin. -->","yoast_head_json":{"title":"\u041e\u0442\u0437\u044b\u0432\u044b \u0438\u0433\u0440\u043e\u043a\u043e\u0432 \u043e\u0431 \u0438\u0433\u0440\u0435 JetX3","description":"Opinie, recenzje i uczciwe opinie prawdziwych graczy na temat gry online JetX3. Najlepsze recenzje dla popularnej gry zderzeniowej JetX3.","robots":{"index":"index","follow":"follow","max-snippet":"max-snippet:-1","max-image-preview":"max-image-preview:large","max-video-preview":"max-video-preview:-1"},"canonical":"https:\/\/jetxcrashgame.com\/pl\/jetx3-reviews\/","og_locale":"pl_PL","og_type":"article","og_title":"\u041e\u0442\u0437\u044b\u0432\u044b \u0438\u0433\u0440\u043e\u043a\u043e\u0432 \u043e\u0431 \u0438\u0433\u0440\u0435 JetX3","og_description":"\u041c\u043d\u0435\u043d\u0438\u044f, \u043e\u0431\u0437\u043e\u0440 \u0438 \u0447\u0435\u0441\u0442\u043d\u044b\u0435 \u043e\u0442\u0437\u044b\u0432\u044b \u043d\u0430\u0441\u0442\u043e\u044f\u0449\u0438\u0445 \u0438\u0433\u0440\u043e\u043a\u043e\u0432 \u043e\u0431 \u043e\u043d\u043b\u0430\u0439\u043d \u0438\u0433\u0440\u0435 JetX3. \u041b\u0443\u0447\u0448\u0438\u0435 \u043e\u0431\u0437\u043e\u0440\u044b \u043d\u0430 \u043f\u043e\u043f\u0443\u043b\u044f\u0440\u043d\u0443\u044e \u043a\u0440\u0430\u0448 \u0438\u0433\u0440\u0443 JetX3","og_url":"https:\/\/jetxcrashgame.com\/pl\/jetx3-reviews\/","og_site_name":"JetX","article_modified_time":"2024-03-02T13:57:48+00:00","twitter_card":"summary_large_image","twitter_misc":{"Szacowany czas czytania":"20 minut"},"schema":{"@context":"https:\/\/schema.org","@graph":[{"@type":"WebPage","@id":"https:\/\/jetxcrashgame.com\/jetx3-reviews\/","url":"https:\/\/jetxcrashgame.com\/jetx3-reviews\/","name":"\u041e\u0442\u0437\u044b\u0432\u044b \u0438\u0433\u0440\u043e\u043a\u043e\u0432 \u043e\u0431 \u0438\u0433\u0440\u0435 JetX3","isPartOf":{"@id":"https:\/\/jetxcrashgame.com\/#website"},"datePublished":"2024-01-06T21:26:18+00:00","dateModified":"2024-03-02T13:57:48+00:00","description":"\u041c\u043d\u0435\u043d\u0438\u044f, \u043e\u0431\u0437\u043e\u0440 \u0438 \u0447\u0435\u0441\u0442\u043d\u044b\u0435 \u043e\u0442\u0437\u044b\u0432\u044b \u043d\u0430\u0441\u0442\u043e\u044f\u0449\u0438\u0445 \u0438\u0433\u0440\u043e\u043a\u043e\u0432 \u043e\u0431 \u043e\u043d\u043b\u0430\u0439\u043d \u0438\u0433\u0440\u0435 JetX3. \u041b\u0443\u0447\u0448\u0438\u0435 \u043e\u0431\u0437\u043e\u0440\u044b \u043d\u0430 \u043f\u043e\u043f\u0443\u043b\u044f\u0440\u043d\u0443\u044e \u043a\u0440\u0430\u0448 \u0438\u0433\u0440\u0443 JetX3","breadcrumb":{"@id":"https:\/\/jetxcrashgame.com\/jetx3-reviews\/#breadcrumb"},"inLanguage":"pl-PL","potentialAction":[{"@type":"ReadAction","target":["https:\/\/jetxcrashgame.com\/jetx3-reviews\/"]}]},{"@type":"BreadcrumbList","@id":"https:\/\/jetxcrashgame.com\/jetx3-reviews\/#breadcrumb","itemListElement":[{"@type":"ListItem","position":1,"name":"Home","item":"https:\/\/jetxcrashgame.com\/"},{"@type":"ListItem","position":2,"name":"\u041e\u0442\u0437\u044b\u0432\u044b"}]},{"@type":"WebSite","@id":"https:\/\/jetxcrashgame.com\/#website","url":"https:\/\/jetxcrashgame.com\/","name":"JetX","description":"Just another WordPress site","publisher":{"@id":"https:\/\/jetxcrashgame.com\/#organization"},"potentialAction":[{"@type":"SearchAction","target":{"@type":"EntryPoint","urlTemplate":"https:\/\/jetxcrashgame.com\/?s={search_term_string}"},"query-input":{"@type":"PropertyValueSpecification","valueRequired":true,"valueName":"search_term_string"}}],"inLanguage":"pl-PL"},{"@type":"Organization","@id":"https:\/\/jetxcrashgame.com\/#organization","name":"JetX","url":"https:\/\/jetxcrashgame.com\/","logo":{"@type":"ImageObject","inLanguage":"pl-PL","@id":"https:\/\/jetxcrashgame.com\/#\/schema\/logo\/image\/","url":"https:\/\/jetxcrashgame.com\/wp-content\/uploads\/JetX.png","contentUrl":"https:\/\/jetxcrashgame.com\/wp-content\/uploads\/JetX.png","width":498,"height":191,"caption":"JetX"},"image":{"@id":"https:\/\/jetxcrashgame.com\/#\/schema\/logo\/image\/"}}]}},"_links":{"self":[{"href":"https:\/\/jetxcrashgame.com\/pl\/wp-json\/wp\/v2\/pages\/12","targetHints":{"allow":["GET"]}}],"collection":[{"href":"https:\/\/jetxcrashgame.com\/pl\/wp-json\/wp\/v2\/pages"}],"about":[{"href":"https:\/\/jetxcrashgame.com\/pl\/wp-json\/wp\/v2\/types\/page"}],"author":[{"embeddable":true,"href":"https:\/\/jetxcrashgame.com\/pl\/wp-json\/wp\/v2\/users\/1"}],"replies":[{"embeddable":true,"href":"https:\/\/jetxcrashgame.com\/pl\/wp-json\/wp\/v2\/comments?post=12"}],"version-history":[{"count":21,"href":"https:\/\/jetxcrashgame.com\/pl\/wp-json\/wp\/v2\/pages\/12\/revisions"}],"predecessor-version":[{"id":112,"href":"https:\/\/jetxcrashgame.com\/pl\/wp-json\/wp\/v2\/pages\/12\/revisions\/112"}],"wp:attachment":[{"href":"https:\/\/jetxcrashgame.com\/pl\/wp-json\/wp\/v2\/media?parent=12"}],"curies":[{"name":"wp","href":"https:\/\/api.w.org\/{rel}","templated":true}]}}