{"id":10,"date":"2024-01-06T21:10:48","date_gmt":"2024-01-06T21:10:48","guid":{"rendered":"https:\/\/jetxcrashgame.com\/?page_id=10"},"modified":"2024-03-02T13:54:25","modified_gmt":"2024-03-02T13:54:25","slug":"where-to-play-jetx3","status":"publish","type":"page","link":"https:\/\/jetxcrashgame.com\/pl\/where-to-play-jetx3\/","title":{"rendered":"Gdzie zagra\u0107 w gr\u0119 crash JetX3?"},"content":{"rendered":"<p>Gra JetX3 jest dost\u0119pna w wielu kasynach online. Aby obstawia\u0107 zak\u0142ady w prawdziwej walucie, konieczne jest zarejestrowanie si\u0119 w kasynie internetowym i do\u0142adowanie konta gracza. Nale\u017cy wybiera\u0107 licencjonowane i godne zaufania kasyna online o dobrej reputacji. Przy wyborze plac\u00f3wki nale\u017cy bra\u0107 pod uwag\u0119 takie cechy jak:<\/p>\n<ul>\n<li>Ocena kasyna online;<\/li>\n<li>Posiadanie licencji;<\/li>\n<li>Atrakcyjne bonusy;<\/li>\n<li>Wsparcie dla wielu walut;<\/li>\n<li>Bezpiecze\u0144stwo witryny;<\/li>\n<li>Wygodne metody p\u0142atno\u015bci;<\/li>\n<li>Szybkie wyp\u0142aty \u015brodk\u00f3w;<\/li>\n<li>Szeroki zakres gier;<\/li>\n<li>Przyjazna obs\u0142uga klienta 24\/7;<\/li>\n<li>Procedura rejestracji jest prosta;<\/li>\n<li>Powitalne prezenty dla nowych graczy.<\/li>\n<\/ul>\n<p>Kasyno musi posiada\u0107 licencj\u0119 na \u015bwiadczenie us\u0142ug hazardowych od uznanych regulator\u00f3w bran\u017cowych. Zwr\u00f3\u0107 uwag\u0119 na list\u0119 akceptowanych walut i dost\u0119pnych metod p\u0142atno\u015bci. Przed zarejestrowaniem si\u0119 na platformie wirtualnej upewnij si\u0119, \u017ce kasyno oferuje gr\u0119 JetX3 w katalogu gier.<\/p>\n<p>Je\u015bli firma oferuje nowym graczom powitalne prezenty, mo\u017cna u\u017cy\u0107 tych \u015brodk\u00f3w do zak\u0142ad\u00f3w w grze crash na koszt kasyna. Aby otrzyma\u0107 bonusy, zazwyczaj trzeba utworzy\u0107 konto i dokona\u0107 wp\u0142aty. Przed aktywacj\u0105 prezent\u00f3w zapoznaj si\u0119 z warunkami obrotu. Zaleca si\u0119 gr\u0119 na symulatorze za prawdziwe pieni\u0105dze po dok\u0142adnym zapoznaniu si\u0119 z gr\u0105 w trybie demonstracyjnym.<\/p>\n<p>Mamy nadziej\u0119, \u017ce nasze wskaz\u00f3wki dotycz\u0105ce wyboru kasyna online do gry w JetX3 by\u0142y pomocne.<\/p>\n","protected":false},"excerpt":{"rendered":"<p>Gra JetX3 jest dost\u0119pna w wielu kasynach online. Aby obstawia\u0107 zak\u0142ady w prawdziwej walucie, konieczne jest zarejestrowanie si\u0119 w kasynie internetowym i do\u0142adowanie konta gracza. Nale\u017cy wybiera\u0107 licencjonowane i godne zaufania kasyna online o dobrej reputacji. Przy wyborze plac\u00f3wki nale\u017cy bra\u0107 pod uwag\u0119 takie cechy jak: Ocena kasyna online; Posiadanie licencji; Atrakcyjne bonusy; Wsparcie dla&#8230;<\/p>\n","protected":false},"author":1,"featured_media":0,"parent":0,"menu_order":0,"comment_status":"closed","ping_status":"closed","template":"","meta":{"footnotes":""},"class_list":["post-10","page","type-page","status-publish","hentry"],"yoast_head":"<!-- This site is optimized with the Yoast SEO plugin v27.2 - https:\/\/yoast.com\/product\/yoast-seo-wordpress\/ -->\n<title>Elija un Casino para Jugar JetX3<\/title>\n<meta name=\"description\" content=\"Wa\u017cne jest wybranie uczciwego i godnego zaufania kasyna online, aby zagra\u0107 w JetX3. Gdzie zagra\u0107 w JetX3 za darmo i na prawdziwe pieni\u0105dze.\" \/>\n<meta name=\"robots\" content=\"index, follow, max-snippet:-1, max-image-preview:large, max-video-preview:-1\" \/>\n<link rel=\"canonical\" href=\"https:\/\/jetxcrashgame.com\/pl\/where-to-play-jetx3\/\" \/>\n<meta property=\"og:locale\" content=\"pl_PL\" \/>\n<meta property=\"og:locale:alternate\" content=\"ru_RU\" \/>\n<meta property=\"og:locale:alternate\" content=\"en_US\" \/>\n<meta property=\"og:locale:alternate\" content=\"pt_PT\" \/>\n<meta property=\"og:locale:alternate\" content=\"es_ES\" \/>\n<meta property=\"og:locale:alternate\" content=\"sr_RS\" \/>\n<meta property=\"og:locale:alternate\" content=\"bg_BG\" \/>\n<meta property=\"og:locale:alternate\" content=\"it_IT\" \/>\n<meta property=\"og:locale:alternate\" content=\"fr_FR\" \/>\n<meta property=\"og:type\" content=\"article\" \/>\n<meta property=\"og:title\" content=\"Elija un Casino para Jugar JetX3\" \/>\n<meta property=\"og:description\" content=\"Es importante seleccionar un casino en l\u00ednea justo y confiable para jugar JetX3. D\u00f3nde jugar JetX3 gratis y con dinero real.\" \/>\n<meta property=\"og:url\" content=\"https:\/\/jetxcrashgame.com\/pl\/where-to-play-jetx3\/\" \/>\n<meta property=\"og:site_name\" content=\"JetX\" \/>\n<meta property=\"article:modified_time\" content=\"2024-03-02T13:54:25+00:00\" \/>\n<meta name=\"twitter:card\" content=\"summary_large_image\" \/>\n<meta name=\"twitter:label1\" content=\"Szacowany czas czytania\" \/>\n\t<meta name=\"twitter:data1\" content=\"7 minut\" \/>\n<script type=\"application\/ld+json\" class=\"yoast-schema-graph\">{\"@context\":\"https:\/\/schema.org\",\"@graph\":[{\"@type\":\"WebPage\",\"@id\":\"https:\/\/jetxcrashgame.com\/es\/where-to-play-jetx3\/\",\"url\":\"https:\/\/jetxcrashgame.com\/es\/where-to-play-jetx3\/\",\"name\":\"Elija un Casino para Jugar JetX3\",\"isPartOf\":{\"@id\":\"https:\/\/jetxcrashgame.com\/#website\"},\"datePublished\":\"2024-01-06T21:10:48+00:00\",\"dateModified\":\"2024-03-02T13:54:25+00:00\",\"description\":\"Es importante seleccionar un casino en l\u00ednea justo y confiable para jugar JetX3. D\u00f3nde jugar JetX3 gratis y con dinero real.\",\"breadcrumb\":{\"@id\":\"https:\/\/jetxcrashgame.com\/es\/where-to-play-jetx3\/#breadcrumb\"},\"inLanguage\":\"pl-PL\",\"potentialAction\":[{\"@type\":\"ReadAction\",\"target\":[\"https:\/\/jetxcrashgame.com\/es\/where-to-play-jetx3\/\"]}]},{\"@type\":\"BreadcrumbList\",\"@id\":\"https:\/\/jetxcrashgame.com\/es\/where-to-play-jetx3\/#breadcrumb\",\"itemListElement\":[{\"@type\":\"ListItem\",\"position\":1,\"name\":\"Home\",\"item\":\"https:\/\/jetxcrashgame.com\/\"},{\"@type\":\"ListItem\",\"position\":2,\"name\":\"\u00bfD\u00f3nde jugar al juego de crash JetX3?\"}]},{\"@type\":\"WebSite\",\"@id\":\"https:\/\/jetxcrashgame.com\/#website\",\"url\":\"https:\/\/jetxcrashgame.com\/\",\"name\":\"JetX\",\"description\":\"Just another WordPress site\",\"publisher\":{\"@id\":\"https:\/\/jetxcrashgame.com\/#organization\"},\"potentialAction\":[{\"@type\":\"SearchAction\",\"target\":{\"@type\":\"EntryPoint\",\"urlTemplate\":\"https:\/\/jetxcrashgame.com\/?s={search_term_string}\"},\"query-input\":{\"@type\":\"PropertyValueSpecification\",\"valueRequired\":true,\"valueName\":\"search_term_string\"}}],\"inLanguage\":\"pl-PL\"},{\"@type\":\"Organization\",\"@id\":\"https:\/\/jetxcrashgame.com\/#organization\",\"name\":\"JetX\",\"url\":\"https:\/\/jetxcrashgame.com\/\",\"logo\":{\"@type\":\"ImageObject\",\"inLanguage\":\"pl-PL\",\"@id\":\"https:\/\/jetxcrashgame.com\/#\/schema\/logo\/image\/\",\"url\":\"https:\/\/jetxcrashgame.com\/wp-content\/uploads\/JetX.png\",\"contentUrl\":\"https:\/\/jetxcrashgame.com\/wp-content\/uploads\/JetX.png\",\"width\":498,\"height\":191,\"caption\":\"JetX\"},\"image\":{\"@id\":\"https:\/\/jetxcrashgame.com\/#\/schema\/logo\/image\/\"}}]}<\/script>\n<!-- \/ Yoast SEO plugin. -->","yoast_head_json":{"title":"Elija un Casino para Jugar JetX3","description":"Wa\u017cne jest wybranie uczciwego i godnego zaufania kasyna online, aby zagra\u0107 w JetX3. Gdzie zagra\u0107 w JetX3 za darmo i na prawdziwe pieni\u0105dze.","robots":{"index":"index","follow":"follow","max-snippet":"max-snippet:-1","max-image-preview":"max-image-preview:large","max-video-preview":"max-video-preview:-1"},"canonical":"https:\/\/jetxcrashgame.com\/pl\/where-to-play-jetx3\/","og_locale":"pl_PL","og_type":"article","og_title":"Elija un Casino para Jugar JetX3","og_description":"Es importante seleccionar un casino en l\u00ednea justo y confiable para jugar JetX3. D\u00f3nde jugar JetX3 gratis y con dinero real.","og_url":"https:\/\/jetxcrashgame.com\/pl\/where-to-play-jetx3\/","og_site_name":"JetX","article_modified_time":"2024-03-02T13:54:25+00:00","twitter_card":"summary_large_image","twitter_misc":{"Szacowany czas czytania":"7 minut"},"schema":{"@context":"https:\/\/schema.org","@graph":[{"@type":"WebPage","@id":"https:\/\/jetxcrashgame.com\/es\/where-to-play-jetx3\/","url":"https:\/\/jetxcrashgame.com\/es\/where-to-play-jetx3\/","name":"Elija un Casino para Jugar JetX3","isPartOf":{"@id":"https:\/\/jetxcrashgame.com\/#website"},"datePublished":"2024-01-06T21:10:48+00:00","dateModified":"2024-03-02T13:54:25+00:00","description":"Es importante seleccionar un casino en l\u00ednea justo y confiable para jugar JetX3. D\u00f3nde jugar JetX3 gratis y con dinero real.","breadcrumb":{"@id":"https:\/\/jetxcrashgame.com\/es\/where-to-play-jetx3\/#breadcrumb"},"inLanguage":"pl-PL","potentialAction":[{"@type":"ReadAction","target":["https:\/\/jetxcrashgame.com\/es\/where-to-play-jetx3\/"]}]},{"@type":"BreadcrumbList","@id":"https:\/\/jetxcrashgame.com\/es\/where-to-play-jetx3\/#breadcrumb","itemListElement":[{"@type":"ListItem","position":1,"name":"Home","item":"https:\/\/jetxcrashgame.com\/"},{"@type":"ListItem","position":2,"name":"\u00bfD\u00f3nde jugar al juego de crash JetX3?"}]},{"@type":"WebSite","@id":"https:\/\/jetxcrashgame.com\/#website","url":"https:\/\/jetxcrashgame.com\/","name":"JetX","description":"Just another WordPress site","publisher":{"@id":"https:\/\/jetxcrashgame.com\/#organization"},"potentialAction":[{"@type":"SearchAction","target":{"@type":"EntryPoint","urlTemplate":"https:\/\/jetxcrashgame.com\/?s={search_term_string}"},"query-input":{"@type":"PropertyValueSpecification","valueRequired":true,"valueName":"search_term_string"}}],"inLanguage":"pl-PL"},{"@type":"Organization","@id":"https:\/\/jetxcrashgame.com\/#organization","name":"JetX","url":"https:\/\/jetxcrashgame.com\/","logo":{"@type":"ImageObject","inLanguage":"pl-PL","@id":"https:\/\/jetxcrashgame.com\/#\/schema\/logo\/image\/","url":"https:\/\/jetxcrashgame.com\/wp-content\/uploads\/JetX.png","contentUrl":"https:\/\/jetxcrashgame.com\/wp-content\/uploads\/JetX.png","width":498,"height":191,"caption":"JetX"},"image":{"@id":"https:\/\/jetxcrashgame.com\/#\/schema\/logo\/image\/"}}]}},"_links":{"self":[{"href":"https:\/\/jetxcrashgame.com\/pl\/wp-json\/wp\/v2\/pages\/10","targetHints":{"allow":["GET"]}}],"collection":[{"href":"https:\/\/jetxcrashgame.com\/pl\/wp-json\/wp\/v2\/pages"}],"about":[{"href":"https:\/\/jetxcrashgame.com\/pl\/wp-json\/wp\/v2\/types\/page"}],"author":[{"embeddable":true,"href":"https:\/\/jetxcrashgame.com\/pl\/wp-json\/wp\/v2\/users\/1"}],"replies":[{"embeddable":true,"href":"https:\/\/jetxcrashgame.com\/pl\/wp-json\/wp\/v2\/comments?post=10"}],"version-history":[{"count":20,"href":"https:\/\/jetxcrashgame.com\/pl\/wp-json\/wp\/v2\/pages\/10\/revisions"}],"predecessor-version":[{"id":109,"href":"https:\/\/jetxcrashgame.com\/pl\/wp-json\/wp\/v2\/pages\/10\/revisions\/109"}],"wp:attachment":[{"href":"https:\/\/jetxcrashgame.com\/pl\/wp-json\/wp\/v2\/media?parent=10"}],"curies":[{"name":"wp","href":"https:\/\/api.w.org\/{rel}","templated":true}]}}