{"id":8,"date":"2024-01-06T21:10:02","date_gmt":"2024-01-06T21:10:02","guid":{"rendered":"https:\/\/jetxcrashgame.com\/?page_id=8"},"modified":"2024-03-02T13:55:40","modified_gmt":"2024-03-02T13:55:40","slug":"how-to-win-jetx3","status":"publish","type":"page","link":"https:\/\/jetxcrashgame.com\/it\/how-to-win-jetx3\/","title":{"rendered":"Come vincere nel gioco di crash JetX3?"},"content":{"rendered":"<p>Nel gioco JetX3, sono presenti le statistiche delle ultime partite. Le informazioni su scommesse, moltiplicatori e vincite sia per il giocatore che per gli altri partecipanti al gioco sono visualizzate nelle tabelle delle informazioni. Questi dati possono essere utilizzati per scegliere la strategia di scommessa ottimale, che aiuter\u00e0 a garantire una vittoria nella slot e a reclamare premi in denaro reale presso il casin\u00f2 online.<\/p>\n<h2><strong>Come vincere in JetX3:<\/strong><\/h2>\n<p>Purtroppo, non troverai una risposta universale che garantisca un risultato del 100% per ogni turno. Tuttavia, ci sono alcuni semplici consigli che possono aumentare le tue possibilit\u00e0 di vincita:<\/p>\n<ul>\n<li>Testa la slot in modalit\u00e0 demo prima di giocare con denaro reale, poich\u00e9 questo ti dar\u00e0 una migliore comprensione della meccanica di gioco e delle regole.<\/li>\n<li>Prova a piazzare importi diversi su un diverso numero di navicelle spaziali, poich\u00e9 questo aumenta la variabilit\u00e0 del compito, e capirai meglio come tenere traccia contemporaneamente di 3 navicelle.<\/li>\n<li>Scegli la dimensione della scommessa ottimale e il tempo di gioco, poich\u00e9 capirai la tua disponibilit\u00e0 al rischio, poich\u00e9 il lungo attesa del decollo indica una prontezza ad attendere un coefficiente elevato.<\/li>\n<li>Assegna un bankroll specifico per la sessione di gioco, e in caso di perdita, \u00e8 importante fermarsi e uscire dal gioco.<\/li>\n<li>Utilizza strategie di scommessa comprovate in JetX3. Se ha funzionato in precedenza, \u00e8 probabile che continui a funzionare. Come si suol dire, non correggere ci\u00f2 che non \u00e8 rotto.<\/li>\n<li>Imposta un limite per l&#8217;importo della perdita (stop-loss), come gi\u00e0 accennato.<\/li>\n<li>Utilizza le funzionalit\u00e0 di auto-scommessa e auto-incasso, poich\u00e9 ci\u00f2 aumenta significativamente le opportunit\u00e0 di gestire correttamente il gioco.<\/li>\n<li>Non cercare di recuperare le perdite in caso di sconfitta. Nessuno garantisce che avrai successo, e in caso di fallimento, finirai in un debito ancora pi\u00f9 grande.<\/li>\n<li>Preleva le vincite dal conto del casin\u00f2 per evitare di spendere il premio.<\/li>\n<\/ul>\n<p>I giocatori esperti che vogliono massimizzare le loro possibilit\u00e0 di vincere nel gioco di crash JetX3 di solito ricorrono all&#8217;uso di approcci strategici collaudati. Tra le strategie pi\u00f9 popolari ed efficaci c&#8217;\u00e8 la tattica del Martingale. L&#8217;essenza di questa tattica \u00e8 raddoppiare la scommessa dopo ogni perdita, teoricamente permettendo di recuperare tutte le perdite precedenti con la prossima vincita. Tuttavia, \u00e8 importante considerare che tale strategia richiede un bankroll significativo e pu\u00f2 essere rischiosa durante serie di sconfitte prolungate.<\/p>\n<p>Un altro approccio popolare prevede di giocare con coefficienti bassi, medi o alti in JetX3. Ad esempio, alcuni giocatori preferiscono scommettere su coefficienti bassi, come 1,2-1,5, per ottenere vincite pi\u00f9 frequenti ma pi\u00f9 piccole. Allo stesso tempo, altri possono scegliere di rischiare con coefficienti pi\u00f9 alti, come 5-10, contando su vincite significative. Questo richiede un&#8217;analisi attenta e una valutazione del rischio, poich\u00e9 i coefficienti alti corrispondono a una minore probabilit\u00e0 di successo.<\/p>\n<p>L&#8217;uso dell&#8217;auto-incasso automatico \u00e8 un altro elemento importante della strategia in JetX3. Impostando valori specifici del moltiplicatore per l&#8217;auto-incasso, i giocatori possono terminare automaticamente il turno quando questi coefficienti vengono raggiunti. Questo aiuta a evitare una situazione in cui un giocatore, preso dall&#8217;entusiasmo, non riesce a prelevare denaro in tempo, portando a perdite finanziarie. Tale approccio assicura un gioco pi\u00f9 disciplinato e aiuta nella gestione del bankroll.<\/p>\n<p>\u00c8 essenziale ricordare che l&#8217;esito di ogni turno in JetX3 \u00e8 determinato da un generatore di numeri casuali, rendendo impossibile prevedere con precisione il momento in cui la navicella esploder\u00e0. Ecco perch\u00e9 le decisioni del giocatore su quando smettere di giocare sono cruciali. Anche se non ci sono metodi garantiti per assicurare una vittoria in ogni turno, l&#8217;uso corretto delle strategie di scommessa e della gestione del rischio pu\u00f2 migliorare le possibilit\u00e0 complessive di successo. In definitiva, il successo in JetX3 dipende dalla capacit\u00e0 del giocatore di valutare correttamente la situazione e prendere decisioni tempestive, basate sulle osservazioni del comportamento delle navicelle spaziali, dei coefficienti e della propria intuizione. Questo rende il gioco non solo emozionante, ma richiede anche al giocatore di essere attento e cauto, specialmente quando le navicelle spaziali possono esplodere sullo schermo in qualsiasi momento, e \u00e8 necessario incassare prima di un potenziale schianto.<\/p>\n","protected":false},"excerpt":{"rendered":"<p>Nel gioco JetX3, sono presenti le statistiche delle ultime partite. Le informazioni su scommesse, moltiplicatori e vincite sia per il giocatore che per gli altri partecipanti al gioco sono visualizzate nelle tabelle delle informazioni. Questi dati possono essere utilizzati per scegliere la strategia di scommessa ottimale, che aiuter\u00e0 a garantire una vittoria nella slot e&#8230;<\/p>\n","protected":false},"author":1,"featured_media":0,"parent":0,"menu_order":0,"comment_status":"closed","ping_status":"closed","template":"","meta":{"footnotes":""},"class_list":["post-8","page","type-page","status-publish","hentry"],"yoast_head":"<!-- This site is optimized with the Yoast SEO plugin v27.2 - https:\/\/yoast.com\/product\/yoast-seo-wordpress\/ -->\n<title>\u041a\u0430\u043a \u0438\u0433\u0440\u0430\u0442\u044c \u0438 \u0432\u044b\u0438\u0433\u0440\u044b\u0432\u0430\u0442\u044c \u0432 \u043e\u043d\u043b\u0430\u0439\u043d \u0438\u0433\u0440\u0443 JetX3<\/title>\n<meta name=\"description\" content=\"Le migliori strategie e tattiche per giocare a JetX3. Discutiamo di come giocare e vincere soldi veri nel gioco di incidente JetX3.\" \/>\n<meta name=\"robots\" content=\"index, follow, max-snippet:-1, max-image-preview:large, max-video-preview:-1\" \/>\n<link rel=\"canonical\" href=\"https:\/\/jetxcrashgame.com\/it\/how-to-win-jetx3\/\" \/>\n<meta property=\"og:locale\" content=\"it_IT\" \/>\n<meta property=\"og:locale:alternate\" content=\"ru_RU\" \/>\n<meta property=\"og:locale:alternate\" content=\"en_US\" \/>\n<meta property=\"og:locale:alternate\" content=\"pt_PT\" \/>\n<meta property=\"og:locale:alternate\" content=\"es_ES\" \/>\n<meta property=\"og:locale:alternate\" content=\"sr_RS\" \/>\n<meta property=\"og:locale:alternate\" content=\"bg_BG\" \/>\n<meta property=\"og:locale:alternate\" content=\"pl_PL\" \/>\n<meta property=\"og:locale:alternate\" content=\"fr_FR\" \/>\n<meta property=\"og:type\" content=\"article\" \/>\n<meta property=\"og:title\" content=\"\u041a\u0430\u043a \u0438\u0433\u0440\u0430\u0442\u044c \u0438 \u0432\u044b\u0438\u0433\u0440\u044b\u0432\u0430\u0442\u044c \u0432 \u043e\u043d\u043b\u0430\u0439\u043d \u0438\u0433\u0440\u0443 JetX3\" \/>\n<meta property=\"og:description\" content=\"\u041b\u0443\u0447\u0448\u0438\u0435 \u0441\u0442\u0440\u0430\u0442\u0435\u0433\u0438\u0438 \u0438 \u0442\u0430\u043a\u0442\u0438\u043a\u0438 \u0438\u0433\u0440\u044b JetX3. \u041f\u043e\u0433\u043e\u0432\u043e\u0440\u0438\u043c \u043a\u0430\u043a \u0438\u0433\u0440\u0430\u0442\u044c \u0438 \u0432\u044b\u0438\u0433\u0440\u044b\u0432\u0430\u0442\u044c \u0440\u0435\u0430\u043b\u044c\u043d\u044b\u0435 \u0434\u0435\u043d\u044c\u0433\u0438 \u0432 \u043a\u0440\u0430\u0448 \u0438\u0433\u0440\u0435 JetX3\" \/>\n<meta property=\"og:url\" content=\"https:\/\/jetxcrashgame.com\/it\/how-to-win-jetx3\/\" \/>\n<meta property=\"og:site_name\" content=\"JetX\" \/>\n<meta property=\"article:modified_time\" content=\"2024-03-02T13:55:40+00:00\" \/>\n<meta name=\"twitter:card\" content=\"summary_large_image\" \/>\n<meta name=\"twitter:label1\" content=\"Tempo di lettura stimato\" \/>\n\t<meta name=\"twitter:data1\" content=\"22 minuti\" \/>\n<script type=\"application\/ld+json\" class=\"yoast-schema-graph\">{\"@context\":\"https:\/\/schema.org\",\"@graph\":[{\"@type\":\"WebPage\",\"@id\":\"https:\/\/jetxcrashgame.com\/how-to-win-jetx3\/\",\"url\":\"https:\/\/jetxcrashgame.com\/how-to-win-jetx3\/\",\"name\":\"\u041a\u0430\u043a \u0438\u0433\u0440\u0430\u0442\u044c \u0438 \u0432\u044b\u0438\u0433\u0440\u044b\u0432\u0430\u0442\u044c \u0432 \u043e\u043d\u043b\u0430\u0439\u043d \u0438\u0433\u0440\u0443 JetX3\",\"isPartOf\":{\"@id\":\"https:\/\/jetxcrashgame.com\/#website\"},\"datePublished\":\"2024-01-06T21:10:02+00:00\",\"dateModified\":\"2024-03-02T13:55:40+00:00\",\"description\":\"\u041b\u0443\u0447\u0448\u0438\u0435 \u0441\u0442\u0440\u0430\u0442\u0435\u0433\u0438\u0438 \u0438 \u0442\u0430\u043a\u0442\u0438\u043a\u0438 \u0438\u0433\u0440\u044b JetX3. \u041f\u043e\u0433\u043e\u0432\u043e\u0440\u0438\u043c \u043a\u0430\u043a \u0438\u0433\u0440\u0430\u0442\u044c \u0438 \u0432\u044b\u0438\u0433\u0440\u044b\u0432\u0430\u0442\u044c \u0440\u0435\u0430\u043b\u044c\u043d\u044b\u0435 \u0434\u0435\u043d\u044c\u0433\u0438 \u0432 \u043a\u0440\u0430\u0448 \u0438\u0433\u0440\u0435 JetX3\",\"breadcrumb\":{\"@id\":\"https:\/\/jetxcrashgame.com\/how-to-win-jetx3\/#breadcrumb\"},\"inLanguage\":\"it-IT\",\"potentialAction\":[{\"@type\":\"ReadAction\",\"target\":[\"https:\/\/jetxcrashgame.com\/how-to-win-jetx3\/\"]}]},{\"@type\":\"BreadcrumbList\",\"@id\":\"https:\/\/jetxcrashgame.com\/how-to-win-jetx3\/#breadcrumb\",\"itemListElement\":[{\"@type\":\"ListItem\",\"position\":1,\"name\":\"Home\",\"item\":\"https:\/\/jetxcrashgame.com\/\"},{\"@type\":\"ListItem\",\"position\":2,\"name\":\"\u041a\u0430\u043a \u0432\u044b\u0438\u0433\u0440\u044b\u0432\u0430\u0442\u044c \u0432 \u043a\u0440\u0430\u0448-\u0438\u0433\u0440\u0443 JetX3\"}]},{\"@type\":\"WebSite\",\"@id\":\"https:\/\/jetxcrashgame.com\/#website\",\"url\":\"https:\/\/jetxcrashgame.com\/\",\"name\":\"JetX\",\"description\":\"Just another WordPress site\",\"publisher\":{\"@id\":\"https:\/\/jetxcrashgame.com\/#organization\"},\"potentialAction\":[{\"@type\":\"SearchAction\",\"target\":{\"@type\":\"EntryPoint\",\"urlTemplate\":\"https:\/\/jetxcrashgame.com\/?s={search_term_string}\"},\"query-input\":{\"@type\":\"PropertyValueSpecification\",\"valueRequired\":true,\"valueName\":\"search_term_string\"}}],\"inLanguage\":\"it-IT\"},{\"@type\":\"Organization\",\"@id\":\"https:\/\/jetxcrashgame.com\/#organization\",\"name\":\"JetX\",\"url\":\"https:\/\/jetxcrashgame.com\/\",\"logo\":{\"@type\":\"ImageObject\",\"inLanguage\":\"it-IT\",\"@id\":\"https:\/\/jetxcrashgame.com\/#\/schema\/logo\/image\/\",\"url\":\"https:\/\/jetxcrashgame.com\/wp-content\/uploads\/JetX.png\",\"contentUrl\":\"https:\/\/jetxcrashgame.com\/wp-content\/uploads\/JetX.png\",\"width\":498,\"height\":191,\"caption\":\"JetX\"},\"image\":{\"@id\":\"https:\/\/jetxcrashgame.com\/#\/schema\/logo\/image\/\"}}]}<\/script>\n<!-- \/ Yoast SEO plugin. -->","yoast_head_json":{"title":"\u041a\u0430\u043a \u0438\u0433\u0440\u0430\u0442\u044c \u0438 \u0432\u044b\u0438\u0433\u0440\u044b\u0432\u0430\u0442\u044c \u0432 \u043e\u043d\u043b\u0430\u0439\u043d \u0438\u0433\u0440\u0443 JetX3","description":"Le migliori strategie e tattiche per giocare a JetX3. Discutiamo di come giocare e vincere soldi veri nel gioco di incidente JetX3.","robots":{"index":"index","follow":"follow","max-snippet":"max-snippet:-1","max-image-preview":"max-image-preview:large","max-video-preview":"max-video-preview:-1"},"canonical":"https:\/\/jetxcrashgame.com\/it\/how-to-win-jetx3\/","og_locale":"it_IT","og_type":"article","og_title":"\u041a\u0430\u043a \u0438\u0433\u0440\u0430\u0442\u044c \u0438 \u0432\u044b\u0438\u0433\u0440\u044b\u0432\u0430\u0442\u044c \u0432 \u043e\u043d\u043b\u0430\u0439\u043d \u0438\u0433\u0440\u0443 JetX3","og_description":"\u041b\u0443\u0447\u0448\u0438\u0435 \u0441\u0442\u0440\u0430\u0442\u0435\u0433\u0438\u0438 \u0438 \u0442\u0430\u043a\u0442\u0438\u043a\u0438 \u0438\u0433\u0440\u044b JetX3. \u041f\u043e\u0433\u043e\u0432\u043e\u0440\u0438\u043c \u043a\u0430\u043a \u0438\u0433\u0440\u0430\u0442\u044c \u0438 \u0432\u044b\u0438\u0433\u0440\u044b\u0432\u0430\u0442\u044c \u0440\u0435\u0430\u043b\u044c\u043d\u044b\u0435 \u0434\u0435\u043d\u044c\u0433\u0438 \u0432 \u043a\u0440\u0430\u0448 \u0438\u0433\u0440\u0435 JetX3","og_url":"https:\/\/jetxcrashgame.com\/it\/how-to-win-jetx3\/","og_site_name":"JetX","article_modified_time":"2024-03-02T13:55:40+00:00","twitter_card":"summary_large_image","twitter_misc":{"Tempo di lettura stimato":"22 minuti"},"schema":{"@context":"https:\/\/schema.org","@graph":[{"@type":"WebPage","@id":"https:\/\/jetxcrashgame.com\/how-to-win-jetx3\/","url":"https:\/\/jetxcrashgame.com\/how-to-win-jetx3\/","name":"\u041a\u0430\u043a \u0438\u0433\u0440\u0430\u0442\u044c \u0438 \u0432\u044b\u0438\u0433\u0440\u044b\u0432\u0430\u0442\u044c \u0432 \u043e\u043d\u043b\u0430\u0439\u043d \u0438\u0433\u0440\u0443 JetX3","isPartOf":{"@id":"https:\/\/jetxcrashgame.com\/#website"},"datePublished":"2024-01-06T21:10:02+00:00","dateModified":"2024-03-02T13:55:40+00:00","description":"\u041b\u0443\u0447\u0448\u0438\u0435 \u0441\u0442\u0440\u0430\u0442\u0435\u0433\u0438\u0438 \u0438 \u0442\u0430\u043a\u0442\u0438\u043a\u0438 \u0438\u0433\u0440\u044b JetX3. \u041f\u043e\u0433\u043e\u0432\u043e\u0440\u0438\u043c \u043a\u0430\u043a \u0438\u0433\u0440\u0430\u0442\u044c \u0438 \u0432\u044b\u0438\u0433\u0440\u044b\u0432\u0430\u0442\u044c \u0440\u0435\u0430\u043b\u044c\u043d\u044b\u0435 \u0434\u0435\u043d\u044c\u0433\u0438 \u0432 \u043a\u0440\u0430\u0448 \u0438\u0433\u0440\u0435 JetX3","breadcrumb":{"@id":"https:\/\/jetxcrashgame.com\/how-to-win-jetx3\/#breadcrumb"},"inLanguage":"it-IT","potentialAction":[{"@type":"ReadAction","target":["https:\/\/jetxcrashgame.com\/how-to-win-jetx3\/"]}]},{"@type":"BreadcrumbList","@id":"https:\/\/jetxcrashgame.com\/how-to-win-jetx3\/#breadcrumb","itemListElement":[{"@type":"ListItem","position":1,"name":"Home","item":"https:\/\/jetxcrashgame.com\/"},{"@type":"ListItem","position":2,"name":"\u041a\u0430\u043a \u0432\u044b\u0438\u0433\u0440\u044b\u0432\u0430\u0442\u044c \u0432 \u043a\u0440\u0430\u0448-\u0438\u0433\u0440\u0443 JetX3"}]},{"@type":"WebSite","@id":"https:\/\/jetxcrashgame.com\/#website","url":"https:\/\/jetxcrashgame.com\/","name":"JetX","description":"Just another WordPress site","publisher":{"@id":"https:\/\/jetxcrashgame.com\/#organization"},"potentialAction":[{"@type":"SearchAction","target":{"@type":"EntryPoint","urlTemplate":"https:\/\/jetxcrashgame.com\/?s={search_term_string}"},"query-input":{"@type":"PropertyValueSpecification","valueRequired":true,"valueName":"search_term_string"}}],"inLanguage":"it-IT"},{"@type":"Organization","@id":"https:\/\/jetxcrashgame.com\/#organization","name":"JetX","url":"https:\/\/jetxcrashgame.com\/","logo":{"@type":"ImageObject","inLanguage":"it-IT","@id":"https:\/\/jetxcrashgame.com\/#\/schema\/logo\/image\/","url":"https:\/\/jetxcrashgame.com\/wp-content\/uploads\/JetX.png","contentUrl":"https:\/\/jetxcrashgame.com\/wp-content\/uploads\/JetX.png","width":498,"height":191,"caption":"JetX"},"image":{"@id":"https:\/\/jetxcrashgame.com\/#\/schema\/logo\/image\/"}}]}},"_links":{"self":[{"href":"https:\/\/jetxcrashgame.com\/it\/wp-json\/wp\/v2\/pages\/8","targetHints":{"allow":["GET"]}}],"collection":[{"href":"https:\/\/jetxcrashgame.com\/it\/wp-json\/wp\/v2\/pages"}],"about":[{"href":"https:\/\/jetxcrashgame.com\/it\/wp-json\/wp\/v2\/types\/page"}],"author":[{"embeddable":true,"href":"https:\/\/jetxcrashgame.com\/it\/wp-json\/wp\/v2\/users\/1"}],"replies":[{"embeddable":true,"href":"https:\/\/jetxcrashgame.com\/it\/wp-json\/wp\/v2\/comments?post=8"}],"version-history":[{"count":18,"href":"https:\/\/jetxcrashgame.com\/it\/wp-json\/wp\/v2\/pages\/8\/revisions"}],"predecessor-version":[{"id":110,"href":"https:\/\/jetxcrashgame.com\/it\/wp-json\/wp\/v2\/pages\/8\/revisions\/110"}],"wp:attachment":[{"href":"https:\/\/jetxcrashgame.com\/it\/wp-json\/wp\/v2\/media?parent=8"}],"curies":[{"name":"wp","href":"https:\/\/api.w.org\/{rel}","templated":true}]}}