{"id":6,"date":"2024-01-06T21:08:32","date_gmt":"2024-01-06T21:08:32","guid":{"rendered":"https:\/\/jetxcrashgame.com\/?page_id=6"},"modified":"2024-03-02T13:56:50","modified_gmt":"2024-03-02T13:56:50","slug":"jetx3","status":"publish","type":"page","link":"https:\/\/jetxcrashgame.com\/it\/","title":{"rendered":"Come giocare al simulatore di crash JetX3 in un casin\u00f2 online?"},"content":{"rendered":"<p>Il nuovo gioco di crash JetX3 \u00e8 diventato una spettacolare continuazione del popolare gioco di crash Aviator di Smartsoft Gaming. Questo gioco online non convenzionale \u00e8 stato rilasciato nel 2021 e ha rapidamente guadagnato popolarit\u00e0 tra il pubblico del gioco d&#8217;azzardo. \u00c8 come una slot ma senza rulli rotanti e linee di pagamento, senza simboli e bonus, e ha ottenuto un enorme successo grazie alla sua implementazione non tradizionale del gameplay e alla meccanica esplosiva unica. I pagamenti nel gioco JetX3 sono garantiti dall&#8217;uso di un generatore di numeri casuali e dalla tecnologia crittografica per una giustizia garantita.<\/p>\n<h2><strong>Come giocare al gioco online JetX3:<\/strong><\/h2>\n<p>Al lancio del gioco, il giocatore viene accolto da uno schermo bellissimamente progettato che assomiglia al cielo con miriadi di stelle. Tre navi volanti si stanno preparando al lancio nello spazio. Il giocatore deve far decollare tutte e tre le navi. Man mano che l&#8217;altezza viene guadagnata sullo schermo, compaiono moltiplicatori di scommessa crescenti. \u00c8 necessario scegliere il momento ottimale per terminare il round e incassare il premio in denaro. Il gioco richiede al giocatore di usare la propria osservazione e intuizione, che senza dubbio aiuteranno a vincere in JetX3.<\/p>\n<h3><strong>Caratteristiche del gameplay in JetX3:<\/strong><\/h3>\n<ul>\n<li>Il giocatore sceglie un casin\u00f2 con il gioco JetX3 nel catalogo dei giochi.<\/li>\n<li>Il giocatore si registra e deposita fondi.<\/li>\n<li>Trova il gioco JetX3 nel catalogo.<\/li>\n<li>Aspetta il completamento del round di gioco attuale.<\/li>\n<li>Piazza scommesse sul volo di una, due o tre navicelle.<\/li>\n<li>Osserva attentamente la crescita dei moltiplicatori.<\/li>\n<li>Sceglie il momento e clicca sul pulsante di incasso.<\/li>\n<\/ul>\n<p>I giocatori possono controllare le navicelle spaziali in modalit\u00e0 manuale o automatica. Il gioco offre opzioni per configurare scommesse automatiche con importi specifici e incasso automatico con valori di moltiplicatore preimpostati. Il coefficiente massimo nel simulatore di crash di JetX3 \u00e8 x1000 delle scommesse. I giocatori possono piazzare scommesse che vanno da $0.10 a $300 su qualsiasi numero delle tre navicelle spaziali contemporaneamente. La possibilit\u00e0 di fare tre scommesse contemporaneamente \u00e8 uno dei vantaggi importanti della slot machine.<\/p>\n<h2><strong>Regole del gioco JetX3:<\/strong><\/h2>\n<p>Prima di iniziare il gioco, \u00e8 essenziale comprendere le regole. La conoscenza delle regole aiuter\u00e0 a stabilire l&#8217;obiettivo giusto e aumentare le possibilit\u00e0 di vincita.<\/p>\n<ul>\n<li><strong>Obiettivo del gioco JetX3:<\/strong> I giocatori piazzano scommesse sul volo di una, due o tre navicelle spaziali. L&#8217;obiettivo \u00e8 incassare la scommessa prima che la navicella spaziale esploda, tenendo conto del moltiplicatore crescente ogni secondo e della minaccia del suo crollo.<\/li>\n<li><strong>Inizio del round:<\/strong> Ogni round inizia con il lancio delle navicelle spaziali. I giocatori piazzano scommesse prima o all&#8217;inizio del volo.<\/li>\n<li><strong>Crescita del moltiplicatore:<\/strong> Man mano che le navicelle spaziali guadagnano altezza, i moltiplicatori di scommessa aumentano. Questi coefficienti riflettono le vincite potenziali. In altre parole, un coefficiente di x2 significa che la tua scommessa raddoppier\u00e0 in caso di vittoria.<\/li>\n<li><strong>Tempo di incasso:<\/strong> I giocatori devono decidere quando ritirare le vincite premendo il pulsante di incasso. Se il giocatore fa questo prima che la navicella spaziale esploda, la scommessa viene moltiplicata per il coefficiente attuale. Se sei troppo tardi e la navicella spaziale esplode, significa che hai perso e la tua scommessa viene bruciata.<\/li>\n<li><strong>Esplosione della navicella spaziale:<\/strong> In qualsiasi momento, la navicella spaziale pu\u00f2 esplodere. Se questo accade prima del ritiro della scommessa, il giocatore perde la scommessa.<\/li>\n<li><strong>Opzioni di scommessa:<\/strong> I giocatori possono piazzare scommesse su una, due o tutte e tre le navicelle spaziali contemporaneamente. La dimensione della scommessa e la scelta delle navicelle spaziali sono determinate dal giocatore.<\/li>\n<li><strong>Modalit\u00e0 automatica:<\/strong> Il gioco offre l&#8217;opzione di modalit\u00e0 automatica, dove i giocatori possono preimpostare parametri per scommesse automatiche e incasso automatico quando viene raggiunto un determinato coefficiente.<\/li>\n<li><strong>Massimo coefficiente e scommesse:<\/strong> Il coefficiente massimo nel gioco pu\u00f2 arrivare a x1000 dell&#8217;importo della scommessa. La gamma di scommesse \u00e8 determinata dalle regole del casin\u00f2 specifico.<\/li>\n<\/ul>\n<p>Queste regole garantiscono la semplicit\u00e0 e la chiarezza del gameplay, rendendo JetX3 attraente per una vasta gamma di giocatori.<\/p>\n","protected":false},"excerpt":{"rendered":"<p>Il nuovo gioco di crash JetX3 \u00e8 diventato una spettacolare continuazione del popolare gioco di crash Aviator di Smartsoft Gaming. Questo gioco online non convenzionale \u00e8 stato rilasciato nel 2021 e ha rapidamente guadagnato popolarit\u00e0 tra il pubblico del gioco d&#8217;azzardo. \u00c8 come una slot ma senza rulli rotanti e linee di pagamento, senza simboli&#8230;<\/p>\n","protected":false},"author":1,"featured_media":0,"parent":0,"menu_order":0,"comment_status":"closed","ping_status":"closed","template":"","meta":{"footnotes":""},"class_list":["post-6","page","type-page","status-publish","hentry"],"yoast_head":"<!-- This site is optimized with the Yoast SEO plugin v27.2 - https:\/\/yoast.com\/product\/yoast-seo-wordpress\/ -->\n<title>\u0418\u0433\u0440\u0430\u0442\u044c \u0432 JetX3 \u0432 \u043e\u043d\u043b\u0430\u0439\u043d \u043a\u0430\u0437\u0438\u043d\u043e<\/title>\n<meta name=\"description\" content=\"Gioca al gioco online JetX3 con soldi veri in un casin\u00f2 online. Gioco d&#039;incidente JetX3, gioca online, scarica per iPhone e Android, vinci soldi veri, recensioni dei giocatori.\" \/>\n<meta name=\"robots\" content=\"index, follow, max-snippet:-1, max-image-preview:large, max-video-preview:-1\" \/>\n<link rel=\"canonical\" href=\"https:\/\/jetxcrashgame.com\/it\/\" \/>\n<meta property=\"og:locale\" content=\"it_IT\" \/>\n<meta property=\"og:locale:alternate\" content=\"ru_RU\" \/>\n<meta property=\"og:locale:alternate\" content=\"en_US\" \/>\n<meta property=\"og:locale:alternate\" content=\"pt_PT\" \/>\n<meta property=\"og:locale:alternate\" content=\"es_ES\" \/>\n<meta property=\"og:locale:alternate\" content=\"sr_RS\" \/>\n<meta property=\"og:locale:alternate\" content=\"bg_BG\" \/>\n<meta property=\"og:locale:alternate\" content=\"pl_PL\" \/>\n<meta property=\"og:locale:alternate\" content=\"fr_FR\" \/>\n<meta property=\"og:type\" content=\"article\" \/>\n<meta property=\"og:title\" content=\"\u0418\u0433\u0440\u0430\u0442\u044c \u0432 JetX3 \u0432 \u043e\u043d\u043b\u0430\u0439\u043d \u043a\u0430\u0437\u0438\u043d\u043e\" \/>\n<meta property=\"og:description\" content=\"\u0418\u0433\u0440\u0430\u0442\u044c \u0432 \u043e\u043d\u043b\u0430\u0439\u043d \u0438\u0433\u0440\u0443 JetX3 \u043d\u0430 \u0440\u0435\u0430\u043b\u044c\u043d\u044b\u0435 \u0434\u0435\u043d\u044c\u0433\u0438 \u0432 \u043e\u043d\u043b\u0430\u0439\u043d \u043a\u0430\u0437\u0438\u043d\u043e. \u041a\u0440\u0430\u0448 \u0438\u0433\u0440\u0430 JetX3, \u0438\u0433\u0440\u0430\u0442\u044c \u043e\u043d\u043b\u0430\u0439\u043d, \u0441\u043a\u0430\u0447\u0430\u0442\u044c \u0430\u0439\u0444\u043e\u043d \u0438 \u0410\u043d\u0434\u0440\u043e\u0438\u0434, \u0432\u044b\u0438\u0433\u0440\u0430\u0442\u044c \u0440\u0435\u0430\u043b\u044c\u043d\u044b\u0435 \u0434\u0435\u043d\u044c\u0433\u0438, \u043e\u0442\u0437\u044b\u0432\u044b \u0438\u0433\u0440\u043e\u043a\u043e\u0432\" \/>\n<meta property=\"og:url\" content=\"https:\/\/jetxcrashgame.com\/it\/\" \/>\n<meta property=\"og:site_name\" content=\"JetX\" \/>\n<meta property=\"article:modified_time\" content=\"2024-03-02T13:56:50+00:00\" \/>\n<meta name=\"twitter:card\" content=\"summary_large_image\" \/>\n<meta name=\"twitter:label1\" content=\"Tempo di lettura stimato\" \/>\n\t<meta name=\"twitter:data1\" content=\"21 minuti\" \/>\n<script type=\"application\/ld+json\" class=\"yoast-schema-graph\">{\"@context\":\"https:\/\/schema.org\",\"@graph\":[{\"@type\":\"WebPage\",\"@id\":\"https:\/\/jetxcrashgame.com\/\",\"url\":\"https:\/\/jetxcrashgame.com\/\",\"name\":\"\u0418\u0433\u0440\u0430\u0442\u044c \u0432 JetX3 \u0432 \u043e\u043d\u043b\u0430\u0439\u043d \u043a\u0430\u0437\u0438\u043d\u043e\",\"isPartOf\":{\"@id\":\"https:\/\/jetxcrashgame.com\/#website\"},\"datePublished\":\"2024-01-06T21:08:32+00:00\",\"dateModified\":\"2024-03-02T13:56:50+00:00\",\"description\":\"\u0418\u0433\u0440\u0430\u0442\u044c \u0432 \u043e\u043d\u043b\u0430\u0439\u043d \u0438\u0433\u0440\u0443 JetX3 \u043d\u0430 \u0440\u0435\u0430\u043b\u044c\u043d\u044b\u0435 \u0434\u0435\u043d\u044c\u0433\u0438 \u0432 \u043e\u043d\u043b\u0430\u0439\u043d \u043a\u0430\u0437\u0438\u043d\u043e. \u041a\u0440\u0430\u0448 \u0438\u0433\u0440\u0430 JetX3, \u0438\u0433\u0440\u0430\u0442\u044c \u043e\u043d\u043b\u0430\u0439\u043d, \u0441\u043a\u0430\u0447\u0430\u0442\u044c \u0430\u0439\u0444\u043e\u043d \u0438 \u0410\u043d\u0434\u0440\u043e\u0438\u0434, \u0432\u044b\u0438\u0433\u0440\u0430\u0442\u044c \u0440\u0435\u0430\u043b\u044c\u043d\u044b\u0435 \u0434\u0435\u043d\u044c\u0433\u0438, \u043e\u0442\u0437\u044b\u0432\u044b \u0438\u0433\u0440\u043e\u043a\u043e\u0432\",\"breadcrumb\":{\"@id\":\"https:\/\/jetxcrashgame.com\/#breadcrumb\"},\"inLanguage\":\"it-IT\",\"potentialAction\":[{\"@type\":\"ReadAction\",\"target\":[\"https:\/\/jetxcrashgame.com\/\"]}]},{\"@type\":\"BreadcrumbList\",\"@id\":\"https:\/\/jetxcrashgame.com\/#breadcrumb\",\"itemListElement\":[{\"@type\":\"ListItem\",\"position\":1,\"name\":\"Home\",\"item\":\"https:\/\/jetxcrashgame.com\/\"},{\"@type\":\"ListItem\",\"position\":2,\"name\":\"\u041a\u0430\u043a \u0438\u0433\u0440\u0430\u0442\u044c \u0432 \u043a\u0440\u0430\u0448-\u0441\u0438\u043c\u0443\u043b\u044f\u0442\u043e\u0440 JetX3 \u0432 \u043e\u043d\u043b\u0430\u0439\u043d-\u043a\u0430\u0437\u0438\u043d\u043e\"}]},{\"@type\":\"WebSite\",\"@id\":\"https:\/\/jetxcrashgame.com\/#website\",\"url\":\"https:\/\/jetxcrashgame.com\/\",\"name\":\"JetX\",\"description\":\"Just another WordPress site\",\"publisher\":{\"@id\":\"https:\/\/jetxcrashgame.com\/#organization\"},\"potentialAction\":[{\"@type\":\"SearchAction\",\"target\":{\"@type\":\"EntryPoint\",\"urlTemplate\":\"https:\/\/jetxcrashgame.com\/?s={search_term_string}\"},\"query-input\":{\"@type\":\"PropertyValueSpecification\",\"valueRequired\":true,\"valueName\":\"search_term_string\"}}],\"inLanguage\":\"it-IT\"},{\"@type\":\"Organization\",\"@id\":\"https:\/\/jetxcrashgame.com\/#organization\",\"name\":\"JetX\",\"url\":\"https:\/\/jetxcrashgame.com\/\",\"logo\":{\"@type\":\"ImageObject\",\"inLanguage\":\"it-IT\",\"@id\":\"https:\/\/jetxcrashgame.com\/#\/schema\/logo\/image\/\",\"url\":\"https:\/\/jetxcrashgame.com\/wp-content\/uploads\/JetX.png\",\"contentUrl\":\"https:\/\/jetxcrashgame.com\/wp-content\/uploads\/JetX.png\",\"width\":498,\"height\":191,\"caption\":\"JetX\"},\"image\":{\"@id\":\"https:\/\/jetxcrashgame.com\/#\/schema\/logo\/image\/\"}}]}<\/script>\n<!-- \/ Yoast SEO plugin. -->","yoast_head_json":{"title":"\u0418\u0433\u0440\u0430\u0442\u044c \u0432 JetX3 \u0432 \u043e\u043d\u043b\u0430\u0439\u043d \u043a\u0430\u0437\u0438\u043d\u043e","description":"Gioca al gioco online JetX3 con soldi veri in un casin\u00f2 online. Gioco d'incidente JetX3, gioca online, scarica per iPhone e Android, vinci soldi veri, recensioni dei giocatori.","robots":{"index":"index","follow":"follow","max-snippet":"max-snippet:-1","max-image-preview":"max-image-preview:large","max-video-preview":"max-video-preview:-1"},"canonical":"https:\/\/jetxcrashgame.com\/it\/","og_locale":"it_IT","og_type":"article","og_title":"\u0418\u0433\u0440\u0430\u0442\u044c \u0432 JetX3 \u0432 \u043e\u043d\u043b\u0430\u0439\u043d \u043a\u0430\u0437\u0438\u043d\u043e","og_description":"\u0418\u0433\u0440\u0430\u0442\u044c \u0432 \u043e\u043d\u043b\u0430\u0439\u043d \u0438\u0433\u0440\u0443 JetX3 \u043d\u0430 \u0440\u0435\u0430\u043b\u044c\u043d\u044b\u0435 \u0434\u0435\u043d\u044c\u0433\u0438 \u0432 \u043e\u043d\u043b\u0430\u0439\u043d \u043a\u0430\u0437\u0438\u043d\u043e. \u041a\u0440\u0430\u0448 \u0438\u0433\u0440\u0430 JetX3, \u0438\u0433\u0440\u0430\u0442\u044c \u043e\u043d\u043b\u0430\u0439\u043d, \u0441\u043a\u0430\u0447\u0430\u0442\u044c \u0430\u0439\u0444\u043e\u043d \u0438 \u0410\u043d\u0434\u0440\u043e\u0438\u0434, \u0432\u044b\u0438\u0433\u0440\u0430\u0442\u044c \u0440\u0435\u0430\u043b\u044c\u043d\u044b\u0435 \u0434\u0435\u043d\u044c\u0433\u0438, \u043e\u0442\u0437\u044b\u0432\u044b \u0438\u0433\u0440\u043e\u043a\u043e\u0432","og_url":"https:\/\/jetxcrashgame.com\/it\/","og_site_name":"JetX","article_modified_time":"2024-03-02T13:56:50+00:00","twitter_card":"summary_large_image","twitter_misc":{"Tempo di lettura stimato":"21 minuti"},"schema":{"@context":"https:\/\/schema.org","@graph":[{"@type":"WebPage","@id":"https:\/\/jetxcrashgame.com\/","url":"https:\/\/jetxcrashgame.com\/","name":"\u0418\u0433\u0440\u0430\u0442\u044c \u0432 JetX3 \u0432 \u043e\u043d\u043b\u0430\u0439\u043d \u043a\u0430\u0437\u0438\u043d\u043e","isPartOf":{"@id":"https:\/\/jetxcrashgame.com\/#website"},"datePublished":"2024-01-06T21:08:32+00:00","dateModified":"2024-03-02T13:56:50+00:00","description":"\u0418\u0433\u0440\u0430\u0442\u044c \u0432 \u043e\u043d\u043b\u0430\u0439\u043d \u0438\u0433\u0440\u0443 JetX3 \u043d\u0430 \u0440\u0435\u0430\u043b\u044c\u043d\u044b\u0435 \u0434\u0435\u043d\u044c\u0433\u0438 \u0432 \u043e\u043d\u043b\u0430\u0439\u043d \u043a\u0430\u0437\u0438\u043d\u043e. \u041a\u0440\u0430\u0448 \u0438\u0433\u0440\u0430 JetX3, \u0438\u0433\u0440\u0430\u0442\u044c \u043e\u043d\u043b\u0430\u0439\u043d, \u0441\u043a\u0430\u0447\u0430\u0442\u044c \u0430\u0439\u0444\u043e\u043d \u0438 \u0410\u043d\u0434\u0440\u043e\u0438\u0434, \u0432\u044b\u0438\u0433\u0440\u0430\u0442\u044c \u0440\u0435\u0430\u043b\u044c\u043d\u044b\u0435 \u0434\u0435\u043d\u044c\u0433\u0438, \u043e\u0442\u0437\u044b\u0432\u044b \u0438\u0433\u0440\u043e\u043a\u043e\u0432","breadcrumb":{"@id":"https:\/\/jetxcrashgame.com\/#breadcrumb"},"inLanguage":"it-IT","potentialAction":[{"@type":"ReadAction","target":["https:\/\/jetxcrashgame.com\/"]}]},{"@type":"BreadcrumbList","@id":"https:\/\/jetxcrashgame.com\/#breadcrumb","itemListElement":[{"@type":"ListItem","position":1,"name":"Home","item":"https:\/\/jetxcrashgame.com\/"},{"@type":"ListItem","position":2,"name":"\u041a\u0430\u043a \u0438\u0433\u0440\u0430\u0442\u044c \u0432 \u043a\u0440\u0430\u0448-\u0441\u0438\u043c\u0443\u043b\u044f\u0442\u043e\u0440 JetX3 \u0432 \u043e\u043d\u043b\u0430\u0439\u043d-\u043a\u0430\u0437\u0438\u043d\u043e"}]},{"@type":"WebSite","@id":"https:\/\/jetxcrashgame.com\/#website","url":"https:\/\/jetxcrashgame.com\/","name":"JetX","description":"Just another WordPress site","publisher":{"@id":"https:\/\/jetxcrashgame.com\/#organization"},"potentialAction":[{"@type":"SearchAction","target":{"@type":"EntryPoint","urlTemplate":"https:\/\/jetxcrashgame.com\/?s={search_term_string}"},"query-input":{"@type":"PropertyValueSpecification","valueRequired":true,"valueName":"search_term_string"}}],"inLanguage":"it-IT"},{"@type":"Organization","@id":"https:\/\/jetxcrashgame.com\/#organization","name":"JetX","url":"https:\/\/jetxcrashgame.com\/","logo":{"@type":"ImageObject","inLanguage":"it-IT","@id":"https:\/\/jetxcrashgame.com\/#\/schema\/logo\/image\/","url":"https:\/\/jetxcrashgame.com\/wp-content\/uploads\/JetX.png","contentUrl":"https:\/\/jetxcrashgame.com\/wp-content\/uploads\/JetX.png","width":498,"height":191,"caption":"JetX"},"image":{"@id":"https:\/\/jetxcrashgame.com\/#\/schema\/logo\/image\/"}}]}},"_links":{"self":[{"href":"https:\/\/jetxcrashgame.com\/it\/wp-json\/wp\/v2\/pages\/6","targetHints":{"allow":["GET"]}}],"collection":[{"href":"https:\/\/jetxcrashgame.com\/it\/wp-json\/wp\/v2\/pages"}],"about":[{"href":"https:\/\/jetxcrashgame.com\/it\/wp-json\/wp\/v2\/types\/page"}],"author":[{"embeddable":true,"href":"https:\/\/jetxcrashgame.com\/it\/wp-json\/wp\/v2\/users\/1"}],"replies":[{"embeddable":true,"href":"https:\/\/jetxcrashgame.com\/it\/wp-json\/wp\/v2\/comments?post=6"}],"version-history":[{"count":24,"href":"https:\/\/jetxcrashgame.com\/it\/wp-json\/wp\/v2\/pages\/6\/revisions"}],"predecessor-version":[{"id":111,"href":"https:\/\/jetxcrashgame.com\/it\/wp-json\/wp\/v2\/pages\/6\/revisions\/111"}],"wp:attachment":[{"href":"https:\/\/jetxcrashgame.com\/it\/wp-json\/wp\/v2\/media?parent=6"}],"curies":[{"name":"wp","href":"https:\/\/api.w.org\/{rel}","templated":true}]}}