{"id":12,"date":"2024-01-06T21:26:18","date_gmt":"2024-01-06T21:26:18","guid":{"rendered":"https:\/\/jetxcrashgame.com\/?page_id=12"},"modified":"2024-03-02T13:57:48","modified_gmt":"2024-03-02T13:57:48","slug":"jetx3-reviews","status":"publish","type":"page","link":"https:\/\/jetxcrashgame.com\/it\/jetx3-reviews\/","title":{"rendered":"Recensioni"},"content":{"rendered":"<p>Quando appare un gioco nuovo e poco conosciuto, i giocatori e i visitatori abituali dei casin\u00f2 online spesso si chiedono reciprocamente la loro esperienza, cercando di capire se vale la pena spendere tempo ed energie sul gioco. Il gioco di crash JetX3 rientra in questa categoria. Guadagnando rapidamente popolarit\u00e0, il gioco ha attirato l&#8217;attenzione dei giocatori. Abbiamo raccolto opinioni, recensioni e feedback sul gioco.<\/p>\n<ul>\n<li>Victor, 28 anni: JetX3 \u00e8 veramente un gioco emozionante! Mi piace l&#8217;imprevedibilit\u00e0 e l&#8217;adrenalina che provo mentre aspetto di vedere se la nave esploder\u00e0. Ottimo intrattenimento dopo il lavoro! Anche se perdo, non me ne pento affatto. Meglio cos\u00ec che bere con gli amici dopo il lavoro e lamentarsi della vita.<\/li>\n<li>Anna, 34 anni: Ho giocato a JetX3 ieri sera e ho vinto una somma decente! Interfaccia intuitivamente comprensibile e grafica bellissima. Raccomando decisamente. \u00c8 un po&#8217; pi\u00f9 impegnativo di Aviator, ma se hai gi\u00e0 giocato a giochi di crash prima, \u00e8 sicuramente un ottimo continuo.<\/li>\n<li>Maxim, 25 anni: Ho iniziato con scommesse piccole ed \u00e8 stato divertente. Ma non appena le scommesse sono cresciute, il gioco \u00e8 diventato troppo stressante. Bisogna sapere quando fermarsi. Inoltre, controllare tre navi \u00e8 molto pi\u00f9 impegnativo che una sola. D&#8217;altra parte, il coefficiente massimo \u00e8 1000, molto pi\u00f9 alto rispetto alla maggior parte degli altri giochi di crash.<\/li>\n<li>Elena, 31 anni: Ottimo gioco per gli appassionati di gioco d&#8217;azzardo! Il cashout automatico \u00e8 la mia funzione preferita in JetX3, mi aiuta a controllare le mie scommesse. Alla fine, non finisco in negativo, e di solito c&#8217;\u00e8 anche un profitto. I miei amici non credono nel successo, ma cosa puoi fare.<\/li>\n<li>Alexey, 45 anni: Non \u00e8 il mio genere. Il gioco sembra troppo casuale, e preferisco giochi in cui le mie abilit\u00e0 possono influenzare l&#8217;esito. Dicono che i giochi di crash siano pi\u00f9 facili da controllare, ma non ne sono sicuro.<\/li>\n<li>Daria, 22 anni: Amo JetX3 per la sua dinamicit\u00e0 e grafica! Ogni round \u00e8 unico, e rende il gioco emozionante. Molto pi\u00f9 interessante delle slot regolari, dove premi solo un pulsante.<\/li>\n<li>Igor, 37 anni: Ho giocato a JetX3 e ho perso pi\u00f9 del previsto. Bisogna essere molto attenti con giochi del genere. Gioco molto subdolo.<\/li>\n<li>Olga, 29 anni: Il gioco \u00e8 buono per un&#8217;eccitazione rapida, ma non aspettarti un reddito stabile. \u00c8 pi\u00f9 una questione di fortuna che di strategia. Sii preparato a perdere.<\/li>\n<li>Pavel, 33 anni: Concept emozionante ed esecuzione eccellente. JetX3 \u00e8 un nuovo sguardo sui casin\u00f2 online. Mi piace questo gioco, e intendo continuare a giocare.<\/li>\n<li>Marina, 26 anni: JetX3 \u00e8 il gioco perfetto per me. Adoro osservare la crescita dei moltiplicatori e cercare di indovinare il momento giusto per cash out. \u00c8 un&#8217;emozione, e amo i giochi d&#8217;azzardo.<\/li>\n<li>Sergey, 40 anni: Gioco interessante, ma a volte sembra che le possibilit\u00e0 di vincita siano troppo basse. Tuttavia, torner\u00f2 a giocare di pi\u00f9! Le possibilit\u00e0 di vincita qui sono molto alte.<\/li>\n<li>Ksenia, 27 anni: Mi sono appassionata a JetX3 a prima vista! \u00c8 una combinazione unica di fortuna e strategia. Inoltre, il design \u00e8 semplicemente eccezionale! Mi diverto a giocare, e continuer\u00f2 a farlo.<\/li>\n<li>Dmitry, 35 anni: Dopo alcuni giochi a JetX3, ho capito che non \u00e8 solo fortuna. Bisogna saper valutare i rischi e prendere decisioni rapide. Il gioco non \u00e8 cos\u00ec semplice come sembra, ma sono soddisfatto e lo raccomando a tutti i miei amici.<\/li>\n<li>Irina, 30 anni: JetX3 mi fa ansia ogni volta che la nave decolla. Le emozioni si rincorrono, specialmente quando la vittoria sembra cos\u00ec vicina! Ed \u00e8 molto realistico vincere soldi veri nel gioco.<\/li>\n<li>Nikolay, 42 anni: Il gioco JetX3 \u00e8 un modo decente per divertirsi, ma non considerarlo come una fonte di reddito. \u00c8 importante giocare responsabilmente e smettere non appena hai perso l&#8217;importo assegnato per il gioco di oggi.<\/li>\n<\/ul>\n","protected":false},"excerpt":{"rendered":"<p>Quando appare un gioco nuovo e poco conosciuto, i giocatori e i visitatori abituali dei casin\u00f2 online spesso si chiedono reciprocamente la loro esperienza, cercando di capire se vale la pena spendere tempo ed energie sul gioco. Il gioco di crash JetX3 rientra in questa categoria. Guadagnando rapidamente popolarit\u00e0, il gioco ha attirato l&#8217;attenzione dei&#8230;<\/p>\n","protected":false},"author":1,"featured_media":0,"parent":0,"menu_order":0,"comment_status":"closed","ping_status":"closed","template":"","meta":{"footnotes":""},"class_list":["post-12","page","type-page","status-publish","hentry"],"yoast_head":"<!-- This site is optimized with the Yoast SEO plugin v27.2 - https:\/\/yoast.com\/product\/yoast-seo-wordpress\/ -->\n<title>\u041e\u0442\u0437\u044b\u0432\u044b \u0438\u0433\u0440\u043e\u043a\u043e\u0432 \u043e\u0431 \u0438\u0433\u0440\u0435 JetX3<\/title>\n<meta name=\"description\" content=\"Opinioni, recensioni e feedback sinceri da parte dei veri giocatori sul gioco online JetX3. Le migliori recensioni per il popolare gioco d&#039;incidente JetX3.\" \/>\n<meta name=\"robots\" content=\"index, follow, max-snippet:-1, max-image-preview:large, max-video-preview:-1\" \/>\n<link rel=\"canonical\" href=\"https:\/\/jetxcrashgame.com\/it\/jetx3-reviews\/\" \/>\n<meta property=\"og:locale\" content=\"it_IT\" \/>\n<meta property=\"og:locale:alternate\" content=\"ru_RU\" \/>\n<meta property=\"og:locale:alternate\" content=\"en_US\" \/>\n<meta property=\"og:locale:alternate\" content=\"pt_PT\" \/>\n<meta property=\"og:locale:alternate\" content=\"es_ES\" \/>\n<meta property=\"og:locale:alternate\" content=\"sr_RS\" \/>\n<meta property=\"og:locale:alternate\" content=\"bg_BG\" \/>\n<meta property=\"og:locale:alternate\" content=\"pl_PL\" \/>\n<meta property=\"og:locale:alternate\" content=\"fr_FR\" \/>\n<meta property=\"og:type\" content=\"article\" \/>\n<meta property=\"og:title\" content=\"\u041e\u0442\u0437\u044b\u0432\u044b \u0438\u0433\u0440\u043e\u043a\u043e\u0432 \u043e\u0431 \u0438\u0433\u0440\u0435 JetX3\" \/>\n<meta property=\"og:description\" content=\"\u041c\u043d\u0435\u043d\u0438\u044f, \u043e\u0431\u0437\u043e\u0440 \u0438 \u0447\u0435\u0441\u0442\u043d\u044b\u0435 \u043e\u0442\u0437\u044b\u0432\u044b \u043d\u0430\u0441\u0442\u043e\u044f\u0449\u0438\u0445 \u0438\u0433\u0440\u043e\u043a\u043e\u0432 \u043e\u0431 \u043e\u043d\u043b\u0430\u0439\u043d \u0438\u0433\u0440\u0435 JetX3. \u041b\u0443\u0447\u0448\u0438\u0435 \u043e\u0431\u0437\u043e\u0440\u044b \u043d\u0430 \u043f\u043e\u043f\u0443\u043b\u044f\u0440\u043d\u0443\u044e \u043a\u0440\u0430\u0448 \u0438\u0433\u0440\u0443 JetX3\" \/>\n<meta property=\"og:url\" content=\"https:\/\/jetxcrashgame.com\/it\/jetx3-reviews\/\" \/>\n<meta property=\"og:site_name\" content=\"JetX\" \/>\n<meta property=\"article:modified_time\" content=\"2024-03-02T13:57:48+00:00\" \/>\n<meta name=\"twitter:card\" content=\"summary_large_image\" \/>\n<meta name=\"twitter:label1\" content=\"Tempo di lettura stimato\" \/>\n\t<meta name=\"twitter:data1\" content=\"20 minuti\" \/>\n<script type=\"application\/ld+json\" class=\"yoast-schema-graph\">{\"@context\":\"https:\/\/schema.org\",\"@graph\":[{\"@type\":\"WebPage\",\"@id\":\"https:\/\/jetxcrashgame.com\/jetx3-reviews\/\",\"url\":\"https:\/\/jetxcrashgame.com\/jetx3-reviews\/\",\"name\":\"\u041e\u0442\u0437\u044b\u0432\u044b \u0438\u0433\u0440\u043e\u043a\u043e\u0432 \u043e\u0431 \u0438\u0433\u0440\u0435 JetX3\",\"isPartOf\":{\"@id\":\"https:\/\/jetxcrashgame.com\/#website\"},\"datePublished\":\"2024-01-06T21:26:18+00:00\",\"dateModified\":\"2024-03-02T13:57:48+00:00\",\"description\":\"\u041c\u043d\u0435\u043d\u0438\u044f, \u043e\u0431\u0437\u043e\u0440 \u0438 \u0447\u0435\u0441\u0442\u043d\u044b\u0435 \u043e\u0442\u0437\u044b\u0432\u044b \u043d\u0430\u0441\u0442\u043e\u044f\u0449\u0438\u0445 \u0438\u0433\u0440\u043e\u043a\u043e\u0432 \u043e\u0431 \u043e\u043d\u043b\u0430\u0439\u043d \u0438\u0433\u0440\u0435 JetX3. \u041b\u0443\u0447\u0448\u0438\u0435 \u043e\u0431\u0437\u043e\u0440\u044b \u043d\u0430 \u043f\u043e\u043f\u0443\u043b\u044f\u0440\u043d\u0443\u044e \u043a\u0440\u0430\u0448 \u0438\u0433\u0440\u0443 JetX3\",\"breadcrumb\":{\"@id\":\"https:\/\/jetxcrashgame.com\/jetx3-reviews\/#breadcrumb\"},\"inLanguage\":\"it-IT\",\"potentialAction\":[{\"@type\":\"ReadAction\",\"target\":[\"https:\/\/jetxcrashgame.com\/jetx3-reviews\/\"]}]},{\"@type\":\"BreadcrumbList\",\"@id\":\"https:\/\/jetxcrashgame.com\/jetx3-reviews\/#breadcrumb\",\"itemListElement\":[{\"@type\":\"ListItem\",\"position\":1,\"name\":\"Home\",\"item\":\"https:\/\/jetxcrashgame.com\/\"},{\"@type\":\"ListItem\",\"position\":2,\"name\":\"\u041e\u0442\u0437\u044b\u0432\u044b\"}]},{\"@type\":\"WebSite\",\"@id\":\"https:\/\/jetxcrashgame.com\/#website\",\"url\":\"https:\/\/jetxcrashgame.com\/\",\"name\":\"JetX\",\"description\":\"Just another WordPress site\",\"publisher\":{\"@id\":\"https:\/\/jetxcrashgame.com\/#organization\"},\"potentialAction\":[{\"@type\":\"SearchAction\",\"target\":{\"@type\":\"EntryPoint\",\"urlTemplate\":\"https:\/\/jetxcrashgame.com\/?s={search_term_string}\"},\"query-input\":{\"@type\":\"PropertyValueSpecification\",\"valueRequired\":true,\"valueName\":\"search_term_string\"}}],\"inLanguage\":\"it-IT\"},{\"@type\":\"Organization\",\"@id\":\"https:\/\/jetxcrashgame.com\/#organization\",\"name\":\"JetX\",\"url\":\"https:\/\/jetxcrashgame.com\/\",\"logo\":{\"@type\":\"ImageObject\",\"inLanguage\":\"it-IT\",\"@id\":\"https:\/\/jetxcrashgame.com\/#\/schema\/logo\/image\/\",\"url\":\"https:\/\/jetxcrashgame.com\/wp-content\/uploads\/JetX.png\",\"contentUrl\":\"https:\/\/jetxcrashgame.com\/wp-content\/uploads\/JetX.png\",\"width\":498,\"height\":191,\"caption\":\"JetX\"},\"image\":{\"@id\":\"https:\/\/jetxcrashgame.com\/#\/schema\/logo\/image\/\"}}]}<\/script>\n<!-- \/ Yoast SEO plugin. -->","yoast_head_json":{"title":"\u041e\u0442\u0437\u044b\u0432\u044b \u0438\u0433\u0440\u043e\u043a\u043e\u0432 \u043e\u0431 \u0438\u0433\u0440\u0435 JetX3","description":"Opinioni, recensioni e feedback sinceri da parte dei veri giocatori sul gioco online JetX3. Le migliori recensioni per il popolare gioco d'incidente JetX3.","robots":{"index":"index","follow":"follow","max-snippet":"max-snippet:-1","max-image-preview":"max-image-preview:large","max-video-preview":"max-video-preview:-1"},"canonical":"https:\/\/jetxcrashgame.com\/it\/jetx3-reviews\/","og_locale":"it_IT","og_type":"article","og_title":"\u041e\u0442\u0437\u044b\u0432\u044b \u0438\u0433\u0440\u043e\u043a\u043e\u0432 \u043e\u0431 \u0438\u0433\u0440\u0435 JetX3","og_description":"\u041c\u043d\u0435\u043d\u0438\u044f, \u043e\u0431\u0437\u043e\u0440 \u0438 \u0447\u0435\u0441\u0442\u043d\u044b\u0435 \u043e\u0442\u0437\u044b\u0432\u044b \u043d\u0430\u0441\u0442\u043e\u044f\u0449\u0438\u0445 \u0438\u0433\u0440\u043e\u043a\u043e\u0432 \u043e\u0431 \u043e\u043d\u043b\u0430\u0439\u043d \u0438\u0433\u0440\u0435 JetX3. \u041b\u0443\u0447\u0448\u0438\u0435 \u043e\u0431\u0437\u043e\u0440\u044b \u043d\u0430 \u043f\u043e\u043f\u0443\u043b\u044f\u0440\u043d\u0443\u044e \u043a\u0440\u0430\u0448 \u0438\u0433\u0440\u0443 JetX3","og_url":"https:\/\/jetxcrashgame.com\/it\/jetx3-reviews\/","og_site_name":"JetX","article_modified_time":"2024-03-02T13:57:48+00:00","twitter_card":"summary_large_image","twitter_misc":{"Tempo di lettura stimato":"20 minuti"},"schema":{"@context":"https:\/\/schema.org","@graph":[{"@type":"WebPage","@id":"https:\/\/jetxcrashgame.com\/jetx3-reviews\/","url":"https:\/\/jetxcrashgame.com\/jetx3-reviews\/","name":"\u041e\u0442\u0437\u044b\u0432\u044b \u0438\u0433\u0440\u043e\u043a\u043e\u0432 \u043e\u0431 \u0438\u0433\u0440\u0435 JetX3","isPartOf":{"@id":"https:\/\/jetxcrashgame.com\/#website"},"datePublished":"2024-01-06T21:26:18+00:00","dateModified":"2024-03-02T13:57:48+00:00","description":"\u041c\u043d\u0435\u043d\u0438\u044f, \u043e\u0431\u0437\u043e\u0440 \u0438 \u0447\u0435\u0441\u0442\u043d\u044b\u0435 \u043e\u0442\u0437\u044b\u0432\u044b \u043d\u0430\u0441\u0442\u043e\u044f\u0449\u0438\u0445 \u0438\u0433\u0440\u043e\u043a\u043e\u0432 \u043e\u0431 \u043e\u043d\u043b\u0430\u0439\u043d \u0438\u0433\u0440\u0435 JetX3. \u041b\u0443\u0447\u0448\u0438\u0435 \u043e\u0431\u0437\u043e\u0440\u044b \u043d\u0430 \u043f\u043e\u043f\u0443\u043b\u044f\u0440\u043d\u0443\u044e \u043a\u0440\u0430\u0448 \u0438\u0433\u0440\u0443 JetX3","breadcrumb":{"@id":"https:\/\/jetxcrashgame.com\/jetx3-reviews\/#breadcrumb"},"inLanguage":"it-IT","potentialAction":[{"@type":"ReadAction","target":["https:\/\/jetxcrashgame.com\/jetx3-reviews\/"]}]},{"@type":"BreadcrumbList","@id":"https:\/\/jetxcrashgame.com\/jetx3-reviews\/#breadcrumb","itemListElement":[{"@type":"ListItem","position":1,"name":"Home","item":"https:\/\/jetxcrashgame.com\/"},{"@type":"ListItem","position":2,"name":"\u041e\u0442\u0437\u044b\u0432\u044b"}]},{"@type":"WebSite","@id":"https:\/\/jetxcrashgame.com\/#website","url":"https:\/\/jetxcrashgame.com\/","name":"JetX","description":"Just another WordPress site","publisher":{"@id":"https:\/\/jetxcrashgame.com\/#organization"},"potentialAction":[{"@type":"SearchAction","target":{"@type":"EntryPoint","urlTemplate":"https:\/\/jetxcrashgame.com\/?s={search_term_string}"},"query-input":{"@type":"PropertyValueSpecification","valueRequired":true,"valueName":"search_term_string"}}],"inLanguage":"it-IT"},{"@type":"Organization","@id":"https:\/\/jetxcrashgame.com\/#organization","name":"JetX","url":"https:\/\/jetxcrashgame.com\/","logo":{"@type":"ImageObject","inLanguage":"it-IT","@id":"https:\/\/jetxcrashgame.com\/#\/schema\/logo\/image\/","url":"https:\/\/jetxcrashgame.com\/wp-content\/uploads\/JetX.png","contentUrl":"https:\/\/jetxcrashgame.com\/wp-content\/uploads\/JetX.png","width":498,"height":191,"caption":"JetX"},"image":{"@id":"https:\/\/jetxcrashgame.com\/#\/schema\/logo\/image\/"}}]}},"_links":{"self":[{"href":"https:\/\/jetxcrashgame.com\/it\/wp-json\/wp\/v2\/pages\/12","targetHints":{"allow":["GET"]}}],"collection":[{"href":"https:\/\/jetxcrashgame.com\/it\/wp-json\/wp\/v2\/pages"}],"about":[{"href":"https:\/\/jetxcrashgame.com\/it\/wp-json\/wp\/v2\/types\/page"}],"author":[{"embeddable":true,"href":"https:\/\/jetxcrashgame.com\/it\/wp-json\/wp\/v2\/users\/1"}],"replies":[{"embeddable":true,"href":"https:\/\/jetxcrashgame.com\/it\/wp-json\/wp\/v2\/comments?post=12"}],"version-history":[{"count":21,"href":"https:\/\/jetxcrashgame.com\/it\/wp-json\/wp\/v2\/pages\/12\/revisions"}],"predecessor-version":[{"id":112,"href":"https:\/\/jetxcrashgame.com\/it\/wp-json\/wp\/v2\/pages\/12\/revisions\/112"}],"wp:attachment":[{"href":"https:\/\/jetxcrashgame.com\/it\/wp-json\/wp\/v2\/media?parent=12"}],"curies":[{"name":"wp","href":"https:\/\/api.w.org\/{rel}","templated":true}]}}