{"id":8,"date":"2024-01-06T21:10:02","date_gmt":"2024-01-06T21:10:02","guid":{"rendered":"https:\/\/jetxcrashgame.com\/?page_id=8"},"modified":"2024-03-02T13:55:40","modified_gmt":"2024-03-02T13:55:40","slug":"how-to-win-jetx3","status":"publish","type":"page","link":"https:\/\/jetxcrashgame.com\/fr\/how-to-win-jetx3\/","title":{"rendered":"Comment gagner dans le jeu de crash JetX3 ?"},"content":{"rendered":"<p>Dans le jeu JetX3, il y a des statistiques des tours r\u00e9cents. Les informations sur les paris, les multiplicateurs et les gains tant pour le parieur que pour les autres participants au jeu sont affich\u00e9es dans les tableaux d&rsquo;informations. Ces donn\u00e9es peuvent \u00eatre utilis\u00e9es pour choisir la strat\u00e9gie de paris optimale, qui aidera \u00e0 s\u00e9curiser une victoire dans la machine \u00e0 sous et \u00e0 r\u00e9clamer de vrais prix en argent dans le casino en ligne.<\/p>\n<h2><strong>Comment gagner \u00e0 JetX3 :<\/strong><\/h2>\n<p>Malheureusement, vous ne trouverez pas de r\u00e9ponse universelle garantissant un r\u00e9sultat \u00e0 100 % pour chaque tour. Cependant, il existe quelques conseils simples qui peuvent augmenter vos chances de gagner :<\/p>\n<ul>\n<li>Testez la machine \u00e0 sous en mode d\u00e9mo avant de jouer avec de l&rsquo;argent r\u00e9el, car cela vous donnera une meilleure compr\u00e9hension de la m\u00e9canique du jeu et des r\u00e8gles.<\/li>\n<li>Essayez de placer diff\u00e9rentes sommes sur un nombre diff\u00e9rent de vaisseaux spatiaux, car cela augmente la variabilit\u00e9 de la t\u00e2che, et vous comprendrez mieux comment suivre simultan\u00e9ment 3 vaisseaux spatiaux.<\/li>\n<li>Choisissez la taille de mise et le temps de jeu optimaux, car vous comprendrez votre disposition au risque, car attendre longtemps avant le d\u00e9collage indique une disposition \u00e0 attendre un coefficient \u00e9lev\u00e9.<\/li>\n<li>Allouez un bankroll sp\u00e9cifique pour la session de jeu, et en cas de perte, il est important de s&rsquo;arr\u00eater et de quitter le jeu.<\/li>\n<li>Utilisez des strat\u00e9gies de paris \u00e9prouv\u00e9es dans JetX3. Si cela a fonctionn\u00e9 auparavant, il y a de fortes chances que cela continue \u00e0 fonctionner. Comme on dit, ne r\u00e9parez pas ce qui n&rsquo;est pas cass\u00e9.<\/li>\n<li>D\u00e9finissez une limite pour le montant de la perte (stop-loss), comme mentionn\u00e9 pr\u00e9c\u00e9demment.<\/li>\n<li>Utilisez les fonctionnalit\u00e9s de pari automatique et de retrait automatique, car cela augmente consid\u00e9rablement les opportunit\u00e9s de g\u00e9rer correctement le jeu.<\/li>\n<li>N&rsquo;essayez pas de compenser les pertes en cas de d\u00e9faite. Personne ne garantit que vous r\u00e9ussirez, et en cas d&rsquo;\u00e9chec, vous vous retrouverez encore plus endett\u00e9.<\/li>\n<li>Retirez vos gains du compte du casino pour \u00e9viter de d\u00e9penser le prix.<\/li>\n<\/ul>\n<p>Les joueurs exp\u00e9riment\u00e9s cherchant \u00e0 maximiser leurs chances de gagner dans le jeu de crash JetX3 recourent g\u00e9n\u00e9ralement \u00e0 l&rsquo;utilisation d&rsquo;approches strat\u00e9giques \u00e9prouv\u00e9es. Parmi les strat\u00e9gies les plus populaires et efficaces figure la tactique de Martingale. L&rsquo;essence de cette tactique est de doubler la mise apr\u00e8s chaque perte, permettant th\u00e9oriquement de r\u00e9cup\u00e9rer toutes les pertes pr\u00e9c\u00e9dentes avec la prochaine victoire. Cependant, il est important de consid\u00e9rer qu&rsquo;une telle strat\u00e9gie n\u00e9cessite un bankroll important et peut \u00eatre risqu\u00e9e lors de s\u00e9ries de pertes prolong\u00e9es.<\/p>\n<p>Une autre approche populaire consiste \u00e0 jouer avec des coefficients bas, moyens ou \u00e9lev\u00e9s dans JetX3. Par exemple, certains joueurs pr\u00e9f\u00e8rent parier sur des coefficients bas, comme 1,2-1,5, pour obtenir des gains plus fr\u00e9quents mais plus petits. En m\u00eame temps, d&rsquo;autres peuvent choisir de prendre des risques avec des coefficients plus \u00e9lev\u00e9s, comme 5-10, en comptant sur des gains importants. Cela n\u00e9cessite une analyse minutieuse et une \u00e9valuation des risques, car les coefficients \u00e9lev\u00e9s correspondent \u00e0 une probabilit\u00e9 de succ\u00e8s plus faible.<\/p>\n<p>L&rsquo;utilisation du retrait automatique (auto-cashout) est un autre \u00e9l\u00e9ment important de la strat\u00e9gie dans JetX3. En d\u00e9finissant des valeurs sp\u00e9cifiques de multiplicateur pour le retrait automatique, les joueurs peuvent mettre fin automatiquement au tour lorsque ces coefficients sont atteints. Cela aide \u00e0 \u00e9viter une situation o\u00f9 un joueur, pris dans l&rsquo;excitation, ne retire pas d&rsquo;argent \u00e0 temps, ce qui entra\u00eene des pertes financi\u00e8res. Une telle approche garantit un jeu plus disciplin\u00e9 et aide \u00e0 la gestion du bankroll.<\/p>\n<p>Il est essentiel de se souvenir que le r\u00e9sultat de chaque tour dans JetX3 est d\u00e9termin\u00e9 par un g\u00e9n\u00e9rateur de nombres al\u00e9atoires, ce qui rend impossible de pr\u00e9dire avec pr\u00e9cision le moment o\u00f9 les vaisseaux spatiaux exploseront. C&rsquo;est pourquoi les d\u00e9cisions d&rsquo;un joueur sur quand arr\u00eater de jouer sont cruciales. Bien qu&rsquo;il n&rsquo;y ait pas de m\u00e9thodes garanties pour assurer une victoire \u00e0 chaque tour, l&rsquo;utilisation correcte de strat\u00e9gies de paris et de gestion des risques peut am\u00e9liorer les chances globales de succ\u00e8s. En fin de compte, le succ\u00e8s dans JetX3 d\u00e9pend de la capacit\u00e9 du joueur \u00e0 \u00e9valuer correctement la situation et \u00e0 prendre des d\u00e9cisions opportunes, bas\u00e9es sur les observations du comportement des vaisseaux spatiaux, des coefficients et de leur propre intuition. Cela rend le jeu non seulement excitant, mais aussi n\u00e9cessite que le joueur soit attentif et prudent, surtout lorsque les vaisseaux spatiaux peuvent exploser \u00e0 l&rsquo;\u00e9cran \u00e0 tout moment, et vous devez encaisser avant un crash potentiel.<\/p>\n","protected":false},"excerpt":{"rendered":"<p>Dans le jeu JetX3, il y a des statistiques des tours r\u00e9cents. Les informations sur les paris, les multiplicateurs et les gains tant pour le parieur que pour les autres participants au jeu sont affich\u00e9es dans les tableaux d&rsquo;informations. Ces donn\u00e9es peuvent \u00eatre utilis\u00e9es pour choisir la strat\u00e9gie de paris optimale, qui aidera \u00e0 s\u00e9curiser&#8230;<\/p>\n","protected":false},"author":1,"featured_media":0,"parent":0,"menu_order":0,"comment_status":"closed","ping_status":"closed","template":"","meta":{"footnotes":""},"class_list":["post-8","page","type-page","status-publish","hentry"],"yoast_head":"<!-- This site is optimized with the Yoast SEO plugin v27.2 - https:\/\/yoast.com\/product\/yoast-seo-wordpress\/ -->\n<title>\u041a\u0430\u043a \u0438\u0433\u0440\u0430\u0442\u044c \u0438 \u0432\u044b\u0438\u0433\u0440\u044b\u0432\u0430\u0442\u044c \u0432 \u043e\u043d\u043b\u0430\u0439\u043d \u0438\u0433\u0440\u0443 JetX3<\/title>\n<meta name=\"description\" content=\"Les meilleures strat\u00e9gies et tactiques pour jouer \u00e0 JetX3. Parlons de comment jouer et gagner de l&#039;argent r\u00e9el dans le jeu de crash JetX3.\" \/>\n<meta name=\"robots\" content=\"index, follow, max-snippet:-1, max-image-preview:large, max-video-preview:-1\" \/>\n<link rel=\"canonical\" href=\"https:\/\/jetxcrashgame.com\/fr\/how-to-win-jetx3\/\" \/>\n<meta property=\"og:locale\" content=\"fr_FR\" \/>\n<meta property=\"og:locale:alternate\" content=\"ru_RU\" \/>\n<meta property=\"og:locale:alternate\" content=\"en_US\" \/>\n<meta property=\"og:locale:alternate\" content=\"pt_PT\" \/>\n<meta property=\"og:locale:alternate\" content=\"es_ES\" \/>\n<meta property=\"og:locale:alternate\" content=\"sr_RS\" \/>\n<meta property=\"og:locale:alternate\" content=\"bg_BG\" \/>\n<meta property=\"og:locale:alternate\" content=\"pl_PL\" \/>\n<meta property=\"og:locale:alternate\" content=\"it_IT\" \/>\n<meta property=\"og:type\" content=\"article\" \/>\n<meta property=\"og:title\" content=\"\u041a\u0430\u043a \u0438\u0433\u0440\u0430\u0442\u044c \u0438 \u0432\u044b\u0438\u0433\u0440\u044b\u0432\u0430\u0442\u044c \u0432 \u043e\u043d\u043b\u0430\u0439\u043d \u0438\u0433\u0440\u0443 JetX3\" \/>\n<meta property=\"og:description\" content=\"\u041b\u0443\u0447\u0448\u0438\u0435 \u0441\u0442\u0440\u0430\u0442\u0435\u0433\u0438\u0438 \u0438 \u0442\u0430\u043a\u0442\u0438\u043a\u0438 \u0438\u0433\u0440\u044b JetX3. \u041f\u043e\u0433\u043e\u0432\u043e\u0440\u0438\u043c \u043a\u0430\u043a \u0438\u0433\u0440\u0430\u0442\u044c \u0438 \u0432\u044b\u0438\u0433\u0440\u044b\u0432\u0430\u0442\u044c \u0440\u0435\u0430\u043b\u044c\u043d\u044b\u0435 \u0434\u0435\u043d\u044c\u0433\u0438 \u0432 \u043a\u0440\u0430\u0448 \u0438\u0433\u0440\u0435 JetX3\" \/>\n<meta property=\"og:url\" content=\"https:\/\/jetxcrashgame.com\/fr\/how-to-win-jetx3\/\" \/>\n<meta property=\"og:site_name\" content=\"JetX\" \/>\n<meta property=\"article:modified_time\" content=\"2024-03-02T13:55:40+00:00\" \/>\n<meta name=\"twitter:card\" content=\"summary_large_image\" \/>\n<meta name=\"twitter:label1\" content=\"Dur\u00e9e de lecture estim\u00e9e\" \/>\n\t<meta name=\"twitter:data1\" content=\"22 minutes\" \/>\n<script type=\"application\/ld+json\" class=\"yoast-schema-graph\">{\"@context\":\"https:\/\/schema.org\",\"@graph\":[{\"@type\":\"WebPage\",\"@id\":\"https:\/\/jetxcrashgame.com\/how-to-win-jetx3\/\",\"url\":\"https:\/\/jetxcrashgame.com\/how-to-win-jetx3\/\",\"name\":\"\u041a\u0430\u043a \u0438\u0433\u0440\u0430\u0442\u044c \u0438 \u0432\u044b\u0438\u0433\u0440\u044b\u0432\u0430\u0442\u044c \u0432 \u043e\u043d\u043b\u0430\u0439\u043d \u0438\u0433\u0440\u0443 JetX3\",\"isPartOf\":{\"@id\":\"https:\/\/jetxcrashgame.com\/#website\"},\"datePublished\":\"2024-01-06T21:10:02+00:00\",\"dateModified\":\"2024-03-02T13:55:40+00:00\",\"description\":\"\u041b\u0443\u0447\u0448\u0438\u0435 \u0441\u0442\u0440\u0430\u0442\u0435\u0433\u0438\u0438 \u0438 \u0442\u0430\u043a\u0442\u0438\u043a\u0438 \u0438\u0433\u0440\u044b JetX3. \u041f\u043e\u0433\u043e\u0432\u043e\u0440\u0438\u043c \u043a\u0430\u043a \u0438\u0433\u0440\u0430\u0442\u044c \u0438 \u0432\u044b\u0438\u0433\u0440\u044b\u0432\u0430\u0442\u044c \u0440\u0435\u0430\u043b\u044c\u043d\u044b\u0435 \u0434\u0435\u043d\u044c\u0433\u0438 \u0432 \u043a\u0440\u0430\u0448 \u0438\u0433\u0440\u0435 JetX3\",\"breadcrumb\":{\"@id\":\"https:\/\/jetxcrashgame.com\/how-to-win-jetx3\/#breadcrumb\"},\"inLanguage\":\"fr-FR\",\"potentialAction\":[{\"@type\":\"ReadAction\",\"target\":[\"https:\/\/jetxcrashgame.com\/how-to-win-jetx3\/\"]}]},{\"@type\":\"BreadcrumbList\",\"@id\":\"https:\/\/jetxcrashgame.com\/how-to-win-jetx3\/#breadcrumb\",\"itemListElement\":[{\"@type\":\"ListItem\",\"position\":1,\"name\":\"Home\",\"item\":\"https:\/\/jetxcrashgame.com\/\"},{\"@type\":\"ListItem\",\"position\":2,\"name\":\"\u041a\u0430\u043a \u0432\u044b\u0438\u0433\u0440\u044b\u0432\u0430\u0442\u044c \u0432 \u043a\u0440\u0430\u0448-\u0438\u0433\u0440\u0443 JetX3\"}]},{\"@type\":\"WebSite\",\"@id\":\"https:\/\/jetxcrashgame.com\/#website\",\"url\":\"https:\/\/jetxcrashgame.com\/\",\"name\":\"JetX\",\"description\":\"Just another WordPress site\",\"publisher\":{\"@id\":\"https:\/\/jetxcrashgame.com\/#organization\"},\"potentialAction\":[{\"@type\":\"SearchAction\",\"target\":{\"@type\":\"EntryPoint\",\"urlTemplate\":\"https:\/\/jetxcrashgame.com\/?s={search_term_string}\"},\"query-input\":{\"@type\":\"PropertyValueSpecification\",\"valueRequired\":true,\"valueName\":\"search_term_string\"}}],\"inLanguage\":\"fr-FR\"},{\"@type\":\"Organization\",\"@id\":\"https:\/\/jetxcrashgame.com\/#organization\",\"name\":\"JetX\",\"url\":\"https:\/\/jetxcrashgame.com\/\",\"logo\":{\"@type\":\"ImageObject\",\"inLanguage\":\"fr-FR\",\"@id\":\"https:\/\/jetxcrashgame.com\/#\/schema\/logo\/image\/\",\"url\":\"https:\/\/jetxcrashgame.com\/wp-content\/uploads\/JetX.png\",\"contentUrl\":\"https:\/\/jetxcrashgame.com\/wp-content\/uploads\/JetX.png\",\"width\":498,\"height\":191,\"caption\":\"JetX\"},\"image\":{\"@id\":\"https:\/\/jetxcrashgame.com\/#\/schema\/logo\/image\/\"}}]}<\/script>\n<!-- \/ Yoast SEO plugin. -->","yoast_head_json":{"title":"\u041a\u0430\u043a \u0438\u0433\u0440\u0430\u0442\u044c \u0438 \u0432\u044b\u0438\u0433\u0440\u044b\u0432\u0430\u0442\u044c \u0432 \u043e\u043d\u043b\u0430\u0439\u043d \u0438\u0433\u0440\u0443 JetX3","description":"Les meilleures strat\u00e9gies et tactiques pour jouer \u00e0 JetX3. Parlons de comment jouer et gagner de l'argent r\u00e9el dans le jeu de crash JetX3.","robots":{"index":"index","follow":"follow","max-snippet":"max-snippet:-1","max-image-preview":"max-image-preview:large","max-video-preview":"max-video-preview:-1"},"canonical":"https:\/\/jetxcrashgame.com\/fr\/how-to-win-jetx3\/","og_locale":"fr_FR","og_type":"article","og_title":"\u041a\u0430\u043a \u0438\u0433\u0440\u0430\u0442\u044c \u0438 \u0432\u044b\u0438\u0433\u0440\u044b\u0432\u0430\u0442\u044c \u0432 \u043e\u043d\u043b\u0430\u0439\u043d \u0438\u0433\u0440\u0443 JetX3","og_description":"\u041b\u0443\u0447\u0448\u0438\u0435 \u0441\u0442\u0440\u0430\u0442\u0435\u0433\u0438\u0438 \u0438 \u0442\u0430\u043a\u0442\u0438\u043a\u0438 \u0438\u0433\u0440\u044b JetX3. \u041f\u043e\u0433\u043e\u0432\u043e\u0440\u0438\u043c \u043a\u0430\u043a \u0438\u0433\u0440\u0430\u0442\u044c \u0438 \u0432\u044b\u0438\u0433\u0440\u044b\u0432\u0430\u0442\u044c \u0440\u0435\u0430\u043b\u044c\u043d\u044b\u0435 \u0434\u0435\u043d\u044c\u0433\u0438 \u0432 \u043a\u0440\u0430\u0448 \u0438\u0433\u0440\u0435 JetX3","og_url":"https:\/\/jetxcrashgame.com\/fr\/how-to-win-jetx3\/","og_site_name":"JetX","article_modified_time":"2024-03-02T13:55:40+00:00","twitter_card":"summary_large_image","twitter_misc":{"Dur\u00e9e de lecture estim\u00e9e":"22 minutes"},"schema":{"@context":"https:\/\/schema.org","@graph":[{"@type":"WebPage","@id":"https:\/\/jetxcrashgame.com\/how-to-win-jetx3\/","url":"https:\/\/jetxcrashgame.com\/how-to-win-jetx3\/","name":"\u041a\u0430\u043a \u0438\u0433\u0440\u0430\u0442\u044c \u0438 \u0432\u044b\u0438\u0433\u0440\u044b\u0432\u0430\u0442\u044c \u0432 \u043e\u043d\u043b\u0430\u0439\u043d \u0438\u0433\u0440\u0443 JetX3","isPartOf":{"@id":"https:\/\/jetxcrashgame.com\/#website"},"datePublished":"2024-01-06T21:10:02+00:00","dateModified":"2024-03-02T13:55:40+00:00","description":"\u041b\u0443\u0447\u0448\u0438\u0435 \u0441\u0442\u0440\u0430\u0442\u0435\u0433\u0438\u0438 \u0438 \u0442\u0430\u043a\u0442\u0438\u043a\u0438 \u0438\u0433\u0440\u044b JetX3. \u041f\u043e\u0433\u043e\u0432\u043e\u0440\u0438\u043c \u043a\u0430\u043a \u0438\u0433\u0440\u0430\u0442\u044c \u0438 \u0432\u044b\u0438\u0433\u0440\u044b\u0432\u0430\u0442\u044c \u0440\u0435\u0430\u043b\u044c\u043d\u044b\u0435 \u0434\u0435\u043d\u044c\u0433\u0438 \u0432 \u043a\u0440\u0430\u0448 \u0438\u0433\u0440\u0435 JetX3","breadcrumb":{"@id":"https:\/\/jetxcrashgame.com\/how-to-win-jetx3\/#breadcrumb"},"inLanguage":"fr-FR","potentialAction":[{"@type":"ReadAction","target":["https:\/\/jetxcrashgame.com\/how-to-win-jetx3\/"]}]},{"@type":"BreadcrumbList","@id":"https:\/\/jetxcrashgame.com\/how-to-win-jetx3\/#breadcrumb","itemListElement":[{"@type":"ListItem","position":1,"name":"Home","item":"https:\/\/jetxcrashgame.com\/"},{"@type":"ListItem","position":2,"name":"\u041a\u0430\u043a \u0432\u044b\u0438\u0433\u0440\u044b\u0432\u0430\u0442\u044c \u0432 \u043a\u0440\u0430\u0448-\u0438\u0433\u0440\u0443 JetX3"}]},{"@type":"WebSite","@id":"https:\/\/jetxcrashgame.com\/#website","url":"https:\/\/jetxcrashgame.com\/","name":"JetX","description":"Just another WordPress site","publisher":{"@id":"https:\/\/jetxcrashgame.com\/#organization"},"potentialAction":[{"@type":"SearchAction","target":{"@type":"EntryPoint","urlTemplate":"https:\/\/jetxcrashgame.com\/?s={search_term_string}"},"query-input":{"@type":"PropertyValueSpecification","valueRequired":true,"valueName":"search_term_string"}}],"inLanguage":"fr-FR"},{"@type":"Organization","@id":"https:\/\/jetxcrashgame.com\/#organization","name":"JetX","url":"https:\/\/jetxcrashgame.com\/","logo":{"@type":"ImageObject","inLanguage":"fr-FR","@id":"https:\/\/jetxcrashgame.com\/#\/schema\/logo\/image\/","url":"https:\/\/jetxcrashgame.com\/wp-content\/uploads\/JetX.png","contentUrl":"https:\/\/jetxcrashgame.com\/wp-content\/uploads\/JetX.png","width":498,"height":191,"caption":"JetX"},"image":{"@id":"https:\/\/jetxcrashgame.com\/#\/schema\/logo\/image\/"}}]}},"_links":{"self":[{"href":"https:\/\/jetxcrashgame.com\/fr\/wp-json\/wp\/v2\/pages\/8","targetHints":{"allow":["GET"]}}],"collection":[{"href":"https:\/\/jetxcrashgame.com\/fr\/wp-json\/wp\/v2\/pages"}],"about":[{"href":"https:\/\/jetxcrashgame.com\/fr\/wp-json\/wp\/v2\/types\/page"}],"author":[{"embeddable":true,"href":"https:\/\/jetxcrashgame.com\/fr\/wp-json\/wp\/v2\/users\/1"}],"replies":[{"embeddable":true,"href":"https:\/\/jetxcrashgame.com\/fr\/wp-json\/wp\/v2\/comments?post=8"}],"version-history":[{"count":18,"href":"https:\/\/jetxcrashgame.com\/fr\/wp-json\/wp\/v2\/pages\/8\/revisions"}],"predecessor-version":[{"id":110,"href":"https:\/\/jetxcrashgame.com\/fr\/wp-json\/wp\/v2\/pages\/8\/revisions\/110"}],"wp:attachment":[{"href":"https:\/\/jetxcrashgame.com\/fr\/wp-json\/wp\/v2\/media?parent=8"}],"curies":[{"name":"wp","href":"https:\/\/api.w.org\/{rel}","templated":true}]}}