{"id":6,"date":"2024-01-06T21:08:32","date_gmt":"2024-01-06T21:08:32","guid":{"rendered":"https:\/\/jetxcrashgame.com\/?page_id=6"},"modified":"2024-03-02T13:56:50","modified_gmt":"2024-03-02T13:56:50","slug":"jetx3","status":"publish","type":"page","link":"https:\/\/jetxcrashgame.com\/fr\/","title":{"rendered":"Comment jouer au simulateur de crash JetX3 dans un casino en ligne ?"},"content":{"rendered":"<p>Le nouveau jeu de crash JetX3 est devenu une continuation spectaculaire du populaire jeu de crash Aviator de Smartsoft Gaming. Ce jeu en ligne non conventionnel a \u00e9t\u00e9 lanc\u00e9 en 2021 et a rapidement gagn\u00e9 en popularit\u00e9 aupr\u00e8s du public des joueurs. Il ressemble \u00e0 une machine \u00e0 sous mais sans rouleaux tournants ni lignes de paiement, sans symboles ni bonus, et il a connu un immense succ\u00e8s gr\u00e2ce \u00e0 sa mise en \u0153uvre non conventionnelle du gameplay et \u00e0 sa m\u00e9canique explosive unique. Les paiements dans le jeu JetX3 sont assur\u00e9s par l&rsquo;utilisation d&rsquo;un g\u00e9n\u00e9rateur de nombres al\u00e9atoires et d&rsquo;une technologie cryptographique garantissant l&rsquo;\u00e9quit\u00e9.<\/p>\n<h2><strong>Comment jouer au jeu en ligne JetX3 :<\/strong><\/h2>\n<p>En lan\u00e7ant le jeu, le parieur est accueilli par un \u00e9cran magnifiquement con\u00e7u ressemblant au ciel avec une multitude d&rsquo;\u00e9toiles. Trois vaisseaux volants se pr\u00e9parent \u00e0 d\u00e9coller dans l&rsquo;espace. Le joueur doit envoyer les trois vaisseaux en vol. \u00c0 mesure que la hauteur est gagn\u00e9e \u00e0 l&rsquo;\u00e9cran, des multiplicateurs de mise croissants apparaissent. Il est n\u00e9cessaire de choisir le moment optimal pour terminer le tour et encaisser le prix mon\u00e9taire. Le jeu n\u00e9cessite que le joueur utilise sa propre observation et son intuition, ce qui l&rsquo;aidera sans aucun doute \u00e0 gagner \u00e0 JetX3.<\/p>\n<h3><strong>Caract\u00e9ristiques du gameplay dans JetX3 :<\/strong><\/h3>\n<ul>\n<li>Le joueur choisit un casino avec le jeu JetX3 dans le catalogue des jeux.<\/li>\n<li>Le joueur s&rsquo;inscrit et d\u00e9pose des fonds.<\/li>\n<li>Trouve le jeu JetX3 dans le catalogue.<\/li>\n<li>Attend la fin du tour de jeu actuel.<\/li>\n<li>Place des paris sur le vol d&rsquo;un, deux ou trois avions \u00e0 r\u00e9action.<\/li>\n<li>Garde un \u0153il attentif sur la croissance des multiplicateurs.<\/li>\n<li>Choisit le moment et clique sur le bouton d&rsquo;encaissement.<\/li>\n<\/ul>\n<p>Les joueurs peuvent contr\u00f4ler les vaisseaux spatiaux en mode manuel ou automatique. Le jeu offre des options pour configurer des paris automatiques avec des montants sp\u00e9cifiques et un retrait automatique avec des valeurs de multiplicateur d\u00e9finies. Le coefficient maximum dans le simulateur de crash JetX3 est de x1000 des paris. Les joueurs peuvent placer des paris allant de 0,10 $ \u00e0 300 $ sur n&rsquo;importe lequel des trois avions \u00e0 r\u00e9action simultan\u00e9ment. La possibilit\u00e9 de faire trois paris \u00e0 la fois est l&rsquo;un des avantages importants de la machine \u00e0 sous.<\/p>\n<h2><strong>R\u00e8gles du jeu JetX3 :<\/strong><\/h2>\n<p>Avant de commencer le jeu, il est essentiel de comprendre les r\u00e8gles. La connaissance des r\u00e8gles aidera \u00e0 fixer le bon objectif et \u00e0 augmenter les chances de gagner.<\/p>\n<ul>\n<li><strong>Objectif du jeu JetX3 :<\/strong> Les joueurs placent des paris sur le vol d&rsquo;un, deux ou trois vaisseaux spatiaux. L&rsquo;objectif est d&rsquo;encaisser le pari avant l&rsquo;explosion du vaisseau spatial, en tenant compte du multiplicateur croissant chaque seconde et de la menace de son effondrement.<\/li>\n<li><strong>D\u00e9but du tour :<\/strong> Chaque tour commence par le lancement du vaisseau spatial. Les joueurs placent des paris avant ou au d\u00e9but du vol.<\/li>\n<li><strong>Croissance du multiplicateur :<\/strong> \u00c0 mesure que les vaisseaux spatiaux gagnent en hauteur, les multiplicateurs de mise augmentent. Ces coefficients refl\u00e8tent les gains potentiels. En d&rsquo;autres termes, un coefficient de x2 signifie que votre mise sera doubl\u00e9e en cas de victoire.<\/li>\n<li><strong>Moment d&rsquo;encaissement :<\/strong> Les joueurs doivent d\u00e9cider quand prendre leurs gains en appuyant sur le bouton d&rsquo;encaissement. Si le joueur le fait avant l&rsquo;explosion du vaisseau spatial, le pari est multipli\u00e9 par le coefficient actuel. Si vous \u00eates trop tard, et que le vaisseau spatial explose, cela signifie que vous avez perdu, et votre pari est perdu.<\/li>\n<li><strong>Explosion du vaisseau spatial :<\/strong> \u00c0 tout moment, le vaisseau spatial peut exploser. Si cela se produit avant d&rsquo;encaisser le pari, le joueur perd son pari.<\/li>\n<li><strong>Options de pari :<\/strong> Les joueurs peuvent placer des paris sur un, deux ou trois vaisseaux spatiaux simultan\u00e9ment. La taille de la mise et le choix du vaisseau spatial sont d\u00e9termin\u00e9s par le joueur.<\/li>\n<li><strong>Mode automatique :<\/strong> Le jeu offre la possibilit\u00e9 de jouer en mode automatique, o\u00f9 les joueurs peuvent d\u00e9finir des param\u00e8tres pour les paris automatiques et le retrait automatique lorsqu&rsquo;un certain coefficient est atteint.<\/li>\n<li><strong>Coefficient maximal et paris :<\/strong> Le coefficient maximum dans le jeu peut atteindre x1000 du montant du pari. La plage de paris est d\u00e9termin\u00e9e par les r\u00e8gles du casino sp\u00e9cifique.<\/li>\n<\/ul>\n<p>Ces r\u00e8gles assurent la simplicit\u00e9 et la clart\u00e9 du gameplay, ce qui rend JetX3 attrayant pour un large \u00e9ventail de joueurs.<\/p>\n","protected":false},"excerpt":{"rendered":"<p>Le nouveau jeu de crash JetX3 est devenu une continuation spectaculaire du populaire jeu de crash Aviator de Smartsoft Gaming. Ce jeu en ligne non conventionnel a \u00e9t\u00e9 lanc\u00e9 en 2021 et a rapidement gagn\u00e9 en popularit\u00e9 aupr\u00e8s du public des joueurs. Il ressemble \u00e0 une machine \u00e0 sous mais sans rouleaux tournants ni lignes&#8230;<\/p>\n","protected":false},"author":1,"featured_media":0,"parent":0,"menu_order":0,"comment_status":"closed","ping_status":"closed","template":"","meta":{"footnotes":""},"class_list":["post-6","page","type-page","status-publish","hentry"],"yoast_head":"<!-- This site is optimized with the Yoast SEO plugin v27.2 - https:\/\/yoast.com\/product\/yoast-seo-wordpress\/ -->\n<title>\u0418\u0433\u0440\u0430\u0442\u044c \u0432 JetX3 \u0432 \u043e\u043d\u043b\u0430\u0439\u043d \u043a\u0430\u0437\u0438\u043d\u043e<\/title>\n<meta name=\"description\" content=\"Jouez au jeu en ligne JetX3 pour de l&#039;argent r\u00e9el dans un casino en ligne. Jeu de crash JetX3, jouez en ligne, t\u00e9l\u00e9chargez pour iPhone et Android, gagnez de l&#039;argent r\u00e9el, avis des joueurs.\" \/>\n<meta name=\"robots\" content=\"index, follow, max-snippet:-1, max-image-preview:large, max-video-preview:-1\" \/>\n<link rel=\"canonical\" href=\"https:\/\/jetxcrashgame.com\/fr\/\" \/>\n<meta property=\"og:locale\" content=\"fr_FR\" \/>\n<meta property=\"og:locale:alternate\" content=\"ru_RU\" \/>\n<meta property=\"og:locale:alternate\" content=\"en_US\" \/>\n<meta property=\"og:locale:alternate\" content=\"pt_PT\" \/>\n<meta property=\"og:locale:alternate\" content=\"es_ES\" \/>\n<meta property=\"og:locale:alternate\" content=\"sr_RS\" \/>\n<meta property=\"og:locale:alternate\" content=\"bg_BG\" \/>\n<meta property=\"og:locale:alternate\" content=\"pl_PL\" \/>\n<meta property=\"og:locale:alternate\" content=\"it_IT\" \/>\n<meta property=\"og:type\" content=\"article\" \/>\n<meta property=\"og:title\" content=\"\u0418\u0433\u0440\u0430\u0442\u044c \u0432 JetX3 \u0432 \u043e\u043d\u043b\u0430\u0439\u043d \u043a\u0430\u0437\u0438\u043d\u043e\" \/>\n<meta property=\"og:description\" content=\"\u0418\u0433\u0440\u0430\u0442\u044c \u0432 \u043e\u043d\u043b\u0430\u0439\u043d \u0438\u0433\u0440\u0443 JetX3 \u043d\u0430 \u0440\u0435\u0430\u043b\u044c\u043d\u044b\u0435 \u0434\u0435\u043d\u044c\u0433\u0438 \u0432 \u043e\u043d\u043b\u0430\u0439\u043d \u043a\u0430\u0437\u0438\u043d\u043e. \u041a\u0440\u0430\u0448 \u0438\u0433\u0440\u0430 JetX3, \u0438\u0433\u0440\u0430\u0442\u044c \u043e\u043d\u043b\u0430\u0439\u043d, \u0441\u043a\u0430\u0447\u0430\u0442\u044c \u0430\u0439\u0444\u043e\u043d \u0438 \u0410\u043d\u0434\u0440\u043e\u0438\u0434, \u0432\u044b\u0438\u0433\u0440\u0430\u0442\u044c \u0440\u0435\u0430\u043b\u044c\u043d\u044b\u0435 \u0434\u0435\u043d\u044c\u0433\u0438, \u043e\u0442\u0437\u044b\u0432\u044b \u0438\u0433\u0440\u043e\u043a\u043e\u0432\" \/>\n<meta property=\"og:url\" content=\"https:\/\/jetxcrashgame.com\/fr\/\" \/>\n<meta property=\"og:site_name\" content=\"JetX\" \/>\n<meta property=\"article:modified_time\" content=\"2024-03-02T13:56:50+00:00\" \/>\n<meta name=\"twitter:card\" content=\"summary_large_image\" \/>\n<meta name=\"twitter:label1\" content=\"Dur\u00e9e de lecture estim\u00e9e\" \/>\n\t<meta name=\"twitter:data1\" content=\"21 minutes\" \/>\n<script type=\"application\/ld+json\" class=\"yoast-schema-graph\">{\"@context\":\"https:\/\/schema.org\",\"@graph\":[{\"@type\":\"WebPage\",\"@id\":\"https:\/\/jetxcrashgame.com\/\",\"url\":\"https:\/\/jetxcrashgame.com\/\",\"name\":\"\u0418\u0433\u0440\u0430\u0442\u044c \u0432 JetX3 \u0432 \u043e\u043d\u043b\u0430\u0439\u043d \u043a\u0430\u0437\u0438\u043d\u043e\",\"isPartOf\":{\"@id\":\"https:\/\/jetxcrashgame.com\/#website\"},\"datePublished\":\"2024-01-06T21:08:32+00:00\",\"dateModified\":\"2024-03-02T13:56:50+00:00\",\"description\":\"\u0418\u0433\u0440\u0430\u0442\u044c \u0432 \u043e\u043d\u043b\u0430\u0439\u043d \u0438\u0433\u0440\u0443 JetX3 \u043d\u0430 \u0440\u0435\u0430\u043b\u044c\u043d\u044b\u0435 \u0434\u0435\u043d\u044c\u0433\u0438 \u0432 \u043e\u043d\u043b\u0430\u0439\u043d \u043a\u0430\u0437\u0438\u043d\u043e. \u041a\u0440\u0430\u0448 \u0438\u0433\u0440\u0430 JetX3, \u0438\u0433\u0440\u0430\u0442\u044c \u043e\u043d\u043b\u0430\u0439\u043d, \u0441\u043a\u0430\u0447\u0430\u0442\u044c \u0430\u0439\u0444\u043e\u043d \u0438 \u0410\u043d\u0434\u0440\u043e\u0438\u0434, \u0432\u044b\u0438\u0433\u0440\u0430\u0442\u044c \u0440\u0435\u0430\u043b\u044c\u043d\u044b\u0435 \u0434\u0435\u043d\u044c\u0433\u0438, \u043e\u0442\u0437\u044b\u0432\u044b \u0438\u0433\u0440\u043e\u043a\u043e\u0432\",\"breadcrumb\":{\"@id\":\"https:\/\/jetxcrashgame.com\/#breadcrumb\"},\"inLanguage\":\"fr-FR\",\"potentialAction\":[{\"@type\":\"ReadAction\",\"target\":[\"https:\/\/jetxcrashgame.com\/\"]}]},{\"@type\":\"BreadcrumbList\",\"@id\":\"https:\/\/jetxcrashgame.com\/#breadcrumb\",\"itemListElement\":[{\"@type\":\"ListItem\",\"position\":1,\"name\":\"Home\",\"item\":\"https:\/\/jetxcrashgame.com\/\"},{\"@type\":\"ListItem\",\"position\":2,\"name\":\"\u041a\u0430\u043a \u0438\u0433\u0440\u0430\u0442\u044c \u0432 \u043a\u0440\u0430\u0448-\u0441\u0438\u043c\u0443\u043b\u044f\u0442\u043e\u0440 JetX3 \u0432 \u043e\u043d\u043b\u0430\u0439\u043d-\u043a\u0430\u0437\u0438\u043d\u043e\"}]},{\"@type\":\"WebSite\",\"@id\":\"https:\/\/jetxcrashgame.com\/#website\",\"url\":\"https:\/\/jetxcrashgame.com\/\",\"name\":\"JetX\",\"description\":\"Just another WordPress site\",\"publisher\":{\"@id\":\"https:\/\/jetxcrashgame.com\/#organization\"},\"potentialAction\":[{\"@type\":\"SearchAction\",\"target\":{\"@type\":\"EntryPoint\",\"urlTemplate\":\"https:\/\/jetxcrashgame.com\/?s={search_term_string}\"},\"query-input\":{\"@type\":\"PropertyValueSpecification\",\"valueRequired\":true,\"valueName\":\"search_term_string\"}}],\"inLanguage\":\"fr-FR\"},{\"@type\":\"Organization\",\"@id\":\"https:\/\/jetxcrashgame.com\/#organization\",\"name\":\"JetX\",\"url\":\"https:\/\/jetxcrashgame.com\/\",\"logo\":{\"@type\":\"ImageObject\",\"inLanguage\":\"fr-FR\",\"@id\":\"https:\/\/jetxcrashgame.com\/#\/schema\/logo\/image\/\",\"url\":\"https:\/\/jetxcrashgame.com\/wp-content\/uploads\/JetX.png\",\"contentUrl\":\"https:\/\/jetxcrashgame.com\/wp-content\/uploads\/JetX.png\",\"width\":498,\"height\":191,\"caption\":\"JetX\"},\"image\":{\"@id\":\"https:\/\/jetxcrashgame.com\/#\/schema\/logo\/image\/\"}}]}<\/script>\n<!-- \/ Yoast SEO plugin. -->","yoast_head_json":{"title":"\u0418\u0433\u0440\u0430\u0442\u044c \u0432 JetX3 \u0432 \u043e\u043d\u043b\u0430\u0439\u043d \u043a\u0430\u0437\u0438\u043d\u043e","description":"Jouez au jeu en ligne JetX3 pour de l'argent r\u00e9el dans un casino en ligne. Jeu de crash JetX3, jouez en ligne, t\u00e9l\u00e9chargez pour iPhone et Android, gagnez de l'argent r\u00e9el, avis des joueurs.","robots":{"index":"index","follow":"follow","max-snippet":"max-snippet:-1","max-image-preview":"max-image-preview:large","max-video-preview":"max-video-preview:-1"},"canonical":"https:\/\/jetxcrashgame.com\/fr\/","og_locale":"fr_FR","og_type":"article","og_title":"\u0418\u0433\u0440\u0430\u0442\u044c \u0432 JetX3 \u0432 \u043e\u043d\u043b\u0430\u0439\u043d \u043a\u0430\u0437\u0438\u043d\u043e","og_description":"\u0418\u0433\u0440\u0430\u0442\u044c \u0432 \u043e\u043d\u043b\u0430\u0439\u043d \u0438\u0433\u0440\u0443 JetX3 \u043d\u0430 \u0440\u0435\u0430\u043b\u044c\u043d\u044b\u0435 \u0434\u0435\u043d\u044c\u0433\u0438 \u0432 \u043e\u043d\u043b\u0430\u0439\u043d \u043a\u0430\u0437\u0438\u043d\u043e. \u041a\u0440\u0430\u0448 \u0438\u0433\u0440\u0430 JetX3, \u0438\u0433\u0440\u0430\u0442\u044c \u043e\u043d\u043b\u0430\u0439\u043d, \u0441\u043a\u0430\u0447\u0430\u0442\u044c \u0430\u0439\u0444\u043e\u043d \u0438 \u0410\u043d\u0434\u0440\u043e\u0438\u0434, \u0432\u044b\u0438\u0433\u0440\u0430\u0442\u044c \u0440\u0435\u0430\u043b\u044c\u043d\u044b\u0435 \u0434\u0435\u043d\u044c\u0433\u0438, \u043e\u0442\u0437\u044b\u0432\u044b \u0438\u0433\u0440\u043e\u043a\u043e\u0432","og_url":"https:\/\/jetxcrashgame.com\/fr\/","og_site_name":"JetX","article_modified_time":"2024-03-02T13:56:50+00:00","twitter_card":"summary_large_image","twitter_misc":{"Dur\u00e9e de lecture estim\u00e9e":"21 minutes"},"schema":{"@context":"https:\/\/schema.org","@graph":[{"@type":"WebPage","@id":"https:\/\/jetxcrashgame.com\/","url":"https:\/\/jetxcrashgame.com\/","name":"\u0418\u0433\u0440\u0430\u0442\u044c \u0432 JetX3 \u0432 \u043e\u043d\u043b\u0430\u0439\u043d \u043a\u0430\u0437\u0438\u043d\u043e","isPartOf":{"@id":"https:\/\/jetxcrashgame.com\/#website"},"datePublished":"2024-01-06T21:08:32+00:00","dateModified":"2024-03-02T13:56:50+00:00","description":"\u0418\u0433\u0440\u0430\u0442\u044c \u0432 \u043e\u043d\u043b\u0430\u0439\u043d \u0438\u0433\u0440\u0443 JetX3 \u043d\u0430 \u0440\u0435\u0430\u043b\u044c\u043d\u044b\u0435 \u0434\u0435\u043d\u044c\u0433\u0438 \u0432 \u043e\u043d\u043b\u0430\u0439\u043d \u043a\u0430\u0437\u0438\u043d\u043e. \u041a\u0440\u0430\u0448 \u0438\u0433\u0440\u0430 JetX3, \u0438\u0433\u0440\u0430\u0442\u044c \u043e\u043d\u043b\u0430\u0439\u043d, \u0441\u043a\u0430\u0447\u0430\u0442\u044c \u0430\u0439\u0444\u043e\u043d \u0438 \u0410\u043d\u0434\u0440\u043e\u0438\u0434, \u0432\u044b\u0438\u0433\u0440\u0430\u0442\u044c \u0440\u0435\u0430\u043b\u044c\u043d\u044b\u0435 \u0434\u0435\u043d\u044c\u0433\u0438, \u043e\u0442\u0437\u044b\u0432\u044b \u0438\u0433\u0440\u043e\u043a\u043e\u0432","breadcrumb":{"@id":"https:\/\/jetxcrashgame.com\/#breadcrumb"},"inLanguage":"fr-FR","potentialAction":[{"@type":"ReadAction","target":["https:\/\/jetxcrashgame.com\/"]}]},{"@type":"BreadcrumbList","@id":"https:\/\/jetxcrashgame.com\/#breadcrumb","itemListElement":[{"@type":"ListItem","position":1,"name":"Home","item":"https:\/\/jetxcrashgame.com\/"},{"@type":"ListItem","position":2,"name":"\u041a\u0430\u043a \u0438\u0433\u0440\u0430\u0442\u044c \u0432 \u043a\u0440\u0430\u0448-\u0441\u0438\u043c\u0443\u043b\u044f\u0442\u043e\u0440 JetX3 \u0432 \u043e\u043d\u043b\u0430\u0439\u043d-\u043a\u0430\u0437\u0438\u043d\u043e"}]},{"@type":"WebSite","@id":"https:\/\/jetxcrashgame.com\/#website","url":"https:\/\/jetxcrashgame.com\/","name":"JetX","description":"Just another WordPress site","publisher":{"@id":"https:\/\/jetxcrashgame.com\/#organization"},"potentialAction":[{"@type":"SearchAction","target":{"@type":"EntryPoint","urlTemplate":"https:\/\/jetxcrashgame.com\/?s={search_term_string}"},"query-input":{"@type":"PropertyValueSpecification","valueRequired":true,"valueName":"search_term_string"}}],"inLanguage":"fr-FR"},{"@type":"Organization","@id":"https:\/\/jetxcrashgame.com\/#organization","name":"JetX","url":"https:\/\/jetxcrashgame.com\/","logo":{"@type":"ImageObject","inLanguage":"fr-FR","@id":"https:\/\/jetxcrashgame.com\/#\/schema\/logo\/image\/","url":"https:\/\/jetxcrashgame.com\/wp-content\/uploads\/JetX.png","contentUrl":"https:\/\/jetxcrashgame.com\/wp-content\/uploads\/JetX.png","width":498,"height":191,"caption":"JetX"},"image":{"@id":"https:\/\/jetxcrashgame.com\/#\/schema\/logo\/image\/"}}]}},"_links":{"self":[{"href":"https:\/\/jetxcrashgame.com\/fr\/wp-json\/wp\/v2\/pages\/6","targetHints":{"allow":["GET"]}}],"collection":[{"href":"https:\/\/jetxcrashgame.com\/fr\/wp-json\/wp\/v2\/pages"}],"about":[{"href":"https:\/\/jetxcrashgame.com\/fr\/wp-json\/wp\/v2\/types\/page"}],"author":[{"embeddable":true,"href":"https:\/\/jetxcrashgame.com\/fr\/wp-json\/wp\/v2\/users\/1"}],"replies":[{"embeddable":true,"href":"https:\/\/jetxcrashgame.com\/fr\/wp-json\/wp\/v2\/comments?post=6"}],"version-history":[{"count":24,"href":"https:\/\/jetxcrashgame.com\/fr\/wp-json\/wp\/v2\/pages\/6\/revisions"}],"predecessor-version":[{"id":111,"href":"https:\/\/jetxcrashgame.com\/fr\/wp-json\/wp\/v2\/pages\/6\/revisions\/111"}],"wp:attachment":[{"href":"https:\/\/jetxcrashgame.com\/fr\/wp-json\/wp\/v2\/media?parent=6"}],"curies":[{"name":"wp","href":"https:\/\/api.w.org\/{rel}","templated":true}]}}