{"id":12,"date":"2024-01-06T21:26:18","date_gmt":"2024-01-06T21:26:18","guid":{"rendered":"https:\/\/jetxcrashgame.com\/?page_id=12"},"modified":"2024-03-02T13:57:48","modified_gmt":"2024-03-02T13:57:48","slug":"jetx3-reviews","status":"publish","type":"page","link":"https:\/\/jetxcrashgame.com\/fr\/jetx3-reviews\/","title":{"rendered":"Avis"},"content":{"rendered":"<p>Lorsqu&rsquo;un nouveau jeu moins connu appara\u00eet, les joueurs et les habitu\u00e9s des casinos en ligne se demandent souvent mutuellement leur exp\u00e9rience, essayant de comprendre s&rsquo;il vaut la peine de passer du temps et des efforts sur le jeu. Le jeu de crash JetX3 entre dans cette cat\u00e9gorie. Gagnant rapidement en popularit\u00e9, le jeu a attir\u00e9 l&rsquo;attention des joueurs. Nous avons rassembl\u00e9 des opinions, des critiques et des retours sur le jeu.<\/p>\n<ul>\n<li>Victor, 28 ans : JetX3 est vraiment un jeu passionnant ! J&rsquo;aime l&rsquo;impr\u00e9visibilit\u00e9 et l&rsquo;adr\u00e9naline que je ressens en attendant de voir si le vaisseau va exploser. Un excellent divertissement apr\u00e8s le travail ! M\u00eame si je perds, je ne le regrette pas du tout. Mieux vaut ainsi que de boire avec des amis apr\u00e8s le travail et de se plaindre de la vie.<\/li>\n<li>Anna, 34 ans : J&rsquo;ai jou\u00e9 \u00e0 JetX3 hier soir et j&rsquo;ai gagn\u00e9 une somme d\u00e9cente ! Interface intuitivement compr\u00e9hensible et superbes graphismes. Je recommande d\u00e9finitivement. C&rsquo;est un peu plus difficile que Aviator, mais si vous avez d\u00e9j\u00e0 jou\u00e9 \u00e0 des jeux de crash, c&rsquo;est certainement une excellente suite.<\/li>\n<li>Maxim, 25 ans : J&rsquo;ai commenc\u00e9 avec de petits paris, et c&rsquo;\u00e9tait amusant. Mais d\u00e8s que les mises ont augment\u00e9, le jeu est devenu trop stressant. Vous devez savoir quand vous arr\u00eater. De plus, contr\u00f4ler trois vaisseaux est beaucoup plus difficile que un. D&rsquo;un autre c\u00f4t\u00e9, le coefficient maximum est de 1000, ce qui est beaucoup plus \u00e9lev\u00e9 que dans la plupart des autres jeux de crash.<\/li>\n<li>Elena, 31 ans : Excellent jeu pour les amateurs de jeu ! L&rsquo;autocashout est ma fonction pr\u00e9f\u00e9r\u00e9e dans JetX3, cela m&rsquo;aide \u00e0 contr\u00f4ler mes paris. \u00c0 la fin, je ne me retrouve pas dans le n\u00e9gatif, et en g\u00e9n\u00e9ral, il y a m\u00eame un profit. Mes amis ne croient pas au succ\u00e8s, mais que faire.<\/li>\n<li>Alexey, 45 ans : Pas mon truc. Le jeu semble trop al\u00e9atoire, et je pr\u00e9f\u00e8re les jeux o\u00f9 mes comp\u00e9tences peuvent influencer le r\u00e9sultat. On dit que les jeux de crash sont plus faciles \u00e0 contr\u00f4ler, mais je ne suis pas s\u00fbr.<\/li>\n<li>Daria, 22 ans : J&rsquo;aime JetX3 pour sa dynamique et ses graphismes ! Chaque tour est unique, et cela rend le jeu excitant. Beaucoup plus int\u00e9ressant que les machines \u00e0 sous classiques, o\u00f9 vous appuyez simplement sur un bouton.<\/li>\n<li>Igor, 37 ans : J&rsquo;ai jou\u00e9 \u00e0 JetX3 et j&rsquo;ai perdu plus que pr\u00e9vu. Vous devez \u00eatre tr\u00e8s prudent avec de tels jeux. Jeu tr\u00e8s rus\u00e9.<\/li>\n<li>Olga, 29 ans : Le jeu est bon pour une excitation rapide, mais ne vous attendez pas \u00e0 un revenu stable. C&rsquo;est plus une question de chance que de strat\u00e9gie. Soyez pr\u00eat \u00e0 perdre.<\/li>\n<li>Pavel, 33 ans : Concept excitant et excellente ex\u00e9cution. JetX3 est un nouveau regard sur les casinos en ligne. J&rsquo;aime ce jeu, et je pr\u00e9vois de continuer \u00e0 jouer.<\/li>\n<li>Marina, 26 ans : JetX3 est le jeu parfait pour moi. J&rsquo;adore regarder la croissance des multiplicateurs et essayer de deviner le bon moment pour encaisser. C&rsquo;est une mont\u00e9e d&rsquo;adr\u00e9naline, et j&rsquo;aime les jeux de hasard.<\/li>\n<li>Sergey, 40 ans : Jeu int\u00e9ressant, mais parfois on a l&rsquo;impression que les chances de gagner sont trop faibles. N\u00e9anmoins, je reviendrai jouer davantage ! Les chances de gagner ici sont tr\u00e8s \u00e9lev\u00e9es.<\/li>\n<li>Ksenia, 27 ans : Accroch\u00e9 \u00e0 JetX3 au premier coup d&rsquo;\u0153il ! C&rsquo;est une combinaison unique de chance et de strat\u00e9gie. De plus, le design est tout simplement g\u00e9nial ! J&rsquo;aime jouer, et je vais continuer \u00e0 jouer.<\/li>\n<li>Dmitry, 35 ans : Apr\u00e8s quelques parties \u00e0 JetX3, j&rsquo;ai r\u00e9alis\u00e9 que ce n&rsquo;\u00e9tait pas juste une question de chance. Vous devez \u00eatre capable d&rsquo;\u00e9valuer les risques et de prendre des d\u00e9cisions rapides. Le jeu n&rsquo;est pas aussi simple qu&rsquo;il y para\u00eet, mais je suis satisfait et je le recommande \u00e0 tous mes amis.<\/li>\n<li>Irina, 30 ans : JetX3 me rend anxieuse \u00e0 chaque fois que le vaisseau d\u00e9colle. Les \u00e9motions montent en fl\u00e8che, surtout lorsque la victoire semble si proche ! Et il est tr\u00e8s r\u00e9aliste de gagner de l&rsquo;argent r\u00e9el dans le jeu.<\/li>\n<li>Nikolay, 42 ans : Le jeu JetX3 est un moyen d\u00e9cent de s&rsquo;amuser, mais ne le consid\u00e9rez pas comme une source de revenu. Il est important de jouer de mani\u00e8re responsable et de s&rsquo;arr\u00eater d\u00e8s que vous avez perdu le montant allou\u00e9 pour le jeu du jour.<\/li>\n<\/ul>\n","protected":false},"excerpt":{"rendered":"<p>Lorsqu&rsquo;un nouveau jeu moins connu appara\u00eet, les joueurs et les habitu\u00e9s des casinos en ligne se demandent souvent mutuellement leur exp\u00e9rience, essayant de comprendre s&rsquo;il vaut la peine de passer du temps et des efforts sur le jeu. Le jeu de crash JetX3 entre dans cette cat\u00e9gorie. Gagnant rapidement en popularit\u00e9, le jeu a attir\u00e9&#8230;<\/p>\n","protected":false},"author":1,"featured_media":0,"parent":0,"menu_order":0,"comment_status":"closed","ping_status":"closed","template":"","meta":{"footnotes":""},"class_list":["post-12","page","type-page","status-publish","hentry"],"yoast_head":"<!-- This site is optimized with the Yoast SEO plugin v27.2 - https:\/\/yoast.com\/product\/yoast-seo-wordpress\/ -->\n<title>\u041e\u0442\u0437\u044b\u0432\u044b \u0438\u0433\u0440\u043e\u043a\u043e\u0432 \u043e\u0431 \u0438\u0433\u0440\u0435 JetX3<\/title>\n<meta name=\"description\" content=\"Opinions, avis et retours honn\u00eates de vrais joueurs sur le jeu en ligne JetX3. Les meilleures critiques pour le populaire jeu d&#039;incident JetX3.\" \/>\n<meta name=\"robots\" content=\"index, follow, max-snippet:-1, max-image-preview:large, max-video-preview:-1\" \/>\n<link rel=\"canonical\" href=\"https:\/\/jetxcrashgame.com\/fr\/jetx3-reviews\/\" \/>\n<meta property=\"og:locale\" content=\"fr_FR\" \/>\n<meta property=\"og:locale:alternate\" content=\"ru_RU\" \/>\n<meta property=\"og:locale:alternate\" content=\"en_US\" \/>\n<meta property=\"og:locale:alternate\" content=\"pt_PT\" \/>\n<meta property=\"og:locale:alternate\" content=\"es_ES\" \/>\n<meta property=\"og:locale:alternate\" content=\"sr_RS\" \/>\n<meta property=\"og:locale:alternate\" content=\"bg_BG\" \/>\n<meta property=\"og:locale:alternate\" content=\"pl_PL\" \/>\n<meta property=\"og:locale:alternate\" content=\"it_IT\" \/>\n<meta property=\"og:type\" content=\"article\" \/>\n<meta property=\"og:title\" content=\"\u041e\u0442\u0437\u044b\u0432\u044b \u0438\u0433\u0440\u043e\u043a\u043e\u0432 \u043e\u0431 \u0438\u0433\u0440\u0435 JetX3\" \/>\n<meta property=\"og:description\" content=\"\u041c\u043d\u0435\u043d\u0438\u044f, \u043e\u0431\u0437\u043e\u0440 \u0438 \u0447\u0435\u0441\u0442\u043d\u044b\u0435 \u043e\u0442\u0437\u044b\u0432\u044b \u043d\u0430\u0441\u0442\u043e\u044f\u0449\u0438\u0445 \u0438\u0433\u0440\u043e\u043a\u043e\u0432 \u043e\u0431 \u043e\u043d\u043b\u0430\u0439\u043d \u0438\u0433\u0440\u0435 JetX3. \u041b\u0443\u0447\u0448\u0438\u0435 \u043e\u0431\u0437\u043e\u0440\u044b \u043d\u0430 \u043f\u043e\u043f\u0443\u043b\u044f\u0440\u043d\u0443\u044e \u043a\u0440\u0430\u0448 \u0438\u0433\u0440\u0443 JetX3\" \/>\n<meta property=\"og:url\" content=\"https:\/\/jetxcrashgame.com\/fr\/jetx3-reviews\/\" \/>\n<meta property=\"og:site_name\" content=\"JetX\" \/>\n<meta property=\"article:modified_time\" content=\"2024-03-02T13:57:48+00:00\" \/>\n<meta name=\"twitter:card\" content=\"summary_large_image\" \/>\n<meta name=\"twitter:label1\" content=\"Dur\u00e9e de lecture estim\u00e9e\" \/>\n\t<meta name=\"twitter:data1\" content=\"20 minutes\" \/>\n<script type=\"application\/ld+json\" class=\"yoast-schema-graph\">{\"@context\":\"https:\/\/schema.org\",\"@graph\":[{\"@type\":\"WebPage\",\"@id\":\"https:\/\/jetxcrashgame.com\/jetx3-reviews\/\",\"url\":\"https:\/\/jetxcrashgame.com\/jetx3-reviews\/\",\"name\":\"\u041e\u0442\u0437\u044b\u0432\u044b \u0438\u0433\u0440\u043e\u043a\u043e\u0432 \u043e\u0431 \u0438\u0433\u0440\u0435 JetX3\",\"isPartOf\":{\"@id\":\"https:\/\/jetxcrashgame.com\/#website\"},\"datePublished\":\"2024-01-06T21:26:18+00:00\",\"dateModified\":\"2024-03-02T13:57:48+00:00\",\"description\":\"\u041c\u043d\u0435\u043d\u0438\u044f, \u043e\u0431\u0437\u043e\u0440 \u0438 \u0447\u0435\u0441\u0442\u043d\u044b\u0435 \u043e\u0442\u0437\u044b\u0432\u044b \u043d\u0430\u0441\u0442\u043e\u044f\u0449\u0438\u0445 \u0438\u0433\u0440\u043e\u043a\u043e\u0432 \u043e\u0431 \u043e\u043d\u043b\u0430\u0439\u043d \u0438\u0433\u0440\u0435 JetX3. \u041b\u0443\u0447\u0448\u0438\u0435 \u043e\u0431\u0437\u043e\u0440\u044b \u043d\u0430 \u043f\u043e\u043f\u0443\u043b\u044f\u0440\u043d\u0443\u044e \u043a\u0440\u0430\u0448 \u0438\u0433\u0440\u0443 JetX3\",\"breadcrumb\":{\"@id\":\"https:\/\/jetxcrashgame.com\/jetx3-reviews\/#breadcrumb\"},\"inLanguage\":\"fr-FR\",\"potentialAction\":[{\"@type\":\"ReadAction\",\"target\":[\"https:\/\/jetxcrashgame.com\/jetx3-reviews\/\"]}]},{\"@type\":\"BreadcrumbList\",\"@id\":\"https:\/\/jetxcrashgame.com\/jetx3-reviews\/#breadcrumb\",\"itemListElement\":[{\"@type\":\"ListItem\",\"position\":1,\"name\":\"Home\",\"item\":\"https:\/\/jetxcrashgame.com\/\"},{\"@type\":\"ListItem\",\"position\":2,\"name\":\"\u041e\u0442\u0437\u044b\u0432\u044b\"}]},{\"@type\":\"WebSite\",\"@id\":\"https:\/\/jetxcrashgame.com\/#website\",\"url\":\"https:\/\/jetxcrashgame.com\/\",\"name\":\"JetX\",\"description\":\"Just another WordPress site\",\"publisher\":{\"@id\":\"https:\/\/jetxcrashgame.com\/#organization\"},\"potentialAction\":[{\"@type\":\"SearchAction\",\"target\":{\"@type\":\"EntryPoint\",\"urlTemplate\":\"https:\/\/jetxcrashgame.com\/?s={search_term_string}\"},\"query-input\":{\"@type\":\"PropertyValueSpecification\",\"valueRequired\":true,\"valueName\":\"search_term_string\"}}],\"inLanguage\":\"fr-FR\"},{\"@type\":\"Organization\",\"@id\":\"https:\/\/jetxcrashgame.com\/#organization\",\"name\":\"JetX\",\"url\":\"https:\/\/jetxcrashgame.com\/\",\"logo\":{\"@type\":\"ImageObject\",\"inLanguage\":\"fr-FR\",\"@id\":\"https:\/\/jetxcrashgame.com\/#\/schema\/logo\/image\/\",\"url\":\"https:\/\/jetxcrashgame.com\/wp-content\/uploads\/JetX.png\",\"contentUrl\":\"https:\/\/jetxcrashgame.com\/wp-content\/uploads\/JetX.png\",\"width\":498,\"height\":191,\"caption\":\"JetX\"},\"image\":{\"@id\":\"https:\/\/jetxcrashgame.com\/#\/schema\/logo\/image\/\"}}]}<\/script>\n<!-- \/ Yoast SEO plugin. -->","yoast_head_json":{"title":"\u041e\u0442\u0437\u044b\u0432\u044b \u0438\u0433\u0440\u043e\u043a\u043e\u0432 \u043e\u0431 \u0438\u0433\u0440\u0435 JetX3","description":"Opinions, avis et retours honn\u00eates de vrais joueurs sur le jeu en ligne JetX3. Les meilleures critiques pour le populaire jeu d'incident JetX3.","robots":{"index":"index","follow":"follow","max-snippet":"max-snippet:-1","max-image-preview":"max-image-preview:large","max-video-preview":"max-video-preview:-1"},"canonical":"https:\/\/jetxcrashgame.com\/fr\/jetx3-reviews\/","og_locale":"fr_FR","og_type":"article","og_title":"\u041e\u0442\u0437\u044b\u0432\u044b \u0438\u0433\u0440\u043e\u043a\u043e\u0432 \u043e\u0431 \u0438\u0433\u0440\u0435 JetX3","og_description":"\u041c\u043d\u0435\u043d\u0438\u044f, \u043e\u0431\u0437\u043e\u0440 \u0438 \u0447\u0435\u0441\u0442\u043d\u044b\u0435 \u043e\u0442\u0437\u044b\u0432\u044b \u043d\u0430\u0441\u0442\u043e\u044f\u0449\u0438\u0445 \u0438\u0433\u0440\u043e\u043a\u043e\u0432 \u043e\u0431 \u043e\u043d\u043b\u0430\u0439\u043d \u0438\u0433\u0440\u0435 JetX3. \u041b\u0443\u0447\u0448\u0438\u0435 \u043e\u0431\u0437\u043e\u0440\u044b \u043d\u0430 \u043f\u043e\u043f\u0443\u043b\u044f\u0440\u043d\u0443\u044e \u043a\u0440\u0430\u0448 \u0438\u0433\u0440\u0443 JetX3","og_url":"https:\/\/jetxcrashgame.com\/fr\/jetx3-reviews\/","og_site_name":"JetX","article_modified_time":"2024-03-02T13:57:48+00:00","twitter_card":"summary_large_image","twitter_misc":{"Dur\u00e9e de lecture estim\u00e9e":"20 minutes"},"schema":{"@context":"https:\/\/schema.org","@graph":[{"@type":"WebPage","@id":"https:\/\/jetxcrashgame.com\/jetx3-reviews\/","url":"https:\/\/jetxcrashgame.com\/jetx3-reviews\/","name":"\u041e\u0442\u0437\u044b\u0432\u044b \u0438\u0433\u0440\u043e\u043a\u043e\u0432 \u043e\u0431 \u0438\u0433\u0440\u0435 JetX3","isPartOf":{"@id":"https:\/\/jetxcrashgame.com\/#website"},"datePublished":"2024-01-06T21:26:18+00:00","dateModified":"2024-03-02T13:57:48+00:00","description":"\u041c\u043d\u0435\u043d\u0438\u044f, \u043e\u0431\u0437\u043e\u0440 \u0438 \u0447\u0435\u0441\u0442\u043d\u044b\u0435 \u043e\u0442\u0437\u044b\u0432\u044b \u043d\u0430\u0441\u0442\u043e\u044f\u0449\u0438\u0445 \u0438\u0433\u0440\u043e\u043a\u043e\u0432 \u043e\u0431 \u043e\u043d\u043b\u0430\u0439\u043d \u0438\u0433\u0440\u0435 JetX3. \u041b\u0443\u0447\u0448\u0438\u0435 \u043e\u0431\u0437\u043e\u0440\u044b \u043d\u0430 \u043f\u043e\u043f\u0443\u043b\u044f\u0440\u043d\u0443\u044e \u043a\u0440\u0430\u0448 \u0438\u0433\u0440\u0443 JetX3","breadcrumb":{"@id":"https:\/\/jetxcrashgame.com\/jetx3-reviews\/#breadcrumb"},"inLanguage":"fr-FR","potentialAction":[{"@type":"ReadAction","target":["https:\/\/jetxcrashgame.com\/jetx3-reviews\/"]}]},{"@type":"BreadcrumbList","@id":"https:\/\/jetxcrashgame.com\/jetx3-reviews\/#breadcrumb","itemListElement":[{"@type":"ListItem","position":1,"name":"Home","item":"https:\/\/jetxcrashgame.com\/"},{"@type":"ListItem","position":2,"name":"\u041e\u0442\u0437\u044b\u0432\u044b"}]},{"@type":"WebSite","@id":"https:\/\/jetxcrashgame.com\/#website","url":"https:\/\/jetxcrashgame.com\/","name":"JetX","description":"Just another WordPress site","publisher":{"@id":"https:\/\/jetxcrashgame.com\/#organization"},"potentialAction":[{"@type":"SearchAction","target":{"@type":"EntryPoint","urlTemplate":"https:\/\/jetxcrashgame.com\/?s={search_term_string}"},"query-input":{"@type":"PropertyValueSpecification","valueRequired":true,"valueName":"search_term_string"}}],"inLanguage":"fr-FR"},{"@type":"Organization","@id":"https:\/\/jetxcrashgame.com\/#organization","name":"JetX","url":"https:\/\/jetxcrashgame.com\/","logo":{"@type":"ImageObject","inLanguage":"fr-FR","@id":"https:\/\/jetxcrashgame.com\/#\/schema\/logo\/image\/","url":"https:\/\/jetxcrashgame.com\/wp-content\/uploads\/JetX.png","contentUrl":"https:\/\/jetxcrashgame.com\/wp-content\/uploads\/JetX.png","width":498,"height":191,"caption":"JetX"},"image":{"@id":"https:\/\/jetxcrashgame.com\/#\/schema\/logo\/image\/"}}]}},"_links":{"self":[{"href":"https:\/\/jetxcrashgame.com\/fr\/wp-json\/wp\/v2\/pages\/12","targetHints":{"allow":["GET"]}}],"collection":[{"href":"https:\/\/jetxcrashgame.com\/fr\/wp-json\/wp\/v2\/pages"}],"about":[{"href":"https:\/\/jetxcrashgame.com\/fr\/wp-json\/wp\/v2\/types\/page"}],"author":[{"embeddable":true,"href":"https:\/\/jetxcrashgame.com\/fr\/wp-json\/wp\/v2\/users\/1"}],"replies":[{"embeddable":true,"href":"https:\/\/jetxcrashgame.com\/fr\/wp-json\/wp\/v2\/comments?post=12"}],"version-history":[{"count":21,"href":"https:\/\/jetxcrashgame.com\/fr\/wp-json\/wp\/v2\/pages\/12\/revisions"}],"predecessor-version":[{"id":112,"href":"https:\/\/jetxcrashgame.com\/fr\/wp-json\/wp\/v2\/pages\/12\/revisions\/112"}],"wp:attachment":[{"href":"https:\/\/jetxcrashgame.com\/fr\/wp-json\/wp\/v2\/media?parent=12"}],"curies":[{"name":"wp","href":"https:\/\/api.w.org\/{rel}","templated":true}]}}