{"id":10,"date":"2024-01-06T21:10:48","date_gmt":"2024-01-06T21:10:48","guid":{"rendered":"https:\/\/jetxcrashgame.com\/?page_id=10"},"modified":"2024-03-02T13:54:25","modified_gmt":"2024-03-02T13:54:25","slug":"where-to-play-jetx3","status":"publish","type":"page","link":"https:\/\/jetxcrashgame.com\/fr\/where-to-play-jetx3\/","title":{"rendered":"O\u00f9 jouer au jeu de crash JetX3 ?"},"content":{"rendered":"<p>Le jeu JetX3 est pr\u00e9sent dans de nombreux casinos en ligne. Pour placer des paris en devise r\u00e9elle, il est n\u00e9cessaire de s&rsquo;inscrire dans un casino en ligne et de recharger le solde du compte de jeu. Il est recommand\u00e9 de choisir des casinos en ligne licenci\u00e9s et fiables, jouissant d&rsquo;une bonne r\u00e9putation. Lors du choix d&rsquo;un \u00e9tablissement, il convient de tenir compte des caract\u00e9ristiques suivantes :<\/p>\n<ul>\n<li>Classement du casino en ligne ;<\/li>\n<li>Pr\u00e9sence de licences ;<\/li>\n<li>Bonus attractifs ;<\/li>\n<li>Support multi-devises ;<\/li>\n<li>S\u00e9curit\u00e9 du site web ;<\/li>\n<li>M\u00e9thodes de paiement pratiques ;<\/li>\n<li>Retrait rapide des fonds ;<\/li>\n<li>Large gamme de jeux ;<\/li>\n<li>Service client amical disponible 24h\/24 et 7j\/7 ;<\/li>\n<li>Proc\u00e9dure d&rsquo;inscription simple ;<\/li>\n<li>Cadeaux de bienvenue pour les nouveaux arrivants.<\/li>\n<\/ul>\n<p>Le casino doit avoir une licence pour fournir des services de jeu de hasard \u00e9mis par des r\u00e9gulateurs de l&rsquo;industrie r\u00e9put\u00e9s. Faites attention \u00e0 la liste des devises accept\u00e9es et aux m\u00e9thodes de paiement disponibles. Avant de vous inscrire sur une plateforme virtuelle, assurez-vous que le casino propose JetX3 dans son catalogue de jeux.<\/p>\n<p>Si l&rsquo;entreprise propose des cadeaux de bienvenue aux nouveaux arrivants, vous pouvez utiliser l&rsquo;argent pour les paris dans le jeu de crash aux frais de l&rsquo;\u00e9tablissement. Pour recevoir des bonus, vous devez g\u00e9n\u00e9ralement cr\u00e9er un compte et effectuer un d\u00e9p\u00f4t. Avant d&rsquo;activer les cadeaux, familiarisez-vous avec les exigences de mise. Il est recommand\u00e9 de jouer au simulateur en argent r\u00e9el apr\u00e8s une connaissance d\u00e9taill\u00e9e du jeu en mode d\u00e9mo.<\/p>\n<p>Nous esp\u00e9rons que nos conseils pour choisir un casino en ligne pour jouer \u00e0 JetX3 vous ont \u00e9t\u00e9 utiles.<\/p>\n","protected":false},"excerpt":{"rendered":"<p>Le jeu JetX3 est pr\u00e9sent dans de nombreux casinos en ligne. Pour placer des paris en devise r\u00e9elle, il est n\u00e9cessaire de s&rsquo;inscrire dans un casino en ligne et de recharger le solde du compte de jeu. Il est recommand\u00e9 de choisir des casinos en ligne licenci\u00e9s et fiables, jouissant d&rsquo;une bonne r\u00e9putation. Lors du&#8230;<\/p>\n","protected":false},"author":1,"featured_media":0,"parent":0,"menu_order":0,"comment_status":"closed","ping_status":"closed","template":"","meta":{"footnotes":""},"class_list":["post-10","page","type-page","status-publish","hentry"],"yoast_head":"<!-- This site is optimized with the Yoast SEO plugin v27.2 - https:\/\/yoast.com\/product\/yoast-seo-wordpress\/ -->\n<title>Elija un Casino para Jugar JetX3<\/title>\n<meta name=\"description\" content=\"Il est important de choisir un casino en ligne juste et fiable pour jouer \u00e0 JetX3. O\u00f9 jouer \u00e0 JetX3 gratuitement et avec de l&#039;argent r\u00e9el.\" \/>\n<meta name=\"robots\" content=\"index, follow, max-snippet:-1, max-image-preview:large, max-video-preview:-1\" \/>\n<link rel=\"canonical\" href=\"https:\/\/jetxcrashgame.com\/fr\/where-to-play-jetx3\/\" \/>\n<meta property=\"og:locale\" content=\"fr_FR\" \/>\n<meta property=\"og:locale:alternate\" content=\"ru_RU\" \/>\n<meta property=\"og:locale:alternate\" content=\"en_US\" \/>\n<meta property=\"og:locale:alternate\" content=\"pt_PT\" \/>\n<meta property=\"og:locale:alternate\" content=\"es_ES\" \/>\n<meta property=\"og:locale:alternate\" content=\"sr_RS\" \/>\n<meta property=\"og:locale:alternate\" content=\"bg_BG\" \/>\n<meta property=\"og:locale:alternate\" content=\"pl_PL\" \/>\n<meta property=\"og:locale:alternate\" content=\"it_IT\" \/>\n<meta property=\"og:type\" content=\"article\" \/>\n<meta property=\"og:title\" content=\"Elija un Casino para Jugar JetX3\" \/>\n<meta property=\"og:description\" content=\"Es importante seleccionar un casino en l\u00ednea justo y confiable para jugar JetX3. D\u00f3nde jugar JetX3 gratis y con dinero real.\" \/>\n<meta property=\"og:url\" content=\"https:\/\/jetxcrashgame.com\/fr\/where-to-play-jetx3\/\" \/>\n<meta property=\"og:site_name\" content=\"JetX\" \/>\n<meta property=\"article:modified_time\" content=\"2024-03-02T13:54:25+00:00\" \/>\n<meta name=\"twitter:card\" content=\"summary_large_image\" \/>\n<meta name=\"twitter:label1\" content=\"Dur\u00e9e de lecture estim\u00e9e\" \/>\n\t<meta name=\"twitter:data1\" content=\"7 minutes\" \/>\n<script type=\"application\/ld+json\" class=\"yoast-schema-graph\">{\"@context\":\"https:\/\/schema.org\",\"@graph\":[{\"@type\":\"WebPage\",\"@id\":\"https:\/\/jetxcrashgame.com\/es\/where-to-play-jetx3\/\",\"url\":\"https:\/\/jetxcrashgame.com\/es\/where-to-play-jetx3\/\",\"name\":\"Elija un Casino para Jugar JetX3\",\"isPartOf\":{\"@id\":\"https:\/\/jetxcrashgame.com\/#website\"},\"datePublished\":\"2024-01-06T21:10:48+00:00\",\"dateModified\":\"2024-03-02T13:54:25+00:00\",\"description\":\"Es importante seleccionar un casino en l\u00ednea justo y confiable para jugar JetX3. D\u00f3nde jugar JetX3 gratis y con dinero real.\",\"breadcrumb\":{\"@id\":\"https:\/\/jetxcrashgame.com\/es\/where-to-play-jetx3\/#breadcrumb\"},\"inLanguage\":\"fr-FR\",\"potentialAction\":[{\"@type\":\"ReadAction\",\"target\":[\"https:\/\/jetxcrashgame.com\/es\/where-to-play-jetx3\/\"]}]},{\"@type\":\"BreadcrumbList\",\"@id\":\"https:\/\/jetxcrashgame.com\/es\/where-to-play-jetx3\/#breadcrumb\",\"itemListElement\":[{\"@type\":\"ListItem\",\"position\":1,\"name\":\"Home\",\"item\":\"https:\/\/jetxcrashgame.com\/\"},{\"@type\":\"ListItem\",\"position\":2,\"name\":\"\u00bfD\u00f3nde jugar al juego de crash JetX3?\"}]},{\"@type\":\"WebSite\",\"@id\":\"https:\/\/jetxcrashgame.com\/#website\",\"url\":\"https:\/\/jetxcrashgame.com\/\",\"name\":\"JetX\",\"description\":\"Just another WordPress site\",\"publisher\":{\"@id\":\"https:\/\/jetxcrashgame.com\/#organization\"},\"potentialAction\":[{\"@type\":\"SearchAction\",\"target\":{\"@type\":\"EntryPoint\",\"urlTemplate\":\"https:\/\/jetxcrashgame.com\/?s={search_term_string}\"},\"query-input\":{\"@type\":\"PropertyValueSpecification\",\"valueRequired\":true,\"valueName\":\"search_term_string\"}}],\"inLanguage\":\"fr-FR\"},{\"@type\":\"Organization\",\"@id\":\"https:\/\/jetxcrashgame.com\/#organization\",\"name\":\"JetX\",\"url\":\"https:\/\/jetxcrashgame.com\/\",\"logo\":{\"@type\":\"ImageObject\",\"inLanguage\":\"fr-FR\",\"@id\":\"https:\/\/jetxcrashgame.com\/#\/schema\/logo\/image\/\",\"url\":\"https:\/\/jetxcrashgame.com\/wp-content\/uploads\/JetX.png\",\"contentUrl\":\"https:\/\/jetxcrashgame.com\/wp-content\/uploads\/JetX.png\",\"width\":498,\"height\":191,\"caption\":\"JetX\"},\"image\":{\"@id\":\"https:\/\/jetxcrashgame.com\/#\/schema\/logo\/image\/\"}}]}<\/script>\n<!-- \/ Yoast SEO plugin. -->","yoast_head_json":{"title":"Elija un Casino para Jugar JetX3","description":"Il est important de choisir un casino en ligne juste et fiable pour jouer \u00e0 JetX3. O\u00f9 jouer \u00e0 JetX3 gratuitement et avec de l'argent r\u00e9el.","robots":{"index":"index","follow":"follow","max-snippet":"max-snippet:-1","max-image-preview":"max-image-preview:large","max-video-preview":"max-video-preview:-1"},"canonical":"https:\/\/jetxcrashgame.com\/fr\/where-to-play-jetx3\/","og_locale":"fr_FR","og_type":"article","og_title":"Elija un Casino para Jugar JetX3","og_description":"Es importante seleccionar un casino en l\u00ednea justo y confiable para jugar JetX3. D\u00f3nde jugar JetX3 gratis y con dinero real.","og_url":"https:\/\/jetxcrashgame.com\/fr\/where-to-play-jetx3\/","og_site_name":"JetX","article_modified_time":"2024-03-02T13:54:25+00:00","twitter_card":"summary_large_image","twitter_misc":{"Dur\u00e9e de lecture estim\u00e9e":"7 minutes"},"schema":{"@context":"https:\/\/schema.org","@graph":[{"@type":"WebPage","@id":"https:\/\/jetxcrashgame.com\/es\/where-to-play-jetx3\/","url":"https:\/\/jetxcrashgame.com\/es\/where-to-play-jetx3\/","name":"Elija un Casino para Jugar JetX3","isPartOf":{"@id":"https:\/\/jetxcrashgame.com\/#website"},"datePublished":"2024-01-06T21:10:48+00:00","dateModified":"2024-03-02T13:54:25+00:00","description":"Es importante seleccionar un casino en l\u00ednea justo y confiable para jugar JetX3. D\u00f3nde jugar JetX3 gratis y con dinero real.","breadcrumb":{"@id":"https:\/\/jetxcrashgame.com\/es\/where-to-play-jetx3\/#breadcrumb"},"inLanguage":"fr-FR","potentialAction":[{"@type":"ReadAction","target":["https:\/\/jetxcrashgame.com\/es\/where-to-play-jetx3\/"]}]},{"@type":"BreadcrumbList","@id":"https:\/\/jetxcrashgame.com\/es\/where-to-play-jetx3\/#breadcrumb","itemListElement":[{"@type":"ListItem","position":1,"name":"Home","item":"https:\/\/jetxcrashgame.com\/"},{"@type":"ListItem","position":2,"name":"\u00bfD\u00f3nde jugar al juego de crash JetX3?"}]},{"@type":"WebSite","@id":"https:\/\/jetxcrashgame.com\/#website","url":"https:\/\/jetxcrashgame.com\/","name":"JetX","description":"Just another WordPress site","publisher":{"@id":"https:\/\/jetxcrashgame.com\/#organization"},"potentialAction":[{"@type":"SearchAction","target":{"@type":"EntryPoint","urlTemplate":"https:\/\/jetxcrashgame.com\/?s={search_term_string}"},"query-input":{"@type":"PropertyValueSpecification","valueRequired":true,"valueName":"search_term_string"}}],"inLanguage":"fr-FR"},{"@type":"Organization","@id":"https:\/\/jetxcrashgame.com\/#organization","name":"JetX","url":"https:\/\/jetxcrashgame.com\/","logo":{"@type":"ImageObject","inLanguage":"fr-FR","@id":"https:\/\/jetxcrashgame.com\/#\/schema\/logo\/image\/","url":"https:\/\/jetxcrashgame.com\/wp-content\/uploads\/JetX.png","contentUrl":"https:\/\/jetxcrashgame.com\/wp-content\/uploads\/JetX.png","width":498,"height":191,"caption":"JetX"},"image":{"@id":"https:\/\/jetxcrashgame.com\/#\/schema\/logo\/image\/"}}]}},"_links":{"self":[{"href":"https:\/\/jetxcrashgame.com\/fr\/wp-json\/wp\/v2\/pages\/10","targetHints":{"allow":["GET"]}}],"collection":[{"href":"https:\/\/jetxcrashgame.com\/fr\/wp-json\/wp\/v2\/pages"}],"about":[{"href":"https:\/\/jetxcrashgame.com\/fr\/wp-json\/wp\/v2\/types\/page"}],"author":[{"embeddable":true,"href":"https:\/\/jetxcrashgame.com\/fr\/wp-json\/wp\/v2\/users\/1"}],"replies":[{"embeddable":true,"href":"https:\/\/jetxcrashgame.com\/fr\/wp-json\/wp\/v2\/comments?post=10"}],"version-history":[{"count":20,"href":"https:\/\/jetxcrashgame.com\/fr\/wp-json\/wp\/v2\/pages\/10\/revisions"}],"predecessor-version":[{"id":109,"href":"https:\/\/jetxcrashgame.com\/fr\/wp-json\/wp\/v2\/pages\/10\/revisions\/109"}],"wp:attachment":[{"href":"https:\/\/jetxcrashgame.com\/fr\/wp-json\/wp\/v2\/media?parent=10"}],"curies":[{"name":"wp","href":"https:\/\/api.w.org\/{rel}","templated":true}]}}