{"id":8,"date":"2024-01-06T21:10:02","date_gmt":"2024-01-06T21:10:02","guid":{"rendered":"https:\/\/jetxcrashgame.com\/?page_id=8"},"modified":"2024-03-02T13:55:40","modified_gmt":"2024-03-02T13:55:40","slug":"how-to-win-jetx3","status":"publish","type":"page","link":"https:\/\/jetxcrashgame.com\/es\/how-to-win-jetx3\/","title":{"rendered":"C\u00f3mo ganar en el juego de crash JetX3?"},"content":{"rendered":"<p>En el juego JetX3, se encuentran estad\u00edsticas de las rondas recientes. La informaci\u00f3n sobre las apuestas, multiplicadores y ganancias tanto del jugador como de otros participantes en el juego se muestra en las tablas de informaci\u00f3n. Estos datos se pueden utilizar para elegir la estrategia de apuestas \u00f3ptima, que ayudar\u00e1 a asegurar una victoria en la tragamonedas y reclamar premios en efectivo real en el casino en l\u00ednea.<\/p>\n<h2>C\u00f3mo ganar en JetX3:<\/h2>\n<p>Desafortunadamente, no encontrar\u00e1s una respuesta universal que garantice un resultado del 100% para cada ronda. Sin embargo, hay algunos consejos sencillos que pueden aumentar tus posibilidades de ganar:<\/p>\n<ul>\n<li>Prueba la tragamonedas en modo demo antes de jugar con dinero real, ya que esto te dar\u00e1 una mejor comprensi\u00f3n de la mec\u00e1nica y las reglas del juego.<\/li>\n<li>Intenta colocar diferentes cantidades en diferentes n\u00fameros de naves espaciales, ya que esto aumenta la variabilidad de la tarea y comprender\u00e1s mejor c\u00f3mo hacer un seguimiento de 3 naves espaciales simult\u00e1neamente.<\/li>\n<li>Elige el tama\u00f1o de apuesta y el tiempo de juego \u00f3ptimos, ya que comprender\u00e1s tu disposici\u00f3n al riesgo, ya que una larga espera para el despegue indica una disposici\u00f3n a esperar un coeficiente alto.<\/li>\n<li>Asigna un bankroll espec\u00edfico para la sesi\u00f3n de juego y, si pierdes, es importante detenerte y dejar el juego.<\/li>\n<li>Utiliza estrategias de apuestas probadas en JetX3. Si funcion\u00f3 antes, es probable que siga funcionando. Como dicen, no arregles lo que no est\u00e1 roto.<\/li>\n<li>Establece un l\u00edmite para la cantidad de p\u00e9rdida (stop-loss), como se mencion\u00f3 anteriormente.<\/li>\n<li>Utiliza las funciones de apuesta autom\u00e1tica y auto-retiro, ya que esto aumenta significativamente las oportunidades para gestionar el juego correctamente.<\/li>\n<li>No intentes recuperar p\u00e9rdidas en caso de derrota. Nadie garantiza que tendr\u00e1s \u00e9xito, y en caso de fracaso, terminar\u00e1s con una deuda a\u00fan mayor.<\/li>\n<li>Retira tus ganancias de la cuenta del casino para evitar gastar el premio.<\/li>\n<\/ul>\n<p>Los jugadores experimentados que buscan maximizar sus posibilidades de ganar en el juego de choque JetX3 suelen recurrir a enfoques estrat\u00e9gicos probados y verdaderos. Entre las estrategias m\u00e1s populares y efectivas se destaca la t\u00e1ctica de Martingala. La esencia de esta t\u00e1ctica es duplicar la apuesta despu\u00e9s de cada p\u00e9rdida, lo que te\u00f3ricamente permite recuperar todas las p\u00e9rdidas anteriores con la pr\u00f3xima victoria. Sin embargo, es importante tener en cuenta que esta estrategia requiere un bankroll significativo y puede ser arriesgada durante largas series de derrotas.<\/p>\n<p>Otro enfoque popular implica jugar con coeficientes bajos, medios o altos en JetX3. Por ejemplo, algunos jugadores prefieren hacer apuestas con coeficientes bajos, como 1.2-1.5, para obtener ganancias m\u00e1s frecuentes pero m\u00e1s peque\u00f1as. Al mismo tiempo, otros pueden optar por correr riesgos con coeficientes m\u00e1s altos, como 5-10, contando con ganancias significativas. Esto requiere un an\u00e1lisis cuidadoso y evaluaci\u00f3n de riesgos, ya que los coeficientes altos corresponden a una menor probabilidad de \u00e9xito.<\/p>\n<p>El uso del retiro autom\u00e1tico (auto-cashout) es otro elemento importante de la estrategia en JetX3. Al establecer valores espec\u00edficos de multiplicadores para el auto-retiro, los jugadores pueden finalizar autom\u00e1ticamente la ronda cuando se alcancen estos coeficientes. Esto ayuda a evitar una situaci\u00f3n en la que un jugador, atrapado por la emoci\u00f3n, no logra retirar dinero a tiempo, lo que puede llevar a p\u00e9rdidas financieras. Este enfoque garantiza un juego m\u00e1s disciplinado y ayuda en la gesti\u00f3n del bankroll.<\/p>\n<p>Es importante recordar que el resultado de cada ronda en JetX3 est\u00e1 determinado por un generador de n\u00fameros aleatorios, lo que hace imposible predecir con precisi\u00f3n el momento en que las naves espaciales explotar\u00e1n. Es por eso que las decisiones del jugador sobre cu\u00e1ndo dejar de jugar son cruciales. Aunque no hay m\u00e9todos garantizados para asegurar una victoria en cada ronda, el uso correcto de estrategias de apuestas y la gesti\u00f3n de riesgos pueden mejorar las posibilidades generales de \u00e9xito. En \u00faltima instancia, el \u00e9xito en JetX3 depende de la capacidad del jugador para evaluar la situaci\u00f3n correctamente y tomar decisiones oportunas, basadas en observaciones del comportamiento de las naves espaciales, los coeficientes y su propia intuici\u00f3n. Esto hace que el juego no solo sea emocionante, sino que tambi\u00e9n requiere que el jugador sea atento y cauteloso, especialmente cuando las naves espaciales pueden explotar en la pantalla en cualquier momento, y es necesario retirar el dinero antes de un posible choque.<\/p>\n","protected":false},"excerpt":{"rendered":"<p>En el juego JetX3, se encuentran estad\u00edsticas de las rondas recientes. La informaci\u00f3n sobre las apuestas, multiplicadores y ganancias tanto del jugador como de otros participantes en el juego se muestra en las tablas de informaci\u00f3n. Estos datos se pueden utilizar para elegir la estrategia de apuestas \u00f3ptima, que ayudar\u00e1 a asegurar una victoria en&#8230;<\/p>\n","protected":false},"author":1,"featured_media":0,"parent":0,"menu_order":0,"comment_status":"closed","ping_status":"closed","template":"","meta":{"footnotes":""},"class_list":["post-8","page","type-page","status-publish","hentry"],"yoast_head":"<!-- This site is optimized with the Yoast SEO plugin v27.2 - https:\/\/yoast.com\/product\/yoast-seo-wordpress\/ -->\n<title>\u041a\u0430\u043a \u0438\u0433\u0440\u0430\u0442\u044c \u0438 \u0432\u044b\u0438\u0433\u0440\u044b\u0432\u0430\u0442\u044c \u0432 \u043e\u043d\u043b\u0430\u0439\u043d \u0438\u0433\u0440\u0443 JetX3<\/title>\n<meta name=\"description\" content=\"Las mejores estrategias y t\u00e1cticas para jugar a JetX3. Vamos a hablar sobre c\u00f3mo jugar y ganar dinero real en el juego de choque JetX3.\" \/>\n<meta name=\"robots\" content=\"index, follow, max-snippet:-1, max-image-preview:large, max-video-preview:-1\" \/>\n<link rel=\"canonical\" href=\"https:\/\/jetxcrashgame.com\/es\/how-to-win-jetx3\/\" \/>\n<meta property=\"og:locale\" content=\"es_ES\" \/>\n<meta property=\"og:locale:alternate\" content=\"ru_RU\" \/>\n<meta property=\"og:locale:alternate\" content=\"en_US\" \/>\n<meta property=\"og:locale:alternate\" content=\"pt_PT\" \/>\n<meta property=\"og:locale:alternate\" content=\"sr_RS\" \/>\n<meta property=\"og:locale:alternate\" content=\"bg_BG\" \/>\n<meta property=\"og:locale:alternate\" content=\"pl_PL\" \/>\n<meta property=\"og:locale:alternate\" content=\"it_IT\" \/>\n<meta property=\"og:locale:alternate\" content=\"fr_FR\" \/>\n<meta property=\"og:type\" content=\"article\" \/>\n<meta property=\"og:title\" content=\"\u041a\u0430\u043a \u0438\u0433\u0440\u0430\u0442\u044c \u0438 \u0432\u044b\u0438\u0433\u0440\u044b\u0432\u0430\u0442\u044c \u0432 \u043e\u043d\u043b\u0430\u0439\u043d \u0438\u0433\u0440\u0443 JetX3\" \/>\n<meta property=\"og:description\" content=\"\u041b\u0443\u0447\u0448\u0438\u0435 \u0441\u0442\u0440\u0430\u0442\u0435\u0433\u0438\u0438 \u0438 \u0442\u0430\u043a\u0442\u0438\u043a\u0438 \u0438\u0433\u0440\u044b JetX3. \u041f\u043e\u0433\u043e\u0432\u043e\u0440\u0438\u043c \u043a\u0430\u043a \u0438\u0433\u0440\u0430\u0442\u044c \u0438 \u0432\u044b\u0438\u0433\u0440\u044b\u0432\u0430\u0442\u044c \u0440\u0435\u0430\u043b\u044c\u043d\u044b\u0435 \u0434\u0435\u043d\u044c\u0433\u0438 \u0432 \u043a\u0440\u0430\u0448 \u0438\u0433\u0440\u0435 JetX3\" \/>\n<meta property=\"og:url\" content=\"https:\/\/jetxcrashgame.com\/es\/how-to-win-jetx3\/\" \/>\n<meta property=\"og:site_name\" content=\"JetX\" \/>\n<meta property=\"article:modified_time\" content=\"2024-03-02T13:55:40+00:00\" \/>\n<meta name=\"twitter:card\" content=\"summary_large_image\" \/>\n<meta name=\"twitter:label1\" content=\"Tiempo de lectura\" \/>\n\t<meta name=\"twitter:data1\" content=\"22 minutos\" \/>\n<script type=\"application\/ld+json\" class=\"yoast-schema-graph\">{\"@context\":\"https:\/\/schema.org\",\"@graph\":[{\"@type\":\"WebPage\",\"@id\":\"https:\/\/jetxcrashgame.com\/how-to-win-jetx3\/\",\"url\":\"https:\/\/jetxcrashgame.com\/how-to-win-jetx3\/\",\"name\":\"\u041a\u0430\u043a \u0438\u0433\u0440\u0430\u0442\u044c \u0438 \u0432\u044b\u0438\u0433\u0440\u044b\u0432\u0430\u0442\u044c \u0432 \u043e\u043d\u043b\u0430\u0439\u043d \u0438\u0433\u0440\u0443 JetX3\",\"isPartOf\":{\"@id\":\"https:\/\/jetxcrashgame.com\/#website\"},\"datePublished\":\"2024-01-06T21:10:02+00:00\",\"dateModified\":\"2024-03-02T13:55:40+00:00\",\"description\":\"\u041b\u0443\u0447\u0448\u0438\u0435 \u0441\u0442\u0440\u0430\u0442\u0435\u0433\u0438\u0438 \u0438 \u0442\u0430\u043a\u0442\u0438\u043a\u0438 \u0438\u0433\u0440\u044b JetX3. \u041f\u043e\u0433\u043e\u0432\u043e\u0440\u0438\u043c \u043a\u0430\u043a \u0438\u0433\u0440\u0430\u0442\u044c \u0438 \u0432\u044b\u0438\u0433\u0440\u044b\u0432\u0430\u0442\u044c \u0440\u0435\u0430\u043b\u044c\u043d\u044b\u0435 \u0434\u0435\u043d\u044c\u0433\u0438 \u0432 \u043a\u0440\u0430\u0448 \u0438\u0433\u0440\u0435 JetX3\",\"breadcrumb\":{\"@id\":\"https:\/\/jetxcrashgame.com\/how-to-win-jetx3\/#breadcrumb\"},\"inLanguage\":\"es-ES\",\"potentialAction\":[{\"@type\":\"ReadAction\",\"target\":[\"https:\/\/jetxcrashgame.com\/how-to-win-jetx3\/\"]}]},{\"@type\":\"BreadcrumbList\",\"@id\":\"https:\/\/jetxcrashgame.com\/how-to-win-jetx3\/#breadcrumb\",\"itemListElement\":[{\"@type\":\"ListItem\",\"position\":1,\"name\":\"Home\",\"item\":\"https:\/\/jetxcrashgame.com\/\"},{\"@type\":\"ListItem\",\"position\":2,\"name\":\"\u041a\u0430\u043a \u0432\u044b\u0438\u0433\u0440\u044b\u0432\u0430\u0442\u044c \u0432 \u043a\u0440\u0430\u0448-\u0438\u0433\u0440\u0443 JetX3\"}]},{\"@type\":\"WebSite\",\"@id\":\"https:\/\/jetxcrashgame.com\/#website\",\"url\":\"https:\/\/jetxcrashgame.com\/\",\"name\":\"JetX\",\"description\":\"Just another WordPress site\",\"publisher\":{\"@id\":\"https:\/\/jetxcrashgame.com\/#organization\"},\"potentialAction\":[{\"@type\":\"SearchAction\",\"target\":{\"@type\":\"EntryPoint\",\"urlTemplate\":\"https:\/\/jetxcrashgame.com\/?s={search_term_string}\"},\"query-input\":{\"@type\":\"PropertyValueSpecification\",\"valueRequired\":true,\"valueName\":\"search_term_string\"}}],\"inLanguage\":\"es-ES\"},{\"@type\":\"Organization\",\"@id\":\"https:\/\/jetxcrashgame.com\/#organization\",\"name\":\"JetX\",\"url\":\"https:\/\/jetxcrashgame.com\/\",\"logo\":{\"@type\":\"ImageObject\",\"inLanguage\":\"es-ES\",\"@id\":\"https:\/\/jetxcrashgame.com\/#\/schema\/logo\/image\/\",\"url\":\"https:\/\/jetxcrashgame.com\/wp-content\/uploads\/JetX.png\",\"contentUrl\":\"https:\/\/jetxcrashgame.com\/wp-content\/uploads\/JetX.png\",\"width\":498,\"height\":191,\"caption\":\"JetX\"},\"image\":{\"@id\":\"https:\/\/jetxcrashgame.com\/#\/schema\/logo\/image\/\"}}]}<\/script>\n<!-- \/ Yoast SEO plugin. -->","yoast_head_json":{"title":"\u041a\u0430\u043a \u0438\u0433\u0440\u0430\u0442\u044c \u0438 \u0432\u044b\u0438\u0433\u0440\u044b\u0432\u0430\u0442\u044c \u0432 \u043e\u043d\u043b\u0430\u0439\u043d \u0438\u0433\u0440\u0443 JetX3","description":"Las mejores estrategias y t\u00e1cticas para jugar a JetX3. Vamos a hablar sobre c\u00f3mo jugar y ganar dinero real en el juego de choque JetX3.","robots":{"index":"index","follow":"follow","max-snippet":"max-snippet:-1","max-image-preview":"max-image-preview:large","max-video-preview":"max-video-preview:-1"},"canonical":"https:\/\/jetxcrashgame.com\/es\/how-to-win-jetx3\/","og_locale":"es_ES","og_type":"article","og_title":"\u041a\u0430\u043a \u0438\u0433\u0440\u0430\u0442\u044c \u0438 \u0432\u044b\u0438\u0433\u0440\u044b\u0432\u0430\u0442\u044c \u0432 \u043e\u043d\u043b\u0430\u0439\u043d \u0438\u0433\u0440\u0443 JetX3","og_description":"\u041b\u0443\u0447\u0448\u0438\u0435 \u0441\u0442\u0440\u0430\u0442\u0435\u0433\u0438\u0438 \u0438 \u0442\u0430\u043a\u0442\u0438\u043a\u0438 \u0438\u0433\u0440\u044b JetX3. \u041f\u043e\u0433\u043e\u0432\u043e\u0440\u0438\u043c \u043a\u0430\u043a \u0438\u0433\u0440\u0430\u0442\u044c \u0438 \u0432\u044b\u0438\u0433\u0440\u044b\u0432\u0430\u0442\u044c \u0440\u0435\u0430\u043b\u044c\u043d\u044b\u0435 \u0434\u0435\u043d\u044c\u0433\u0438 \u0432 \u043a\u0440\u0430\u0448 \u0438\u0433\u0440\u0435 JetX3","og_url":"https:\/\/jetxcrashgame.com\/es\/how-to-win-jetx3\/","og_site_name":"JetX","article_modified_time":"2024-03-02T13:55:40+00:00","twitter_card":"summary_large_image","twitter_misc":{"Tiempo de lectura":"22 minutos"},"schema":{"@context":"https:\/\/schema.org","@graph":[{"@type":"WebPage","@id":"https:\/\/jetxcrashgame.com\/how-to-win-jetx3\/","url":"https:\/\/jetxcrashgame.com\/how-to-win-jetx3\/","name":"\u041a\u0430\u043a \u0438\u0433\u0440\u0430\u0442\u044c \u0438 \u0432\u044b\u0438\u0433\u0440\u044b\u0432\u0430\u0442\u044c \u0432 \u043e\u043d\u043b\u0430\u0439\u043d \u0438\u0433\u0440\u0443 JetX3","isPartOf":{"@id":"https:\/\/jetxcrashgame.com\/#website"},"datePublished":"2024-01-06T21:10:02+00:00","dateModified":"2024-03-02T13:55:40+00:00","description":"\u041b\u0443\u0447\u0448\u0438\u0435 \u0441\u0442\u0440\u0430\u0442\u0435\u0433\u0438\u0438 \u0438 \u0442\u0430\u043a\u0442\u0438\u043a\u0438 \u0438\u0433\u0440\u044b JetX3. \u041f\u043e\u0433\u043e\u0432\u043e\u0440\u0438\u043c \u043a\u0430\u043a \u0438\u0433\u0440\u0430\u0442\u044c \u0438 \u0432\u044b\u0438\u0433\u0440\u044b\u0432\u0430\u0442\u044c \u0440\u0435\u0430\u043b\u044c\u043d\u044b\u0435 \u0434\u0435\u043d\u044c\u0433\u0438 \u0432 \u043a\u0440\u0430\u0448 \u0438\u0433\u0440\u0435 JetX3","breadcrumb":{"@id":"https:\/\/jetxcrashgame.com\/how-to-win-jetx3\/#breadcrumb"},"inLanguage":"es-ES","potentialAction":[{"@type":"ReadAction","target":["https:\/\/jetxcrashgame.com\/how-to-win-jetx3\/"]}]},{"@type":"BreadcrumbList","@id":"https:\/\/jetxcrashgame.com\/how-to-win-jetx3\/#breadcrumb","itemListElement":[{"@type":"ListItem","position":1,"name":"Home","item":"https:\/\/jetxcrashgame.com\/"},{"@type":"ListItem","position":2,"name":"\u041a\u0430\u043a \u0432\u044b\u0438\u0433\u0440\u044b\u0432\u0430\u0442\u044c \u0432 \u043a\u0440\u0430\u0448-\u0438\u0433\u0440\u0443 JetX3"}]},{"@type":"WebSite","@id":"https:\/\/jetxcrashgame.com\/#website","url":"https:\/\/jetxcrashgame.com\/","name":"JetX","description":"Just another WordPress site","publisher":{"@id":"https:\/\/jetxcrashgame.com\/#organization"},"potentialAction":[{"@type":"SearchAction","target":{"@type":"EntryPoint","urlTemplate":"https:\/\/jetxcrashgame.com\/?s={search_term_string}"},"query-input":{"@type":"PropertyValueSpecification","valueRequired":true,"valueName":"search_term_string"}}],"inLanguage":"es-ES"},{"@type":"Organization","@id":"https:\/\/jetxcrashgame.com\/#organization","name":"JetX","url":"https:\/\/jetxcrashgame.com\/","logo":{"@type":"ImageObject","inLanguage":"es-ES","@id":"https:\/\/jetxcrashgame.com\/#\/schema\/logo\/image\/","url":"https:\/\/jetxcrashgame.com\/wp-content\/uploads\/JetX.png","contentUrl":"https:\/\/jetxcrashgame.com\/wp-content\/uploads\/JetX.png","width":498,"height":191,"caption":"JetX"},"image":{"@id":"https:\/\/jetxcrashgame.com\/#\/schema\/logo\/image\/"}}]}},"_links":{"self":[{"href":"https:\/\/jetxcrashgame.com\/es\/wp-json\/wp\/v2\/pages\/8","targetHints":{"allow":["GET"]}}],"collection":[{"href":"https:\/\/jetxcrashgame.com\/es\/wp-json\/wp\/v2\/pages"}],"about":[{"href":"https:\/\/jetxcrashgame.com\/es\/wp-json\/wp\/v2\/types\/page"}],"author":[{"embeddable":true,"href":"https:\/\/jetxcrashgame.com\/es\/wp-json\/wp\/v2\/users\/1"}],"replies":[{"embeddable":true,"href":"https:\/\/jetxcrashgame.com\/es\/wp-json\/wp\/v2\/comments?post=8"}],"version-history":[{"count":18,"href":"https:\/\/jetxcrashgame.com\/es\/wp-json\/wp\/v2\/pages\/8\/revisions"}],"predecessor-version":[{"id":110,"href":"https:\/\/jetxcrashgame.com\/es\/wp-json\/wp\/v2\/pages\/8\/revisions\/110"}],"wp:attachment":[{"href":"https:\/\/jetxcrashgame.com\/es\/wp-json\/wp\/v2\/media?parent=8"}],"curies":[{"name":"wp","href":"https:\/\/api.w.org\/{rel}","templated":true}]}}