{"id":6,"date":"2024-01-06T21:08:32","date_gmt":"2024-01-06T21:08:32","guid":{"rendered":"https:\/\/jetxcrashgame.com\/?page_id=6"},"modified":"2024-03-02T13:56:50","modified_gmt":"2024-03-02T13:56:50","slug":"jetx3","status":"publish","type":"page","link":"https:\/\/jetxcrashgame.com\/es\/","title":{"rendered":"C\u00f3mo jugar al simulador de crash JetX3 en un casino en l\u00ednea?"},"content":{"rendered":"<p>El nuevo juego de colisiones JetX3 se ha convertido en una espectacular continuaci\u00f3n del popular juego de colisiones Aviator de Smartsoft Gaming. Este juego en l\u00ednea no convencional fue lanzado en 2021 y r\u00e1pidamente gan\u00f3 popularidad entre la audiencia de jugadores. Es como una tragamonedas, pero sin carretes giratorios y l\u00edneas de pago, sin s\u00edmbolos y bonificaciones, y logr\u00f3 un inmenso \u00e9xito gracias a su implementaci\u00f3n no convencional de la jugabilidad y su mec\u00e1nica explosiva \u00fanica. Los pagos en el juego JetX3 est\u00e1n garantizados por el uso de un generador de n\u00fameros aleatorios y tecnolog\u00eda criptogr\u00e1fica para garantizar la equidad.<\/p>\n<h2>C\u00f3mo jugar al juego en l\u00ednea JetX3:<\/h2>\n<p>Al lanzar el juego, el jugador es recibido con una pantalla bellamente dise\u00f1ada que se asemeja al cielo con mir\u00edadas de estrellas. Tres naves voladoras se est\u00e1n preparando para lanzarse al espacio. El jugador debe enviar las tres naves al vuelo. A medida que la altura se acumula en la pantalla, aparecen multiplicadores de apuestas crecientes. Es necesario elegir el momento \u00f3ptimo para finalizar la ronda y cobrar el premio en efectivo. El juego requiere que el jugador utilice su propia observaci\u00f3n e intuici\u00f3n, lo que sin duda ayudar\u00e1 a ganar en JetX3.<\/p>\n<h3>Caracter\u00edsticas de la jugabilidad en JetX3:<\/h3>\n<ul>\n<li>El jugador elige un casino con el juego JetX3 en el cat\u00e1logo de juegos.<\/li>\n<li>El jugador se registra y deposita fondos.<\/li>\n<li>Encuentra el juego JetX3 en el cat\u00e1logo.<\/li>\n<li>Espera la finalizaci\u00f3n de la ronda de juego actual.<\/li>\n<li>Realiza apuestas en el vuelo de uno, dos o tres jets.<\/li>\n<li>Est\u00e1 atento al crecimiento de los multiplicadores.<\/li>\n<li>Elige el momento y hace clic en el bot\u00f3n de cobro.<\/li>\n<\/ul>\n<p>Los jugadores pueden controlar las naves espaciales en modo manual o autom\u00e1tico. El juego ofrece opciones para configurar apuestas autom\u00e1ticas con cantidades espec\u00edficas y auto-cobro con valores de multiplicador establecidos. El coeficiente m\u00e1ximo en el simulador de colisiones JetX3 es x1000 de las apuestas. Los jugadores pueden realizar apuestas que van desde $0.10 hasta $300 en cualquier n\u00famero de los tres jets simult\u00e1neamente. La posibilidad de hacer tres apuestas a la vez es una de las ventajas importantes de la m\u00e1quina tragamonedas.<\/p>\n<h2>Reglas del juego JetX3:<\/h2>\n<p>Antes de comenzar el juego, es esencial entender las reglas. El conocimiento de las reglas ayudar\u00e1 a establecer el objetivo correcto y aumentar las posibilidades de ganar.<\/p>\n<ul>\n<li><strong>Objetivo del juego JetX3:<\/strong> Los jugadores realizan apuestas en el vuelo de una, dos o tres naves espaciales. El objetivo es cobrar la apuesta antes de que la nave espacial explote, teniendo en cuenta el aumento del multiplicador cada segundo y la amenaza de su colapso.<\/li>\n<li><strong>Inicio de la ronda:<\/strong> Cada ronda comienza con el lanzamiento de las naves espaciales. Los jugadores realizan apuestas antes o al comienzo del vuelo.<\/li>\n<li><strong>Crecimiento del multiplicador:<\/strong> A medida que las naves espaciales ganan altura, los multiplicadores de apuestas aumentan. Estos coeficientes reflejan las ganancias potenciales. En otras palabras, un coeficiente de x2 significa que su apuesta se duplicar\u00e1 en caso de ganar.<\/li>\n<li><strong>Tiempo de cobro:<\/strong> Los jugadores deben decidir cu\u00e1ndo cobrar sus ganancias presionando el bot\u00f3n de cobro. Si el jugador lo hace antes de que la nave espacial explote, la apuesta se multiplica por el coeficiente actual. Si llegas tarde y la nave espacial explot\u00f3, significa que perdiste y tu apuesta se quema.<\/li>\n<li><strong>Explosi\u00f3n de la nave espacial:<\/strong> En cualquier momento, la nave espacial puede explotar. Si esto sucede antes de cobrar la apuesta, el jugador pierde su apuesta.<\/li>\n<li><strong>Opciones de apuestas:<\/strong> Los jugadores pueden realizar apuestas en una, dos o las tres naves espaciales simult\u00e1neamente. El tama\u00f1o de la apuesta y la elecci\u00f3n de las naves espaciales son determinados por el jugador.<\/li>\n<li><strong>Modo autom\u00e1tico:<\/strong> El juego ofrece la opci\u00f3n de modo autom\u00e1tico, donde los jugadores pueden configurar previamente par\u00e1metros para apuestas autom\u00e1ticas y auto-cobro cuando se alcanza cierto coeficiente.<\/li>\n<li><strong>Coeficiente m\u00e1ximo y apuestas:<\/strong> El coeficiente m\u00e1ximo en el juego puede alcanzar x1000 del monto apostado. El rango de apuestas est\u00e1 determinado por las reglas del casino espec\u00edfico.<\/li>\n<\/ul>\n<p>Estas reglas aseguran la simplicidad y claridad de la jugabilidad, haciendo que JetX3 sea atractivo para una amplia gama de jugadores.<\/p>\n","protected":false},"excerpt":{"rendered":"<p>El nuevo juego de colisiones JetX3 se ha convertido en una espectacular continuaci\u00f3n del popular juego de colisiones Aviator de Smartsoft Gaming. Este juego en l\u00ednea no convencional fue lanzado en 2021 y r\u00e1pidamente gan\u00f3 popularidad entre la audiencia de jugadores. Es como una tragamonedas, pero sin carretes giratorios y l\u00edneas de pago, sin s\u00edmbolos&#8230;<\/p>\n","protected":false},"author":1,"featured_media":0,"parent":0,"menu_order":0,"comment_status":"closed","ping_status":"closed","template":"","meta":{"footnotes":""},"class_list":["post-6","page","type-page","status-publish","hentry"],"yoast_head":"<!-- This site is optimized with the Yoast SEO plugin v27.2 - https:\/\/yoast.com\/product\/yoast-seo-wordpress\/ -->\n<title>\u0418\u0433\u0440\u0430\u0442\u044c \u0432 JetX3 \u0432 \u043e\u043d\u043b\u0430\u0439\u043d \u043a\u0430\u0437\u0438\u043d\u043e<\/title>\n<meta name=\"description\" content=\"Juega al juego en l\u00ednea JetX3 por dinero real en un casino en l\u00ednea. Juego de colisi\u00f3n JetX3, juega en l\u00ednea, descarga para iPhone y Android, gana dinero real, opiniones de los jugadores.\" \/>\n<meta name=\"robots\" content=\"index, follow, max-snippet:-1, max-image-preview:large, max-video-preview:-1\" \/>\n<link rel=\"canonical\" href=\"https:\/\/jetxcrashgame.com\/es\/\" \/>\n<meta property=\"og:locale\" content=\"es_ES\" \/>\n<meta property=\"og:locale:alternate\" content=\"ru_RU\" \/>\n<meta property=\"og:locale:alternate\" content=\"en_US\" \/>\n<meta property=\"og:locale:alternate\" content=\"pt_PT\" \/>\n<meta property=\"og:locale:alternate\" content=\"sr_RS\" \/>\n<meta property=\"og:locale:alternate\" content=\"bg_BG\" \/>\n<meta property=\"og:locale:alternate\" content=\"pl_PL\" \/>\n<meta property=\"og:locale:alternate\" content=\"it_IT\" \/>\n<meta property=\"og:locale:alternate\" content=\"fr_FR\" \/>\n<meta property=\"og:type\" content=\"article\" \/>\n<meta property=\"og:title\" content=\"\u0418\u0433\u0440\u0430\u0442\u044c \u0432 JetX3 \u0432 \u043e\u043d\u043b\u0430\u0439\u043d \u043a\u0430\u0437\u0438\u043d\u043e\" \/>\n<meta property=\"og:description\" content=\"\u0418\u0433\u0440\u0430\u0442\u044c \u0432 \u043e\u043d\u043b\u0430\u0439\u043d \u0438\u0433\u0440\u0443 JetX3 \u043d\u0430 \u0440\u0435\u0430\u043b\u044c\u043d\u044b\u0435 \u0434\u0435\u043d\u044c\u0433\u0438 \u0432 \u043e\u043d\u043b\u0430\u0439\u043d \u043a\u0430\u0437\u0438\u043d\u043e. \u041a\u0440\u0430\u0448 \u0438\u0433\u0440\u0430 JetX3, \u0438\u0433\u0440\u0430\u0442\u044c \u043e\u043d\u043b\u0430\u0439\u043d, \u0441\u043a\u0430\u0447\u0430\u0442\u044c \u0430\u0439\u0444\u043e\u043d \u0438 \u0410\u043d\u0434\u0440\u043e\u0438\u0434, \u0432\u044b\u0438\u0433\u0440\u0430\u0442\u044c \u0440\u0435\u0430\u043b\u044c\u043d\u044b\u0435 \u0434\u0435\u043d\u044c\u0433\u0438, \u043e\u0442\u0437\u044b\u0432\u044b \u0438\u0433\u0440\u043e\u043a\u043e\u0432\" \/>\n<meta property=\"og:url\" content=\"https:\/\/jetxcrashgame.com\/es\/\" \/>\n<meta property=\"og:site_name\" content=\"JetX\" \/>\n<meta property=\"article:modified_time\" content=\"2024-03-02T13:56:50+00:00\" \/>\n<meta name=\"twitter:card\" content=\"summary_large_image\" \/>\n<meta name=\"twitter:label1\" content=\"Tiempo de lectura\" \/>\n\t<meta name=\"twitter:data1\" content=\"21 minutos\" \/>\n<script type=\"application\/ld+json\" class=\"yoast-schema-graph\">{\"@context\":\"https:\/\/schema.org\",\"@graph\":[{\"@type\":\"WebPage\",\"@id\":\"https:\/\/jetxcrashgame.com\/\",\"url\":\"https:\/\/jetxcrashgame.com\/\",\"name\":\"\u0418\u0433\u0440\u0430\u0442\u044c \u0432 JetX3 \u0432 \u043e\u043d\u043b\u0430\u0439\u043d \u043a\u0430\u0437\u0438\u043d\u043e\",\"isPartOf\":{\"@id\":\"https:\/\/jetxcrashgame.com\/#website\"},\"datePublished\":\"2024-01-06T21:08:32+00:00\",\"dateModified\":\"2024-03-02T13:56:50+00:00\",\"description\":\"\u0418\u0433\u0440\u0430\u0442\u044c \u0432 \u043e\u043d\u043b\u0430\u0439\u043d \u0438\u0433\u0440\u0443 JetX3 \u043d\u0430 \u0440\u0435\u0430\u043b\u044c\u043d\u044b\u0435 \u0434\u0435\u043d\u044c\u0433\u0438 \u0432 \u043e\u043d\u043b\u0430\u0439\u043d \u043a\u0430\u0437\u0438\u043d\u043e. \u041a\u0440\u0430\u0448 \u0438\u0433\u0440\u0430 JetX3, \u0438\u0433\u0440\u0430\u0442\u044c \u043e\u043d\u043b\u0430\u0439\u043d, \u0441\u043a\u0430\u0447\u0430\u0442\u044c \u0430\u0439\u0444\u043e\u043d \u0438 \u0410\u043d\u0434\u0440\u043e\u0438\u0434, \u0432\u044b\u0438\u0433\u0440\u0430\u0442\u044c \u0440\u0435\u0430\u043b\u044c\u043d\u044b\u0435 \u0434\u0435\u043d\u044c\u0433\u0438, \u043e\u0442\u0437\u044b\u0432\u044b \u0438\u0433\u0440\u043e\u043a\u043e\u0432\",\"breadcrumb\":{\"@id\":\"https:\/\/jetxcrashgame.com\/#breadcrumb\"},\"inLanguage\":\"es-ES\",\"potentialAction\":[{\"@type\":\"ReadAction\",\"target\":[\"https:\/\/jetxcrashgame.com\/\"]}]},{\"@type\":\"BreadcrumbList\",\"@id\":\"https:\/\/jetxcrashgame.com\/#breadcrumb\",\"itemListElement\":[{\"@type\":\"ListItem\",\"position\":1,\"name\":\"Home\",\"item\":\"https:\/\/jetxcrashgame.com\/\"},{\"@type\":\"ListItem\",\"position\":2,\"name\":\"\u041a\u0430\u043a \u0438\u0433\u0440\u0430\u0442\u044c \u0432 \u043a\u0440\u0430\u0448-\u0441\u0438\u043c\u0443\u043b\u044f\u0442\u043e\u0440 JetX3 \u0432 \u043e\u043d\u043b\u0430\u0439\u043d-\u043a\u0430\u0437\u0438\u043d\u043e\"}]},{\"@type\":\"WebSite\",\"@id\":\"https:\/\/jetxcrashgame.com\/#website\",\"url\":\"https:\/\/jetxcrashgame.com\/\",\"name\":\"JetX\",\"description\":\"Just another WordPress site\",\"publisher\":{\"@id\":\"https:\/\/jetxcrashgame.com\/#organization\"},\"potentialAction\":[{\"@type\":\"SearchAction\",\"target\":{\"@type\":\"EntryPoint\",\"urlTemplate\":\"https:\/\/jetxcrashgame.com\/?s={search_term_string}\"},\"query-input\":{\"@type\":\"PropertyValueSpecification\",\"valueRequired\":true,\"valueName\":\"search_term_string\"}}],\"inLanguage\":\"es-ES\"},{\"@type\":\"Organization\",\"@id\":\"https:\/\/jetxcrashgame.com\/#organization\",\"name\":\"JetX\",\"url\":\"https:\/\/jetxcrashgame.com\/\",\"logo\":{\"@type\":\"ImageObject\",\"inLanguage\":\"es-ES\",\"@id\":\"https:\/\/jetxcrashgame.com\/#\/schema\/logo\/image\/\",\"url\":\"https:\/\/jetxcrashgame.com\/wp-content\/uploads\/JetX.png\",\"contentUrl\":\"https:\/\/jetxcrashgame.com\/wp-content\/uploads\/JetX.png\",\"width\":498,\"height\":191,\"caption\":\"JetX\"},\"image\":{\"@id\":\"https:\/\/jetxcrashgame.com\/#\/schema\/logo\/image\/\"}}]}<\/script>\n<!-- \/ Yoast SEO plugin. -->","yoast_head_json":{"title":"\u0418\u0433\u0440\u0430\u0442\u044c \u0432 JetX3 \u0432 \u043e\u043d\u043b\u0430\u0439\u043d \u043a\u0430\u0437\u0438\u043d\u043e","description":"Juega al juego en l\u00ednea JetX3 por dinero real en un casino en l\u00ednea. Juego de colisi\u00f3n JetX3, juega en l\u00ednea, descarga para iPhone y Android, gana dinero real, opiniones de los jugadores.","robots":{"index":"index","follow":"follow","max-snippet":"max-snippet:-1","max-image-preview":"max-image-preview:large","max-video-preview":"max-video-preview:-1"},"canonical":"https:\/\/jetxcrashgame.com\/es\/","og_locale":"es_ES","og_type":"article","og_title":"\u0418\u0433\u0440\u0430\u0442\u044c \u0432 JetX3 \u0432 \u043e\u043d\u043b\u0430\u0439\u043d \u043a\u0430\u0437\u0438\u043d\u043e","og_description":"\u0418\u0433\u0440\u0430\u0442\u044c \u0432 \u043e\u043d\u043b\u0430\u0439\u043d \u0438\u0433\u0440\u0443 JetX3 \u043d\u0430 \u0440\u0435\u0430\u043b\u044c\u043d\u044b\u0435 \u0434\u0435\u043d\u044c\u0433\u0438 \u0432 \u043e\u043d\u043b\u0430\u0439\u043d \u043a\u0430\u0437\u0438\u043d\u043e. \u041a\u0440\u0430\u0448 \u0438\u0433\u0440\u0430 JetX3, \u0438\u0433\u0440\u0430\u0442\u044c \u043e\u043d\u043b\u0430\u0439\u043d, \u0441\u043a\u0430\u0447\u0430\u0442\u044c \u0430\u0439\u0444\u043e\u043d \u0438 \u0410\u043d\u0434\u0440\u043e\u0438\u0434, \u0432\u044b\u0438\u0433\u0440\u0430\u0442\u044c \u0440\u0435\u0430\u043b\u044c\u043d\u044b\u0435 \u0434\u0435\u043d\u044c\u0433\u0438, \u043e\u0442\u0437\u044b\u0432\u044b \u0438\u0433\u0440\u043e\u043a\u043e\u0432","og_url":"https:\/\/jetxcrashgame.com\/es\/","og_site_name":"JetX","article_modified_time":"2024-03-02T13:56:50+00:00","twitter_card":"summary_large_image","twitter_misc":{"Tiempo de lectura":"21 minutos"},"schema":{"@context":"https:\/\/schema.org","@graph":[{"@type":"WebPage","@id":"https:\/\/jetxcrashgame.com\/","url":"https:\/\/jetxcrashgame.com\/","name":"\u0418\u0433\u0440\u0430\u0442\u044c \u0432 JetX3 \u0432 \u043e\u043d\u043b\u0430\u0439\u043d \u043a\u0430\u0437\u0438\u043d\u043e","isPartOf":{"@id":"https:\/\/jetxcrashgame.com\/#website"},"datePublished":"2024-01-06T21:08:32+00:00","dateModified":"2024-03-02T13:56:50+00:00","description":"\u0418\u0433\u0440\u0430\u0442\u044c \u0432 \u043e\u043d\u043b\u0430\u0439\u043d \u0438\u0433\u0440\u0443 JetX3 \u043d\u0430 \u0440\u0435\u0430\u043b\u044c\u043d\u044b\u0435 \u0434\u0435\u043d\u044c\u0433\u0438 \u0432 \u043e\u043d\u043b\u0430\u0439\u043d \u043a\u0430\u0437\u0438\u043d\u043e. \u041a\u0440\u0430\u0448 \u0438\u0433\u0440\u0430 JetX3, \u0438\u0433\u0440\u0430\u0442\u044c \u043e\u043d\u043b\u0430\u0439\u043d, \u0441\u043a\u0430\u0447\u0430\u0442\u044c \u0430\u0439\u0444\u043e\u043d \u0438 \u0410\u043d\u0434\u0440\u043e\u0438\u0434, \u0432\u044b\u0438\u0433\u0440\u0430\u0442\u044c \u0440\u0435\u0430\u043b\u044c\u043d\u044b\u0435 \u0434\u0435\u043d\u044c\u0433\u0438, \u043e\u0442\u0437\u044b\u0432\u044b \u0438\u0433\u0440\u043e\u043a\u043e\u0432","breadcrumb":{"@id":"https:\/\/jetxcrashgame.com\/#breadcrumb"},"inLanguage":"es-ES","potentialAction":[{"@type":"ReadAction","target":["https:\/\/jetxcrashgame.com\/"]}]},{"@type":"BreadcrumbList","@id":"https:\/\/jetxcrashgame.com\/#breadcrumb","itemListElement":[{"@type":"ListItem","position":1,"name":"Home","item":"https:\/\/jetxcrashgame.com\/"},{"@type":"ListItem","position":2,"name":"\u041a\u0430\u043a \u0438\u0433\u0440\u0430\u0442\u044c \u0432 \u043a\u0440\u0430\u0448-\u0441\u0438\u043c\u0443\u043b\u044f\u0442\u043e\u0440 JetX3 \u0432 \u043e\u043d\u043b\u0430\u0439\u043d-\u043a\u0430\u0437\u0438\u043d\u043e"}]},{"@type":"WebSite","@id":"https:\/\/jetxcrashgame.com\/#website","url":"https:\/\/jetxcrashgame.com\/","name":"JetX","description":"Just another WordPress site","publisher":{"@id":"https:\/\/jetxcrashgame.com\/#organization"},"potentialAction":[{"@type":"SearchAction","target":{"@type":"EntryPoint","urlTemplate":"https:\/\/jetxcrashgame.com\/?s={search_term_string}"},"query-input":{"@type":"PropertyValueSpecification","valueRequired":true,"valueName":"search_term_string"}}],"inLanguage":"es-ES"},{"@type":"Organization","@id":"https:\/\/jetxcrashgame.com\/#organization","name":"JetX","url":"https:\/\/jetxcrashgame.com\/","logo":{"@type":"ImageObject","inLanguage":"es-ES","@id":"https:\/\/jetxcrashgame.com\/#\/schema\/logo\/image\/","url":"https:\/\/jetxcrashgame.com\/wp-content\/uploads\/JetX.png","contentUrl":"https:\/\/jetxcrashgame.com\/wp-content\/uploads\/JetX.png","width":498,"height":191,"caption":"JetX"},"image":{"@id":"https:\/\/jetxcrashgame.com\/#\/schema\/logo\/image\/"}}]}},"_links":{"self":[{"href":"https:\/\/jetxcrashgame.com\/es\/wp-json\/wp\/v2\/pages\/6","targetHints":{"allow":["GET"]}}],"collection":[{"href":"https:\/\/jetxcrashgame.com\/es\/wp-json\/wp\/v2\/pages"}],"about":[{"href":"https:\/\/jetxcrashgame.com\/es\/wp-json\/wp\/v2\/types\/page"}],"author":[{"embeddable":true,"href":"https:\/\/jetxcrashgame.com\/es\/wp-json\/wp\/v2\/users\/1"}],"replies":[{"embeddable":true,"href":"https:\/\/jetxcrashgame.com\/es\/wp-json\/wp\/v2\/comments?post=6"}],"version-history":[{"count":24,"href":"https:\/\/jetxcrashgame.com\/es\/wp-json\/wp\/v2\/pages\/6\/revisions"}],"predecessor-version":[{"id":111,"href":"https:\/\/jetxcrashgame.com\/es\/wp-json\/wp\/v2\/pages\/6\/revisions\/111"}],"wp:attachment":[{"href":"https:\/\/jetxcrashgame.com\/es\/wp-json\/wp\/v2\/media?parent=6"}],"curies":[{"name":"wp","href":"https:\/\/api.w.org\/{rel}","templated":true}]}}