{"id":12,"date":"2024-01-06T21:26:18","date_gmt":"2024-01-06T21:26:18","guid":{"rendered":"https:\/\/jetxcrashgame.com\/?page_id=12"},"modified":"2024-03-02T13:57:48","modified_gmt":"2024-03-02T13:57:48","slug":"jetx3-reviews","status":"publish","type":"page","link":"https:\/\/jetxcrashgame.com\/es\/jetx3-reviews\/","title":{"rendered":"Rese\u00f1as"},"content":{"rendered":"<p>Cuando aparece un juego nuevo y poco conocido, los jugadores y visitantes habituales de casinos en l\u00ednea suelen preguntarse mutuamente sobre su experiencia, tratando de entender si vale la pena invertir tiempo y esfuerzo en el juego. El juego de crash JetX3 cae en esa categor\u00eda. Ganando r\u00e1pidamente popularidad, el juego ha captado la atenci\u00f3n de los jugadores. Hemos recopilado opiniones, rese\u00f1as y comentarios sobre el juego.<\/p>\n<p>Victor, 28 a\u00f1os: \u00a1JetX3 es realmente un juego emocionante! Me gusta la imprevisibilidad y la adrenalina que siento mientras espero ver si la nave explotar\u00e1. \u00a1Gran entretenimiento despu\u00e9s del trabajo! Incluso si pierdo, no me arrepiento en absoluto. Mejor as\u00ed que beber con amigos despu\u00e9s del trabajo y quejarme de la vida.<\/p>\n<p>Anna, 34 a\u00f1os: \u00a1Jugu\u00e9 JetX3 anoche y gan\u00e9 una cantidad decente! Interfaz intuitivamente comprensible y gr\u00e1ficos hermosos. Definitivamente lo recomiendo. Es un poco m\u00e1s desafiante que Aviator, pero si has jugado juegos de crash antes, definitivamente es una excelente continuaci\u00f3n.<\/p>\n<p>Maxim, 25 a\u00f1os: Comenc\u00e9 con apuestas peque\u00f1as y fue divertido. Pero tan pronto como las apuestas crecieron, el juego se volvi\u00f3 demasiado estresante. Necesitas saber cu\u00e1ndo parar. Adem\u00e1s, controlar tres naves es mucho m\u00e1s desafiante que una. Por otro lado, el coeficiente m\u00e1ximo es 1000, que es mucho m\u00e1s alto que en la mayor\u00eda de los otros juegos de crash.<\/p>\n<p>Elena, 31 a\u00f1os: \u00a1Excelente juego para los entusiastas del juego! El auto-cashout es mi funci\u00f3n favorita en JetX3, me ayuda a controlar mis apuestas. Al final, no termino en negativo y por lo general, incluso hay ganancias. Mis amigos no creen en el \u00e9xito, pero \u00bfqu\u00e9 se puede hacer?<\/p>\n<p>Alexey, 45 a\u00f1os: No es lo m\u00edo. El juego parece demasiado aleatorio, y prefiero juegos donde mis habilidades pueden influir en el resultado. Dicen que los juegos de crash son m\u00e1s f\u00e1ciles de controlar, pero no estoy seguro.<\/p>\n<p>Daria, 22 a\u00f1os: \u00a1Amo JetX3 por su din\u00e1mica y gr\u00e1ficos! Cada ronda es \u00fanica y hace que el juego sea emocionante. Mucho m\u00e1s interesante que las tragamonedas regulares, donde solo presionas un bot\u00f3n.<\/p>\n<p>Igor, 37 a\u00f1os: Jugu\u00e9 JetX3 y perd\u00ed m\u00e1s de lo planeado. Necesitas tener mucho cuidado con este tipo de juegos. Juego muy astuto.<\/p>\n<p>Olga, 29 a\u00f1os: El juego es bueno para una emoci\u00f3n r\u00e1pida, pero no esperes un ingreso estable. Es m\u00e1s sobre la suerte que sobre la estrategia. Prep\u00e1rate para perder.<\/p>\n<p>Pavel, 33 a\u00f1os: Concepto emocionante y ejecuci\u00f3n excelente. JetX3 es una mirada fresca a los casinos en l\u00ednea. Me gusta este juego y planeo seguir jugando.<\/p>\n<p>Marina, 26 a\u00f1os: JetX3 es el juego perfecto para m\u00ed. Me encanta ver el crecimiento de los multiplicadores e intentar adivinar el momento adecuado para cobrar. Es una emoci\u00f3n y me encantan los juegos de azar.<\/p>\n<p>Sergey, 40 a\u00f1os: Juego interesante, pero a veces parece que las posibilidades de ganar son demasiado bajas. A\u00fan as\u00ed, volver\u00e9 a jugar m\u00e1s. Las posibilidades de ganar aqu\u00ed son muy altas.<\/p>\n<p>Ksenia, 27 a\u00f1os: \u00a1Me enganch\u00e9 a JetX3 a primera vista! Es una combinaci\u00f3n \u00fanica de suerte y estrategia. \u00a1Adem\u00e1s, el dise\u00f1o es simplemente estelar! Disfruto jugando y seguir\u00e9 haci\u00e9ndolo.<\/p>\n<p>Dmitry, 35 a\u00f1os: Despu\u00e9s de algunos juegos en JetX3, me di cuenta de que no es solo suerte. Necesitas saber evaluar los riesgos y tomar decisiones r\u00e1pidas. El juego no es tan simple como parece, pero estoy satisfecho y lo recomiendo a todos mis amigos.<\/p>\n<p>Irina, 30 a\u00f1os: JetX3 me hace sentir ansiosa cada vez que la nave despega. Las emociones se disparan, especialmente cuando la victoria parece tan cerca. Y es muy realista ganar dinero real en el juego.<\/p>\n<p>Nikolay, 42 a\u00f1os: El juego JetX3 es una forma decente de divertirse, pero no lo consideres como una fuente de ingresos. Es importante jugar de manera responsable y detenerte tan pronto como hayas perdido la cantidad asignada para el juego de hoy.<\/p>\n","protected":false},"excerpt":{"rendered":"<p>Cuando aparece un juego nuevo y poco conocido, los jugadores y visitantes habituales de casinos en l\u00ednea suelen preguntarse mutuamente sobre su experiencia, tratando de entender si vale la pena invertir tiempo y esfuerzo en el juego. El juego de crash JetX3 cae en esa categor\u00eda. Ganando r\u00e1pidamente popularidad, el juego ha captado la atenci\u00f3n&#8230;<\/p>\n","protected":false},"author":1,"featured_media":0,"parent":0,"menu_order":0,"comment_status":"closed","ping_status":"closed","template":"","meta":{"footnotes":""},"class_list":["post-12","page","type-page","status-publish","hentry"],"yoast_head":"<!-- This site is optimized with the Yoast SEO plugin v27.2 - https:\/\/yoast.com\/product\/yoast-seo-wordpress\/ -->\n<title>\u041e\u0442\u0437\u044b\u0432\u044b \u0438\u0433\u0440\u043e\u043a\u043e\u0432 \u043e\u0431 \u0438\u0433\u0440\u0435 JetX3<\/title>\n<meta name=\"description\" content=\"Opiniones, rese\u00f1as y comentarios honestos de jugadores reales sobre el juego en l\u00ednea JetX3. Las mejores rese\u00f1as para el popular juego de crash JetX3.\" \/>\n<meta name=\"robots\" content=\"index, follow, max-snippet:-1, max-image-preview:large, max-video-preview:-1\" \/>\n<link rel=\"canonical\" href=\"https:\/\/jetxcrashgame.com\/es\/jetx3-reviews\/\" \/>\n<meta property=\"og:locale\" content=\"es_ES\" \/>\n<meta property=\"og:locale:alternate\" content=\"ru_RU\" \/>\n<meta property=\"og:locale:alternate\" content=\"en_US\" \/>\n<meta property=\"og:locale:alternate\" content=\"pt_PT\" \/>\n<meta property=\"og:locale:alternate\" content=\"sr_RS\" \/>\n<meta property=\"og:locale:alternate\" content=\"bg_BG\" \/>\n<meta property=\"og:locale:alternate\" content=\"pl_PL\" \/>\n<meta property=\"og:locale:alternate\" content=\"it_IT\" \/>\n<meta property=\"og:locale:alternate\" content=\"fr_FR\" \/>\n<meta property=\"og:type\" content=\"article\" \/>\n<meta property=\"og:title\" content=\"\u041e\u0442\u0437\u044b\u0432\u044b \u0438\u0433\u0440\u043e\u043a\u043e\u0432 \u043e\u0431 \u0438\u0433\u0440\u0435 JetX3\" \/>\n<meta property=\"og:description\" content=\"\u041c\u043d\u0435\u043d\u0438\u044f, \u043e\u0431\u0437\u043e\u0440 \u0438 \u0447\u0435\u0441\u0442\u043d\u044b\u0435 \u043e\u0442\u0437\u044b\u0432\u044b \u043d\u0430\u0441\u0442\u043e\u044f\u0449\u0438\u0445 \u0438\u0433\u0440\u043e\u043a\u043e\u0432 \u043e\u0431 \u043e\u043d\u043b\u0430\u0439\u043d \u0438\u0433\u0440\u0435 JetX3. \u041b\u0443\u0447\u0448\u0438\u0435 \u043e\u0431\u0437\u043e\u0440\u044b \u043d\u0430 \u043f\u043e\u043f\u0443\u043b\u044f\u0440\u043d\u0443\u044e \u043a\u0440\u0430\u0448 \u0438\u0433\u0440\u0443 JetX3\" \/>\n<meta property=\"og:url\" content=\"https:\/\/jetxcrashgame.com\/es\/jetx3-reviews\/\" \/>\n<meta property=\"og:site_name\" content=\"JetX\" \/>\n<meta property=\"article:modified_time\" content=\"2024-03-02T13:57:48+00:00\" \/>\n<meta name=\"twitter:card\" content=\"summary_large_image\" \/>\n<meta name=\"twitter:label1\" content=\"Tiempo de lectura\" \/>\n\t<meta name=\"twitter:data1\" content=\"20 minutos\" \/>\n<script type=\"application\/ld+json\" class=\"yoast-schema-graph\">{\"@context\":\"https:\/\/schema.org\",\"@graph\":[{\"@type\":\"WebPage\",\"@id\":\"https:\/\/jetxcrashgame.com\/jetx3-reviews\/\",\"url\":\"https:\/\/jetxcrashgame.com\/jetx3-reviews\/\",\"name\":\"\u041e\u0442\u0437\u044b\u0432\u044b \u0438\u0433\u0440\u043e\u043a\u043e\u0432 \u043e\u0431 \u0438\u0433\u0440\u0435 JetX3\",\"isPartOf\":{\"@id\":\"https:\/\/jetxcrashgame.com\/#website\"},\"datePublished\":\"2024-01-06T21:26:18+00:00\",\"dateModified\":\"2024-03-02T13:57:48+00:00\",\"description\":\"\u041c\u043d\u0435\u043d\u0438\u044f, \u043e\u0431\u0437\u043e\u0440 \u0438 \u0447\u0435\u0441\u0442\u043d\u044b\u0435 \u043e\u0442\u0437\u044b\u0432\u044b \u043d\u0430\u0441\u0442\u043e\u044f\u0449\u0438\u0445 \u0438\u0433\u0440\u043e\u043a\u043e\u0432 \u043e\u0431 \u043e\u043d\u043b\u0430\u0439\u043d \u0438\u0433\u0440\u0435 JetX3. \u041b\u0443\u0447\u0448\u0438\u0435 \u043e\u0431\u0437\u043e\u0440\u044b \u043d\u0430 \u043f\u043e\u043f\u0443\u043b\u044f\u0440\u043d\u0443\u044e \u043a\u0440\u0430\u0448 \u0438\u0433\u0440\u0443 JetX3\",\"breadcrumb\":{\"@id\":\"https:\/\/jetxcrashgame.com\/jetx3-reviews\/#breadcrumb\"},\"inLanguage\":\"es-ES\",\"potentialAction\":[{\"@type\":\"ReadAction\",\"target\":[\"https:\/\/jetxcrashgame.com\/jetx3-reviews\/\"]}]},{\"@type\":\"BreadcrumbList\",\"@id\":\"https:\/\/jetxcrashgame.com\/jetx3-reviews\/#breadcrumb\",\"itemListElement\":[{\"@type\":\"ListItem\",\"position\":1,\"name\":\"Home\",\"item\":\"https:\/\/jetxcrashgame.com\/\"},{\"@type\":\"ListItem\",\"position\":2,\"name\":\"\u041e\u0442\u0437\u044b\u0432\u044b\"}]},{\"@type\":\"WebSite\",\"@id\":\"https:\/\/jetxcrashgame.com\/#website\",\"url\":\"https:\/\/jetxcrashgame.com\/\",\"name\":\"JetX\",\"description\":\"Just another WordPress site\",\"publisher\":{\"@id\":\"https:\/\/jetxcrashgame.com\/#organization\"},\"potentialAction\":[{\"@type\":\"SearchAction\",\"target\":{\"@type\":\"EntryPoint\",\"urlTemplate\":\"https:\/\/jetxcrashgame.com\/?s={search_term_string}\"},\"query-input\":{\"@type\":\"PropertyValueSpecification\",\"valueRequired\":true,\"valueName\":\"search_term_string\"}}],\"inLanguage\":\"es-ES\"},{\"@type\":\"Organization\",\"@id\":\"https:\/\/jetxcrashgame.com\/#organization\",\"name\":\"JetX\",\"url\":\"https:\/\/jetxcrashgame.com\/\",\"logo\":{\"@type\":\"ImageObject\",\"inLanguage\":\"es-ES\",\"@id\":\"https:\/\/jetxcrashgame.com\/#\/schema\/logo\/image\/\",\"url\":\"https:\/\/jetxcrashgame.com\/wp-content\/uploads\/JetX.png\",\"contentUrl\":\"https:\/\/jetxcrashgame.com\/wp-content\/uploads\/JetX.png\",\"width\":498,\"height\":191,\"caption\":\"JetX\"},\"image\":{\"@id\":\"https:\/\/jetxcrashgame.com\/#\/schema\/logo\/image\/\"}}]}<\/script>\n<!-- \/ Yoast SEO plugin. -->","yoast_head_json":{"title":"\u041e\u0442\u0437\u044b\u0432\u044b \u0438\u0433\u0440\u043e\u043a\u043e\u0432 \u043e\u0431 \u0438\u0433\u0440\u0435 JetX3","description":"Opiniones, rese\u00f1as y comentarios honestos de jugadores reales sobre el juego en l\u00ednea JetX3. Las mejores rese\u00f1as para el popular juego de crash JetX3.","robots":{"index":"index","follow":"follow","max-snippet":"max-snippet:-1","max-image-preview":"max-image-preview:large","max-video-preview":"max-video-preview:-1"},"canonical":"https:\/\/jetxcrashgame.com\/es\/jetx3-reviews\/","og_locale":"es_ES","og_type":"article","og_title":"\u041e\u0442\u0437\u044b\u0432\u044b \u0438\u0433\u0440\u043e\u043a\u043e\u0432 \u043e\u0431 \u0438\u0433\u0440\u0435 JetX3","og_description":"\u041c\u043d\u0435\u043d\u0438\u044f, \u043e\u0431\u0437\u043e\u0440 \u0438 \u0447\u0435\u0441\u0442\u043d\u044b\u0435 \u043e\u0442\u0437\u044b\u0432\u044b \u043d\u0430\u0441\u0442\u043e\u044f\u0449\u0438\u0445 \u0438\u0433\u0440\u043e\u043a\u043e\u0432 \u043e\u0431 \u043e\u043d\u043b\u0430\u0439\u043d \u0438\u0433\u0440\u0435 JetX3. \u041b\u0443\u0447\u0448\u0438\u0435 \u043e\u0431\u0437\u043e\u0440\u044b \u043d\u0430 \u043f\u043e\u043f\u0443\u043b\u044f\u0440\u043d\u0443\u044e \u043a\u0440\u0430\u0448 \u0438\u0433\u0440\u0443 JetX3","og_url":"https:\/\/jetxcrashgame.com\/es\/jetx3-reviews\/","og_site_name":"JetX","article_modified_time":"2024-03-02T13:57:48+00:00","twitter_card":"summary_large_image","twitter_misc":{"Tiempo de lectura":"20 minutos"},"schema":{"@context":"https:\/\/schema.org","@graph":[{"@type":"WebPage","@id":"https:\/\/jetxcrashgame.com\/jetx3-reviews\/","url":"https:\/\/jetxcrashgame.com\/jetx3-reviews\/","name":"\u041e\u0442\u0437\u044b\u0432\u044b \u0438\u0433\u0440\u043e\u043a\u043e\u0432 \u043e\u0431 \u0438\u0433\u0440\u0435 JetX3","isPartOf":{"@id":"https:\/\/jetxcrashgame.com\/#website"},"datePublished":"2024-01-06T21:26:18+00:00","dateModified":"2024-03-02T13:57:48+00:00","description":"\u041c\u043d\u0435\u043d\u0438\u044f, \u043e\u0431\u0437\u043e\u0440 \u0438 \u0447\u0435\u0441\u0442\u043d\u044b\u0435 \u043e\u0442\u0437\u044b\u0432\u044b \u043d\u0430\u0441\u0442\u043e\u044f\u0449\u0438\u0445 \u0438\u0433\u0440\u043e\u043a\u043e\u0432 \u043e\u0431 \u043e\u043d\u043b\u0430\u0439\u043d \u0438\u0433\u0440\u0435 JetX3. \u041b\u0443\u0447\u0448\u0438\u0435 \u043e\u0431\u0437\u043e\u0440\u044b \u043d\u0430 \u043f\u043e\u043f\u0443\u043b\u044f\u0440\u043d\u0443\u044e \u043a\u0440\u0430\u0448 \u0438\u0433\u0440\u0443 JetX3","breadcrumb":{"@id":"https:\/\/jetxcrashgame.com\/jetx3-reviews\/#breadcrumb"},"inLanguage":"es-ES","potentialAction":[{"@type":"ReadAction","target":["https:\/\/jetxcrashgame.com\/jetx3-reviews\/"]}]},{"@type":"BreadcrumbList","@id":"https:\/\/jetxcrashgame.com\/jetx3-reviews\/#breadcrumb","itemListElement":[{"@type":"ListItem","position":1,"name":"Home","item":"https:\/\/jetxcrashgame.com\/"},{"@type":"ListItem","position":2,"name":"\u041e\u0442\u0437\u044b\u0432\u044b"}]},{"@type":"WebSite","@id":"https:\/\/jetxcrashgame.com\/#website","url":"https:\/\/jetxcrashgame.com\/","name":"JetX","description":"Just another WordPress site","publisher":{"@id":"https:\/\/jetxcrashgame.com\/#organization"},"potentialAction":[{"@type":"SearchAction","target":{"@type":"EntryPoint","urlTemplate":"https:\/\/jetxcrashgame.com\/?s={search_term_string}"},"query-input":{"@type":"PropertyValueSpecification","valueRequired":true,"valueName":"search_term_string"}}],"inLanguage":"es-ES"},{"@type":"Organization","@id":"https:\/\/jetxcrashgame.com\/#organization","name":"JetX","url":"https:\/\/jetxcrashgame.com\/","logo":{"@type":"ImageObject","inLanguage":"es-ES","@id":"https:\/\/jetxcrashgame.com\/#\/schema\/logo\/image\/","url":"https:\/\/jetxcrashgame.com\/wp-content\/uploads\/JetX.png","contentUrl":"https:\/\/jetxcrashgame.com\/wp-content\/uploads\/JetX.png","width":498,"height":191,"caption":"JetX"},"image":{"@id":"https:\/\/jetxcrashgame.com\/#\/schema\/logo\/image\/"}}]}},"_links":{"self":[{"href":"https:\/\/jetxcrashgame.com\/es\/wp-json\/wp\/v2\/pages\/12","targetHints":{"allow":["GET"]}}],"collection":[{"href":"https:\/\/jetxcrashgame.com\/es\/wp-json\/wp\/v2\/pages"}],"about":[{"href":"https:\/\/jetxcrashgame.com\/es\/wp-json\/wp\/v2\/types\/page"}],"author":[{"embeddable":true,"href":"https:\/\/jetxcrashgame.com\/es\/wp-json\/wp\/v2\/users\/1"}],"replies":[{"embeddable":true,"href":"https:\/\/jetxcrashgame.com\/es\/wp-json\/wp\/v2\/comments?post=12"}],"version-history":[{"count":21,"href":"https:\/\/jetxcrashgame.com\/es\/wp-json\/wp\/v2\/pages\/12\/revisions"}],"predecessor-version":[{"id":112,"href":"https:\/\/jetxcrashgame.com\/es\/wp-json\/wp\/v2\/pages\/12\/revisions\/112"}],"wp:attachment":[{"href":"https:\/\/jetxcrashgame.com\/es\/wp-json\/wp\/v2\/media?parent=12"}],"curies":[{"name":"wp","href":"https:\/\/api.w.org\/{rel}","templated":true}]}}