{"id":10,"date":"2024-01-06T21:10:48","date_gmt":"2024-01-06T21:10:48","guid":{"rendered":"https:\/\/jetxcrashgame.com\/?page_id=10"},"modified":"2024-03-02T13:54:25","modified_gmt":"2024-03-02T13:54:25","slug":"where-to-play-jetx3","status":"publish","type":"page","link":"https:\/\/jetxcrashgame.com\/es\/where-to-play-jetx3\/","title":{"rendered":"\u00bfD\u00f3nde jugar al juego de crash JetX3?"},"content":{"rendered":"<p>El juego JetX3 est\u00e1 presente en muchos casinos en l\u00ednea. Para realizar apuestas en moneda real, es necesario registrarse en un casino en l\u00ednea y recargar el saldo de la cuenta de juego. Deben elegirse casinos en l\u00ednea con licencia y confiables, con una buena reputaci\u00f3n. Al seleccionar un establecimiento, se deben tener en cuenta caracter\u00edsticas como:<\/p>\n<ul>\n<li>Clasificaci\u00f3n del casino en l\u00ednea;<\/li>\n<li>Presencia de licencias;<\/li>\n<li>Atractivos bonos;<\/li>\n<li>Soporte para m\u00faltiples monedas;<\/li>\n<li>Seguridad del sitio web;<\/li>\n<li>M\u00e9todos de pago convenientes;<\/li>\n<li>Retiro r\u00e1pido de fondos;<\/li>\n<li>Amplia variedad de juegos;<\/li>\n<li>Amigable soporte al cliente las 24 horas, los 7 d\u00edas de la semana;<\/li>\n<li>Procedimiento de registro sencillo;<\/li>\n<li>Regalos de bienvenida para los reci\u00e9n llegados.<\/li>\n<\/ul>\n<p>El casino debe tener una licencia para ofrecer servicios de juego de autoridades reguladoras de la industria reputadas. Presta atenci\u00f3n a la lista de monedas aceptadas y los m\u00e9todos de pago disponibles. Antes de registrarte en una plataforma virtual, aseg\u00farate de que el casino tenga JetX3 en su cat\u00e1logo de juegos.<\/p>\n<p>Si la empresa ofrece regalos de bienvenida a los reci\u00e9n llegados, puedes utilizar el dinero para realizar apuestas en el juego de crash a cargo del establecimiento. Para recibir bonificaciones, generalmente necesitas crear una cuenta y realizar un dep\u00f3sito. Antes de activar los regalos, familiar\u00edzate con los requisitos de apuesta. Se recomienda jugar al simulador con dinero real despu\u00e9s de familiarizarte detalladamente con el juego en modo demo.<\/p>\n<p>Esperamos que nuestros consejos sobre c\u00f3mo elegir un casino en l\u00ednea para jugar a JetX3 hayan sido \u00fatiles.<\/p>\n","protected":false},"excerpt":{"rendered":"<p>El juego JetX3 est\u00e1 presente en muchos casinos en l\u00ednea. Para realizar apuestas en moneda real, es necesario registrarse en un casino en l\u00ednea y recargar el saldo de la cuenta de juego. Deben elegirse casinos en l\u00ednea con licencia y confiables, con una buena reputaci\u00f3n. Al seleccionar un establecimiento, se deben tener en cuenta&#8230;<\/p>\n","protected":false},"author":1,"featured_media":0,"parent":0,"menu_order":0,"comment_status":"closed","ping_status":"closed","template":"","meta":{"footnotes":""},"class_list":["post-10","page","type-page","status-publish","hentry"],"yoast_head":"<!-- This site is optimized with the Yoast SEO plugin v27.2 - https:\/\/yoast.com\/product\/yoast-seo-wordpress\/ -->\n<title>Elija un Casino para Jugar JetX3<\/title>\n<meta name=\"description\" content=\"Es importante seleccionar un casino en l\u00ednea justo y confiable para jugar JetX3. D\u00f3nde jugar JetX3 gratis y con dinero real.\" \/>\n<meta name=\"robots\" content=\"index, follow, max-snippet:-1, max-image-preview:large, max-video-preview:-1\" \/>\n<link rel=\"canonical\" href=\"https:\/\/jetxcrashgame.com\/es\/where-to-play-jetx3\/\" \/>\n<meta property=\"og:locale\" content=\"es_ES\" \/>\n<meta property=\"og:locale:alternate\" content=\"ru_RU\" \/>\n<meta property=\"og:locale:alternate\" content=\"en_US\" \/>\n<meta property=\"og:locale:alternate\" content=\"pt_PT\" \/>\n<meta property=\"og:locale:alternate\" content=\"sr_RS\" \/>\n<meta property=\"og:locale:alternate\" content=\"bg_BG\" \/>\n<meta property=\"og:locale:alternate\" content=\"pl_PL\" \/>\n<meta property=\"og:locale:alternate\" content=\"it_IT\" \/>\n<meta property=\"og:locale:alternate\" content=\"fr_FR\" \/>\n<meta property=\"og:type\" content=\"article\" \/>\n<meta property=\"og:title\" content=\"Elija un Casino para Jugar JetX3\" \/>\n<meta property=\"og:description\" content=\"Es importante seleccionar un casino en l\u00ednea justo y confiable para jugar JetX3. D\u00f3nde jugar JetX3 gratis y con dinero real.\" \/>\n<meta property=\"og:url\" content=\"https:\/\/jetxcrashgame.com\/es\/where-to-play-jetx3\/\" \/>\n<meta property=\"og:site_name\" content=\"JetX\" \/>\n<meta property=\"article:modified_time\" content=\"2024-03-02T13:54:25+00:00\" \/>\n<meta name=\"twitter:card\" content=\"summary_large_image\" \/>\n<meta name=\"twitter:label1\" content=\"Tiempo de lectura\" \/>\n\t<meta name=\"twitter:data1\" content=\"7 minutos\" \/>\n<script type=\"application\/ld+json\" class=\"yoast-schema-graph\">{\"@context\":\"https:\/\/schema.org\",\"@graph\":[{\"@type\":\"WebPage\",\"@id\":\"https:\/\/jetxcrashgame.com\/es\/where-to-play-jetx3\/\",\"url\":\"https:\/\/jetxcrashgame.com\/es\/where-to-play-jetx3\/\",\"name\":\"Elija un Casino para Jugar JetX3\",\"isPartOf\":{\"@id\":\"https:\/\/jetxcrashgame.com\/#website\"},\"datePublished\":\"2024-01-06T21:10:48+00:00\",\"dateModified\":\"2024-03-02T13:54:25+00:00\",\"description\":\"Es importante seleccionar un casino en l\u00ednea justo y confiable para jugar JetX3. D\u00f3nde jugar JetX3 gratis y con dinero real.\",\"breadcrumb\":{\"@id\":\"https:\/\/jetxcrashgame.com\/es\/where-to-play-jetx3\/#breadcrumb\"},\"inLanguage\":\"es-ES\",\"potentialAction\":[{\"@type\":\"ReadAction\",\"target\":[\"https:\/\/jetxcrashgame.com\/es\/where-to-play-jetx3\/\"]}]},{\"@type\":\"BreadcrumbList\",\"@id\":\"https:\/\/jetxcrashgame.com\/es\/where-to-play-jetx3\/#breadcrumb\",\"itemListElement\":[{\"@type\":\"ListItem\",\"position\":1,\"name\":\"Home\",\"item\":\"https:\/\/jetxcrashgame.com\/\"},{\"@type\":\"ListItem\",\"position\":2,\"name\":\"\u00bfD\u00f3nde jugar al juego de crash JetX3?\"}]},{\"@type\":\"WebSite\",\"@id\":\"https:\/\/jetxcrashgame.com\/#website\",\"url\":\"https:\/\/jetxcrashgame.com\/\",\"name\":\"JetX\",\"description\":\"Just another WordPress site\",\"publisher\":{\"@id\":\"https:\/\/jetxcrashgame.com\/#organization\"},\"potentialAction\":[{\"@type\":\"SearchAction\",\"target\":{\"@type\":\"EntryPoint\",\"urlTemplate\":\"https:\/\/jetxcrashgame.com\/?s={search_term_string}\"},\"query-input\":{\"@type\":\"PropertyValueSpecification\",\"valueRequired\":true,\"valueName\":\"search_term_string\"}}],\"inLanguage\":\"es-ES\"},{\"@type\":\"Organization\",\"@id\":\"https:\/\/jetxcrashgame.com\/#organization\",\"name\":\"JetX\",\"url\":\"https:\/\/jetxcrashgame.com\/\",\"logo\":{\"@type\":\"ImageObject\",\"inLanguage\":\"es-ES\",\"@id\":\"https:\/\/jetxcrashgame.com\/#\/schema\/logo\/image\/\",\"url\":\"https:\/\/jetxcrashgame.com\/wp-content\/uploads\/JetX.png\",\"contentUrl\":\"https:\/\/jetxcrashgame.com\/wp-content\/uploads\/JetX.png\",\"width\":498,\"height\":191,\"caption\":\"JetX\"},\"image\":{\"@id\":\"https:\/\/jetxcrashgame.com\/#\/schema\/logo\/image\/\"}}]}<\/script>\n<!-- \/ Yoast SEO plugin. -->","yoast_head_json":{"title":"Elija un Casino para Jugar JetX3","description":"Es importante seleccionar un casino en l\u00ednea justo y confiable para jugar JetX3. D\u00f3nde jugar JetX3 gratis y con dinero real.","robots":{"index":"index","follow":"follow","max-snippet":"max-snippet:-1","max-image-preview":"max-image-preview:large","max-video-preview":"max-video-preview:-1"},"canonical":"https:\/\/jetxcrashgame.com\/es\/where-to-play-jetx3\/","og_locale":"es_ES","og_type":"article","og_title":"Elija un Casino para Jugar JetX3","og_description":"Es importante seleccionar un casino en l\u00ednea justo y confiable para jugar JetX3. D\u00f3nde jugar JetX3 gratis y con dinero real.","og_url":"https:\/\/jetxcrashgame.com\/es\/where-to-play-jetx3\/","og_site_name":"JetX","article_modified_time":"2024-03-02T13:54:25+00:00","twitter_card":"summary_large_image","twitter_misc":{"Tiempo de lectura":"7 minutos"},"schema":{"@context":"https:\/\/schema.org","@graph":[{"@type":"WebPage","@id":"https:\/\/jetxcrashgame.com\/es\/where-to-play-jetx3\/","url":"https:\/\/jetxcrashgame.com\/es\/where-to-play-jetx3\/","name":"Elija un Casino para Jugar JetX3","isPartOf":{"@id":"https:\/\/jetxcrashgame.com\/#website"},"datePublished":"2024-01-06T21:10:48+00:00","dateModified":"2024-03-02T13:54:25+00:00","description":"Es importante seleccionar un casino en l\u00ednea justo y confiable para jugar JetX3. D\u00f3nde jugar JetX3 gratis y con dinero real.","breadcrumb":{"@id":"https:\/\/jetxcrashgame.com\/es\/where-to-play-jetx3\/#breadcrumb"},"inLanguage":"es-ES","potentialAction":[{"@type":"ReadAction","target":["https:\/\/jetxcrashgame.com\/es\/where-to-play-jetx3\/"]}]},{"@type":"BreadcrumbList","@id":"https:\/\/jetxcrashgame.com\/es\/where-to-play-jetx3\/#breadcrumb","itemListElement":[{"@type":"ListItem","position":1,"name":"Home","item":"https:\/\/jetxcrashgame.com\/"},{"@type":"ListItem","position":2,"name":"\u00bfD\u00f3nde jugar al juego de crash JetX3?"}]},{"@type":"WebSite","@id":"https:\/\/jetxcrashgame.com\/#website","url":"https:\/\/jetxcrashgame.com\/","name":"JetX","description":"Just another WordPress site","publisher":{"@id":"https:\/\/jetxcrashgame.com\/#organization"},"potentialAction":[{"@type":"SearchAction","target":{"@type":"EntryPoint","urlTemplate":"https:\/\/jetxcrashgame.com\/?s={search_term_string}"},"query-input":{"@type":"PropertyValueSpecification","valueRequired":true,"valueName":"search_term_string"}}],"inLanguage":"es-ES"},{"@type":"Organization","@id":"https:\/\/jetxcrashgame.com\/#organization","name":"JetX","url":"https:\/\/jetxcrashgame.com\/","logo":{"@type":"ImageObject","inLanguage":"es-ES","@id":"https:\/\/jetxcrashgame.com\/#\/schema\/logo\/image\/","url":"https:\/\/jetxcrashgame.com\/wp-content\/uploads\/JetX.png","contentUrl":"https:\/\/jetxcrashgame.com\/wp-content\/uploads\/JetX.png","width":498,"height":191,"caption":"JetX"},"image":{"@id":"https:\/\/jetxcrashgame.com\/#\/schema\/logo\/image\/"}}]}},"_links":{"self":[{"href":"https:\/\/jetxcrashgame.com\/es\/wp-json\/wp\/v2\/pages\/10","targetHints":{"allow":["GET"]}}],"collection":[{"href":"https:\/\/jetxcrashgame.com\/es\/wp-json\/wp\/v2\/pages"}],"about":[{"href":"https:\/\/jetxcrashgame.com\/es\/wp-json\/wp\/v2\/types\/page"}],"author":[{"embeddable":true,"href":"https:\/\/jetxcrashgame.com\/es\/wp-json\/wp\/v2\/users\/1"}],"replies":[{"embeddable":true,"href":"https:\/\/jetxcrashgame.com\/es\/wp-json\/wp\/v2\/comments?post=10"}],"version-history":[{"count":20,"href":"https:\/\/jetxcrashgame.com\/es\/wp-json\/wp\/v2\/pages\/10\/revisions"}],"predecessor-version":[{"id":109,"href":"https:\/\/jetxcrashgame.com\/es\/wp-json\/wp\/v2\/pages\/10\/revisions\/109"}],"wp:attachment":[{"href":"https:\/\/jetxcrashgame.com\/es\/wp-json\/wp\/v2\/media?parent=10"}],"curies":[{"name":"wp","href":"https:\/\/api.w.org\/{rel}","templated":true}]}}